{"id":2999,"date":"2022-08-25T12:25:27","date_gmt":"2022-08-25T10:25:27","guid":{"rendered":"https:\/\/finke.pixel-tal.de\/branze\/przeglad-przemyslu\/"},"modified":"2022-09-05T12:26:25","modified_gmt":"2022-09-05T10:26:25","slug":"przeglad-przemyslu","status":"publish","type":"page","link":"https:\/\/finke-colors.eu\/pl\/branze\/przeglad-przemyslu\/","title":{"rendered":"Przegl\u0105d przemys\u0142u"},"content":{"rendered":"<div id='av_section_1'  class='avia-section av-bn92x-f0024e3670d3dd4b126cf19d582a1598 main_color avia-section-default avia-no-border-styling  avia-builder-el-0  el_before_av_section  avia-builder-el-first  pixel-headersection avia-bg-style-scroll container_wrap fullsize'  ><div class='container av-section-cont-open' ><main  role=\"main\" itemprop=\"mainContentOfPage\"  class='template-page content  av-content-full alpha units'><div class='post-entry post-entry-type-page post-entry-2999'><div class='entry-content-wrapper clearfix'>\n\n<style type=\"text\/css\" data-created_by=\"avia_inline_auto\" id=\"style-css-av-au6jx-333098f2a67dee2af250a47a9345ab72\">\n.flex_column.av-au6jx-333098f2a67dee2af250a47a9345ab72{\nborder-radius:0px 0px 0px 0px;\npadding:0px 0px 0px 0px;\n}\n<\/style>\n<div  class='flex_column av-au6jx-333098f2a67dee2af250a47a9345ab72 av_one_full  avia-builder-el-1  avia-builder-el-no-sibling  first flex_column_div av-zero-column-padding  '     ><style type=\"text\/css\" data-created_by=\"avia_inline_auto\" id=\"style-css-av-svyr-a924a732ccd2e8ad29547ea877f46ccb\">\n.avia-image-container.av-svyr-a924a732ccd2e8ad29547ea877f46ccb img.avia_image{\nbox-shadow:none;\n}\n.avia-image-container.av-svyr-a924a732ccd2e8ad29547ea877f46ccb .av-image-caption-overlay-center{\ncolor:#ffffff;\n}\n<\/style>\n<div  class='avia-image-container av-svyr-a924a732ccd2e8ad29547ea877f46ccb av-styling- avia-align-center  avia-builder-el-2  avia-builder-el-no-sibling '   itemprop=\"image\" itemscope=\"itemscope\" itemtype=\"https:\/\/schema.org\/ImageObject\" ><div class=\"avia-image-container-inner\"><div class=\"avia-image-overlay-wrap\"><img decoding=\"async\" fetchpriority=\"high\" class='wp-image-2072 avia-img-lazy-loading-not-2072 avia_image ' src=\"https:\/\/finke-colors.eu\/wp-content\/uploads\/finke_header_branchenuebersicht-1.jpg\" alt='' title='finke_header_branchenuebersicht'  height=\"300\" width=\"1920\"  itemprop=\"thumbnailUrl\" srcset=\"https:\/\/finke-colors.eu\/wp-content\/uploads\/finke_header_branchenuebersicht-1.jpg 1920w, https:\/\/finke-colors.eu\/wp-content\/uploads\/finke_header_branchenuebersicht-1-300x47.jpg 300w, https:\/\/finke-colors.eu\/wp-content\/uploads\/finke_header_branchenuebersicht-1-1030x161.jpg 1030w, https:\/\/finke-colors.eu\/wp-content\/uploads\/finke_header_branchenuebersicht-1-768x120.jpg 768w\" sizes=\"(max-width: 1920px) 100vw, 1920px\" \/><\/div><\/div><\/div><\/div>\n\n<\/div><\/div><\/main><!-- close content main element --><\/div><\/div><div id='av_section_2'  class='avia-section av-bn92x-dd71887e593cad3c4c364519177134af main_color avia-section-default avia-no-border-styling  avia-builder-el-3  el_after_av_section  el_before_av_section  avia-bg-style-scroll container_wrap fullsize'  ><div class='container av-section-cont-open' ><div class='template-page content  av-content-full alpha units'><div class='post-entry post-entry-type-page post-entry-2999'><div class='entry-content-wrapper clearfix'>\n\n<style type=\"text\/css\" data-created_by=\"avia_inline_auto\" id=\"style-css-av-au6jx-e8044f1483d32b3ccf05ec4e5436415c\">\n.flex_column.av-au6jx-e8044f1483d32b3ccf05ec4e5436415c{\nborder-radius:0px 0px 0px 0px;\npadding:0px 0px 0px 0px;\n}\n<\/style>\n<div  class='flex_column av-au6jx-e8044f1483d32b3ccf05ec4e5436415c av_one_full  avia-builder-el-4  el_before_av_one_half  avia-builder-el-first  first flex_column_div av-zero-column-padding  '     ><section  class='av_textblock_section av-kq0vn7sv-811ce98f8d3dfb6b335387e10f5cd36c '   itemscope=\"itemscope\" itemtype=\"https:\/\/schema.org\/CreativeWork\" ><div class='avia_textblock'  itemprop=\"text\" ><h1><strong>Farby do tworzyw sztucznych<\/strong> &#8211; w tych bran\u017cach czujemy si\u0119 jak w domu<\/h1>\n<\/div><\/section><\/div>\n<style type=\"text\/css\" data-created_by=\"avia_inline_auto\" id=\"style-css-av-au6jx-e8044f1483d32b3ccf05ec4e5436415c\">\n.flex_column.av-au6jx-e8044f1483d32b3ccf05ec4e5436415c{\nborder-radius:0px 0px 0px 0px;\npadding:0px 0px 0px 0px;\n}\n<\/style>\n<div  class='flex_column av-au6jx-e8044f1483d32b3ccf05ec4e5436415c av_one_half  avia-builder-el-6  el_after_av_one_full  el_before_av_one_half  first flex_column_div av-zero-column-padding  column-top-margin'     ><section  class='av_textblock_section av-kq0vnbqn-f64b90b2d54398fa5ef681a879ecf713 '   itemscope=\"itemscope\" itemtype=\"https:\/\/schema.org\/CreativeWork\" ><div class='avia_textblock'  itemprop=\"text\" ><p>Nie wszystkie tworzywa sztuczne s\u0105 takie same. Dlatego \u015brodek barwi\u0105cy musi by\u0107 dobrany do rodzaju tworzywa. Rodzaj koloru, kt\u00f3rym barwione jest tworzywo sztuczne, zale\u017cy r\u00f3wnie\u017c w du\u017cej mierze od przeznaczenia produktu ko\u0144cowego: na przyk\u0142ad opakowania z tworzyw sztucznych na \u017cywno\u015b\u0107 i napoje musz\u0105 by\u0107 bezpieczne dla \u017cywno\u015bci i zapewnia\u0107 najlepsz\u0105 mo\u017cliw\u0105 ochron\u0119 zawarto\u015bci, podczas gdy fizjologiczna nieszkodliwo\u015b\u0107 jest absolutnym warunkiem dla plastikowych zabawek dla dzieci. Farby do tworzyw sztucznych na zewn\u0105trz spe\u0142niaj\u0105 inne wymagania ni\u017c farby do tworzyw sztucznych wewn\u0105trz pomieszcze\u0144. Wymagania dotycz\u0105ce przygotowania koloru s\u0105 zatem r\u00f3\u017cne dla poszczeg\u00f3lnych produkt\u00f3w.<\/p>\n<\/div><\/section><\/div>\n<style type=\"text\/css\" data-created_by=\"avia_inline_auto\" id=\"style-css-av-au6jx-c6ccbe3b6eeaf319e026adea3040a16f\">\n.flex_column.av-au6jx-c6ccbe3b6eeaf319e026adea3040a16f{\nborder-radius:0px 0px 0px 0px;\npadding:0px 0px 0px 0px;\n}\n<\/style>\n<div  class='flex_column av-au6jx-c6ccbe3b6eeaf319e026adea3040a16f av_one_half  avia-builder-el-8  el_after_av_one_half  avia-builder-el-last  flex_column_div av-zero-column-padding  column-top-margin'     ><section  class='av_textblock_section av-kq0vnbqn-f64b90b2d54398fa5ef681a879ecf713 '   itemscope=\"itemscope\" itemtype=\"https:\/\/schema.org\/CreativeWork\" ><div class='avia_textblock'  itemprop=\"text\" ><p>W firmie Finke mamy do czynienia z wieloma bran\u017cami i rozwi\u0105zaniami produktowymi, w kt\u00f3rych tworzywa sztuczne s\u0105 stosowane na co dzie\u0144. Dlatego stale pracujemy nad optymalizacj\u0105 naszych produkt\u00f3w, aby mog\u0142y by\u0107 stosowane jak najbardziej uniwersalnie i niezmiennie spe\u0142nia\u0142y podstawowe wymagania, takie jak nieszkodliwo\u015b\u0107 fizjologiczna. Ponadto zawsze b\u0119d\u0105 istnia\u0142y specjalne zastosowania i innowacyjne produkty z tworzyw sztucznych, kt\u00f3re stawiaj\u0105 szczeg\u00f3lne wymagania naszym kolorom. Dzi\u0119ki ponad 70-letniemu do\u015bwiadczeniu w barwieniu tworzyw sztucznych mo\u017cemy w kr\u00f3tkim czasie opracowa\u0107 indywidualne rozwi\u0105zania.<\/p>\n<\/div><\/section><\/div>\n\n<\/div><\/div><\/div><!-- close content main div --><\/div><\/div><div id='av_section_3'  class='avia-section av-klcal6oo-c99fd41c6a27a228c8a16e8fc8aee203 main_color avia-section-default avia-no-border-styling  avia-builder-el-10  el_after_av_section  avia-builder-el-last  branchen-ubersicht avia-bg-style-scroll container_wrap fullsize'  ><div class='container av-section-cont-open' ><div class='template-page content  av-content-full alpha units'><div class='post-entry post-entry-type-page post-entry-2999'><div class='entry-content-wrapper clearfix'>\n\n<style type=\"text\/css\" data-created_by=\"avia_inline_auto\" id=\"style-css-av-bgqlp-62f326697aea70de03a632322b007eff\">\n.flex_column.av-bgqlp-62f326697aea70de03a632322b007eff{\nborder-radius:0px 0px 0px 0px;\npadding:0px 0px 0px 0px;\n}\n<\/style>\n<div  class='flex_column av-bgqlp-62f326697aea70de03a632322b007eff av_one_full  avia-builder-el-11  avia-builder-el-no-sibling  first flex_column_div av-zero-column-padding  '     ><p><br \/>\n<br \/>\n<\/p><\/div>\n","protected":false},"excerpt":{"rendered":"","protected":false},"author":1,"featured_media":0,"parent":2327,"menu_order":0,"comment_status":"closed","ping_status":"closed","template":"","meta":{"_acf_changed":false,"footnotes":""},"wf_page_folders":[],"class_list":["post-2999","page","type-page","status-publish","hentry"],"acf":[],"yoast_head":"<!-- This site is optimized with the Yoast SEO plugin v27.3 - https:\/\/yoast.com\/product\/yoast-seo-wordpress\/ -->\n<title>Kolory tworzyw sztucznych | Przegl\u0105d bran\u017cy | Finke Colors GmbH<\/title>\n<meta name=\"description\" content=\"\u2705 Opakowania z tworzyw sztucznych do \u017cywno\u015bci i napoj\u00f3w, zabawek dla dzieci &amp; wi\u0119cej! \u2705 70 lat do\u015bwiadczenia \u2705 Indywidualne dopasowanie &amp; doradztwo! \u25ba Dowiedz si\u0119 wi\u0119cej teraz!\" \/>\n<meta name=\"robots\" content=\"index, follow, max-snippet:-1, max-image-preview:large, max-video-preview:-1\" \/>\n<link rel=\"canonical\" href=\"https:\/\/finke-colors.eu\/pl\/branze\/przeglad-przemyslu\/\" \/>\n<meta property=\"og:locale\" content=\"pl_PL\" \/>\n<meta property=\"og:type\" content=\"article\" \/>\n<meta property=\"og:title\" content=\"Kolory tworzyw sztucznych | Przegl\u0105d bran\u017cy | Finke Colors GmbH\" \/>\n<meta property=\"og:description\" content=\"\u2705 Opakowania z tworzyw sztucznych do \u017cywno\u015bci i napoj\u00f3w, zabawek dla dzieci &amp; wi\u0119cej! \u2705 70 lat do\u015bwiadczenia \u2705 Indywidualne dopasowanie &amp; doradztwo! \u25ba Dowiedz si\u0119 wi\u0119cej teraz!\" \/>\n<meta property=\"og:url\" content=\"https:\/\/finke-colors.eu\/pl\/branze\/przeglad-przemyslu\/\" \/>\n<meta property=\"og:site_name\" content=\"Finke Colors GmbH\" \/>\n<meta property=\"article:modified_time\" content=\"2022-09-05T10:26:25+00:00\" \/>\n<meta name=\"twitter:card\" content=\"summary_large_image\" \/>\n<meta name=\"twitter:label1\" content=\"Szacowany czas czytania\" \/>\n\t<meta name=\"twitter:data1\" content=\"4 minuty\" \/>\n<script type=\"application\/ld+json\" class=\"yoast-schema-graph\">{\"@context\":\"https:\\\/\\\/schema.org\",\"@graph\":[{\"@type\":\"WebPage\",\"@id\":\"https:\\\/\\\/finke-colors.eu\\\/pl\\\/branze\\\/przeglad-przemyslu\\\/\",\"url\":\"https:\\\/\\\/finke-colors.eu\\\/pl\\\/branze\\\/przeglad-przemyslu\\\/\",\"name\":\"Kolory tworzyw sztucznych | Przegl\u0105d bran\u017cy | Finke Colors GmbH\",\"isPartOf\":{\"@id\":\"https:\\\/\\\/finke-colors.eu\\\/pl\\\/#website\"},\"datePublished\":\"2022-08-25T10:25:27+00:00\",\"dateModified\":\"2022-09-05T10:26:25+00:00\",\"description\":\"\u2705 Opakowania z tworzyw sztucznych do \u017cywno\u015bci i napoj\u00f3w, zabawek dla dzieci & wi\u0119cej! \u2705 70 lat do\u015bwiadczenia \u2705 Indywidualne dopasowanie & doradztwo! \u25ba Dowiedz si\u0119 wi\u0119cej teraz!\",\"breadcrumb\":{\"@id\":\"https:\\\/\\\/finke-colors.eu\\\/pl\\\/branze\\\/przeglad-przemyslu\\\/#breadcrumb\"},\"inLanguage\":\"pl-PL\",\"potentialAction\":[{\"@type\":\"ReadAction\",\"target\":[\"https:\\\/\\\/finke-colors.eu\\\/pl\\\/branze\\\/przeglad-przemyslu\\\/\"]}]},{\"@type\":\"BreadcrumbList\",\"@id\":\"https:\\\/\\\/finke-colors.eu\\\/pl\\\/branze\\\/przeglad-przemyslu\\\/#breadcrumb\",\"itemListElement\":[{\"@type\":\"ListItem\",\"position\":1,\"name\":\"Startseite\",\"item\":\"https:\\\/\\\/finke-colors.eu\\\/pl\\\/\"},{\"@type\":\"ListItem\",\"position\":2,\"name\":\"Bran\u017ce\",\"item\":\"https:\\\/\\\/finke-colors.eu\\\/pl\\\/branchen\\\/\"},{\"@type\":\"ListItem\",\"position\":3,\"name\":\"Przegl\u0105d przemys\u0142u\"}]},{\"@type\":\"WebSite\",\"@id\":\"https:\\\/\\\/finke-colors.eu\\\/pl\\\/#website\",\"url\":\"https:\\\/\\\/finke-colors.eu\\\/pl\\\/\",\"name\":\"Finke Colors GmbH\",\"description\":\"Industrielle Farbe f\u00fcr Kunststoffe\",\"potentialAction\":[{\"@type\":\"SearchAction\",\"target\":{\"@type\":\"EntryPoint\",\"urlTemplate\":\"https:\\\/\\\/finke-colors.eu\\\/pl\\\/?s={search_term_string}\"},\"query-input\":{\"@type\":\"PropertyValueSpecification\",\"valueRequired\":true,\"valueName\":\"search_term_string\"}}],\"inLanguage\":\"pl-PL\"}]}<\/script>\n<!-- \/ Yoast SEO plugin. -->","yoast_head_json":{"title":"Kolory tworzyw sztucznych | Przegl\u0105d bran\u017cy | Finke Colors GmbH","description":"\u2705 Opakowania z tworzyw sztucznych do \u017cywno\u015bci i napoj\u00f3w, zabawek dla dzieci & wi\u0119cej! \u2705 70 lat do\u015bwiadczenia \u2705 Indywidualne dopasowanie & doradztwo! \u25ba Dowiedz si\u0119 wi\u0119cej teraz!","robots":{"index":"index","follow":"follow","max-snippet":"max-snippet:-1","max-image-preview":"max-image-preview:large","max-video-preview":"max-video-preview:-1"},"canonical":"https:\/\/finke-colors.eu\/pl\/branze\/przeglad-przemyslu\/","og_locale":"pl_PL","og_type":"article","og_title":"Kolory tworzyw sztucznych | Przegl\u0105d bran\u017cy | Finke Colors GmbH","og_description":"\u2705 Opakowania z tworzyw sztucznych do \u017cywno\u015bci i napoj\u00f3w, zabawek dla dzieci & wi\u0119cej! \u2705 70 lat do\u015bwiadczenia \u2705 Indywidualne dopasowanie & doradztwo! \u25ba Dowiedz si\u0119 wi\u0119cej teraz!","og_url":"https:\/\/finke-colors.eu\/pl\/branze\/przeglad-przemyslu\/","og_site_name":"Finke Colors GmbH","article_modified_time":"2022-09-05T10:26:25+00:00","twitter_card":"summary_large_image","twitter_misc":{"Szacowany czas czytania":"4 minuty"},"schema":{"@context":"https:\/\/schema.org","@graph":[{"@type":"WebPage","@id":"https:\/\/finke-colors.eu\/pl\/branze\/przeglad-przemyslu\/","url":"https:\/\/finke-colors.eu\/pl\/branze\/przeglad-przemyslu\/","name":"Kolory tworzyw sztucznych | Przegl\u0105d bran\u017cy | Finke Colors GmbH","isPartOf":{"@id":"https:\/\/finke-colors.eu\/pl\/#website"},"datePublished":"2022-08-25T10:25:27+00:00","dateModified":"2022-09-05T10:26:25+00:00","description":"\u2705 Opakowania z tworzyw sztucznych do \u017cywno\u015bci i napoj\u00f3w, zabawek dla dzieci & wi\u0119cej! \u2705 70 lat do\u015bwiadczenia \u2705 Indywidualne dopasowanie & doradztwo! \u25ba Dowiedz si\u0119 wi\u0119cej teraz!","breadcrumb":{"@id":"https:\/\/finke-colors.eu\/pl\/branze\/przeglad-przemyslu\/#breadcrumb"},"inLanguage":"pl-PL","potentialAction":[{"@type":"ReadAction","target":["https:\/\/finke-colors.eu\/pl\/branze\/przeglad-przemyslu\/"]}]},{"@type":"BreadcrumbList","@id":"https:\/\/finke-colors.eu\/pl\/branze\/przeglad-przemyslu\/#breadcrumb","itemListElement":[{"@type":"ListItem","position":1,"name":"Startseite","item":"https:\/\/finke-colors.eu\/pl\/"},{"@type":"ListItem","position":2,"name":"Bran\u017ce","item":"https:\/\/finke-colors.eu\/pl\/branchen\/"},{"@type":"ListItem","position":3,"name":"Przegl\u0105d przemys\u0142u"}]},{"@type":"WebSite","@id":"https:\/\/finke-colors.eu\/pl\/#website","url":"https:\/\/finke-colors.eu\/pl\/","name":"Finke Colors GmbH","description":"Industrielle Farbe f\u00fcr Kunststoffe","potentialAction":[{"@type":"SearchAction","target":{"@type":"EntryPoint","urlTemplate":"https:\/\/finke-colors.eu\/pl\/?s={search_term_string}"},"query-input":{"@type":"PropertyValueSpecification","valueRequired":true,"valueName":"search_term_string"}}],"inLanguage":"pl-PL"}]}},"_links":{"self":[{"href":"https:\/\/finke-colors.eu\/pl\/wp-json\/wp\/v2\/pages\/2999","targetHints":{"allow":["GET"]}}],"collection":[{"href":"https:\/\/finke-colors.eu\/pl\/wp-json\/wp\/v2\/pages"}],"about":[{"href":"https:\/\/finke-colors.eu\/pl\/wp-json\/wp\/v2\/types\/page"}],"author":[{"embeddable":true,"href":"https:\/\/finke-colors.eu\/pl\/wp-json\/wp\/v2\/users\/1"}],"replies":[{"embeddable":true,"href":"https:\/\/finke-colors.eu\/pl\/wp-json\/wp\/v2\/comments?post=2999"}],"version-history":[{"count":3,"href":"https:\/\/finke-colors.eu\/pl\/wp-json\/wp\/v2\/pages\/2999\/revisions"}],"predecessor-version":[{"id":3894,"href":"https:\/\/finke-colors.eu\/pl\/wp-json\/wp\/v2\/pages\/2999\/revisions\/3894"}],"up":[{"embeddable":true,"href":"https:\/\/finke-colors.eu\/pl\/wp-json\/wp\/v2\/pages\/2327"}],"wp:attachment":[{"href":"https:\/\/finke-colors.eu\/pl\/wp-json\/wp\/v2\/media?parent=2999"}],"wp:term":[{"taxonomy":"wf_page_folders","embeddable":true,"href":"https:\/\/finke-colors.eu\/pl\/wp-json\/wp\/v2\/wf_page_folders?post=2999"}],"curies":[{"name":"wp","href":"https:\/\/api.w.org\/{rel}","templated":true}]}}