{"id":2888,"date":"2022-08-25T12:25:23","date_gmt":"2022-08-25T10:25:23","guid":{"rendered":"https:\/\/finke.pixel-tal.de\/uslugi\/techniki-pobierania-probek\/"},"modified":"2024-11-11T13:00:21","modified_gmt":"2024-11-11T12:00:21","slug":"techniki-pobierania-probek","status":"publish","type":"page","link":"https:\/\/finke-colors.eu\/pl\/uslugi\/techniki-pobierania-probek\/","title":{"rendered":"Techniki pobierania pr\u00f3bek"},"content":{"rendered":"<div id='av_section_1'  class='avia-section av-bn92x-f0024e3670d3dd4b126cf19d582a1598 main_color avia-section-default avia-no-border-styling  avia-builder-el-0  el_before_av_section  avia-builder-el-first  pixel-headersection avia-bg-style-scroll container_wrap fullsize'  ><div class='container av-section-cont-open' ><main  role=\"main\" itemprop=\"mainContentOfPage\"  class='template-page content  av-content-full alpha units'><div class='post-entry post-entry-type-page post-entry-2888'><div class='entry-content-wrapper clearfix'>\n\n<style type=\"text\/css\" data-created_by=\"avia_inline_auto\" id=\"style-css-av-au6jx-333098f2a67dee2af250a47a9345ab72\">\n.flex_column.av-au6jx-333098f2a67dee2af250a47a9345ab72{\nborder-radius:0px 0px 0px 0px;\npadding:0px 0px 0px 0px;\n}\n<\/style>\n<div  class='flex_column av-au6jx-333098f2a67dee2af250a47a9345ab72 av_one_full  avia-builder-el-1  avia-builder-el-no-sibling  first flex_column_div av-zero-column-padding  '     ><style type=\"text\/css\" data-created_by=\"avia_inline_auto\" id=\"style-css-av-svyr-8b30435ee26b783cef686b98ae744536\">\n.avia-image-container.av-svyr-8b30435ee26b783cef686b98ae744536 img.avia_image{\nbox-shadow:none;\n}\n.avia-image-container.av-svyr-8b30435ee26b783cef686b98ae744536 .av-image-caption-overlay-center{\ncolor:#ffffff;\n}\n<\/style>\n<div  class='avia-image-container av-svyr-8b30435ee26b783cef686b98ae744536 av-styling- avia-align-center  avia-builder-el-2  avia-builder-el-no-sibling '   itemprop=\"image\" itemscope=\"itemscope\" itemtype=\"https:\/\/schema.org\/ImageObject\" ><div class=\"avia-image-container-inner\"><div class=\"avia-image-overlay-wrap\"><img decoding=\"async\" fetchpriority=\"high\" class='wp-image-2116 avia-img-lazy-loading-not-2116 avia_image ' src=\"https:\/\/finke-colors.eu\/wp-content\/uploads\/finke_header_bemusterungstechniken.jpg\" alt='' title='finke_header_bemusterungstechniken'  height=\"300\" width=\"1920\"  itemprop=\"thumbnailUrl\" srcset=\"https:\/\/finke-colors.eu\/wp-content\/uploads\/finke_header_bemusterungstechniken.jpg 1920w, https:\/\/finke-colors.eu\/wp-content\/uploads\/finke_header_bemusterungstechniken-300x47.jpg 300w, https:\/\/finke-colors.eu\/wp-content\/uploads\/finke_header_bemusterungstechniken-1030x161.jpg 1030w, https:\/\/finke-colors.eu\/wp-content\/uploads\/finke_header_bemusterungstechniken-768x120.jpg 768w\" sizes=\"(max-width: 1920px) 100vw, 1920px\" \/><\/div><\/div><\/div><\/div>\n\n<\/div><\/div><\/main><!-- close content main element --><\/div><\/div><div id='av_section_2'  class='avia-section av-bn92x-dd71887e593cad3c4c364519177134af main_color avia-section-default avia-no-border-styling  avia-builder-el-3  el_after_av_section  el_before_av_section  avia-bg-style-scroll container_wrap fullsize'  ><div class='container av-section-cont-open' ><div class='template-page content  av-content-full alpha units'><div class='post-entry post-entry-type-page post-entry-2888'><div class='entry-content-wrapper clearfix'>\n\n<style type=\"text\/css\" data-created_by=\"avia_inline_auto\" id=\"style-css-av-au6jx-e8044f1483d32b3ccf05ec4e5436415c\">\n.flex_column.av-au6jx-e8044f1483d32b3ccf05ec4e5436415c{\nborder-radius:0px 0px 0px 0px;\npadding:0px 0px 0px 0px;\n}\n<\/style>\n<div  class='flex_column av-au6jx-e8044f1483d32b3ccf05ec4e5436415c av_one_full  avia-builder-el-4  el_before_av_one_half  avia-builder-el-first  first flex_column_div av-zero-column-padding  '     ><section  class='av_textblock_section av-kq0vn7sv-811ce98f8d3dfb6b335387e10f5cd36c '   itemscope=\"itemscope\" itemtype=\"https:\/\/schema.org\/CreativeWork\" ><div class='avia_textblock'  itemprop=\"text\" ><h2><strong>Od teorii do praktyki:<\/strong><br \/>\nNasze techniki pobierania pr\u00f3bek dla kolor\u00f3w tworzyw sztucznych<\/h2>\n<\/div><\/section><\/div>\n<style type=\"text\/css\" data-created_by=\"avia_inline_auto\" id=\"style-css-av-au6jx-e8044f1483d32b3ccf05ec4e5436415c\">\n.flex_column.av-au6jx-e8044f1483d32b3ccf05ec4e5436415c{\nborder-radius:0px 0px 0px 0px;\npadding:0px 0px 0px 0px;\n}\n<\/style>\n<div  class='flex_column av-au6jx-e8044f1483d32b3ccf05ec4e5436415c av_one_half  avia-builder-el-6  el_after_av_one_full  el_before_av_one_half  first flex_column_div av-zero-column-padding  column-top-margin'     ><section  class='av_textblock_section av-kq0vnbqn-f64b90b2d54398fa5ef681a879ecf713 '   itemscope=\"itemscope\" itemtype=\"https:\/\/schema.org\/CreativeWork\" ><div class='avia_textblock'  itemprop=\"text\" ><p>Opracowanie koloru dok\u0142adnie wed\u0142ug \u017cycze\u0144 klienta to jedno. Ale to, czy po\u017c\u0105dany rezultat zostanie osi\u0105gni\u0119ty w aplikacji, to zupe\u0142nie inne pytanie &#8211; i na to mo\u017cemy odpowiedzie\u0107 dok\u0142adnie, produkuj\u0105c pr\u00f3bki produkt\u00f3w.<\/p>\n<p>Za pomoc\u0105 wsp\u00f3lnych urz\u0105dze\u0144 produkcyjnych jeste\u015bmy w stanie symulowa\u0107 r\u00f3\u017cne procesy produkcyjne i stosowa\u0107 dok\u0142adnie tak\u0105 metod\u0119, jak\u0105 klient r\u00f3wnie\u017c stosuje w swojej produkcji.<\/p>\n<\/div><\/section><\/div>\n<style type=\"text\/css\" data-created_by=\"avia_inline_auto\" id=\"style-css-av-au6jx-c6ccbe3b6eeaf319e026adea3040a16f\">\n.flex_column.av-au6jx-c6ccbe3b6eeaf319e026adea3040a16f{\nborder-radius:0px 0px 0px 0px;\npadding:0px 0px 0px 0px;\n}\n<\/style>\n<div  class='flex_column av-au6jx-c6ccbe3b6eeaf319e026adea3040a16f av_one_half  avia-builder-el-8  el_after_av_one_half  avia-builder-el-last  flex_column_div av-zero-column-padding  column-top-margin'     ><section  class='av_textblock_section av-kq0vnbqn-f64b90b2d54398fa5ef681a879ecf713 '   itemscope=\"itemscope\" itemtype=\"https:\/\/schema.org\/CreativeWork\" ><div class='avia_textblock'  itemprop=\"text\" ><p>Nie ma nawet ogranicze\u0144 co do materia\u0142\u00f3w, kt\u00f3re mo\u017cemy wykorzysta\u0107 &#8211; mo\u017cemy przetwarza\u0107 prawie wszystkie termoplastyczne polimery no\u015bne i mie\u0107 je w magazynie.<\/p>\n<p>W ten spos\u00f3b powstaj\u0105 pr\u00f3bki produkt\u00f3w, kt\u00f3re dok\u0142adnie odpowiadaj\u0105 w swoich w\u0142a\u015bciwo\u015bciach technicznych i optycznych produktowi ko\u0144cowemu po\u017c\u0105danemu przez klienta. W ten spos\u00f3b na koniec degustacji nasi klienci trzymaj\u0105 w r\u0119kach jeden lub wi\u0119cej produkt\u00f3w, kt\u00f3re wyra\u017anie pokazuj\u0105, czy dana mieszanka kolorystyczna spe\u0142nia r\u00f3wnie\u017c ich \u017cyczenia i wymagania w zakresie zastosowania.<\/p>\n<\/div><\/section><\/div>\n\n<\/div><\/div><\/div><!-- close content main div --><\/div><\/div><div id='av_section_3'  class='avia-section av-2qmov-59e03fbbebf766dcf3d55da612bf7fd5 main_color avia-section-default avia-no-border-styling  avia-builder-el-10  el_after_av_section  avia-builder-el-last  avia-bg-style-scroll container_wrap fullsize'  ><div class='container av-section-cont-open' ><div class='template-page content  av-content-full alpha units'><div class='post-entry post-entry-type-page post-entry-2888'><div class='entry-content-wrapper clearfix'>\n\n<style type=\"text\/css\" data-created_by=\"avia_inline_auto\" id=\"style-css-av-1b5oj-a4a226b7f80b116ff8c799ff0a2d6154\">\n.flex_column.av-1b5oj-a4a226b7f80b116ff8c799ff0a2d6154{\nborder-radius:0px 0px 0px 0px;\npadding:0px 0px 0px 0px;\n}\n<\/style>\n<div  class='flex_column av-1b5oj-a4a226b7f80b116ff8c799ff0a2d6154 av_one_third  avia-builder-el-11  el_before_av_one_third  avia-builder-el-first  pixel-infobox first flex_column_div av-zero-column-padding  '     ><p>\n<style type=\"text\/css\" data-created_by=\"avia_inline_auto\" id=\"style-css-av-kqjakq9q-a219aa66cc0268fa1de427ce5a95d275\">\n.avia-image-container.av-kqjakq9q-a219aa66cc0268fa1de427ce5a95d275 img.avia_image{\nbox-shadow:none;\n}\n.avia-image-container.av-kqjakq9q-a219aa66cc0268fa1de427ce5a95d275 .av-image-caption-overlay-center{\ncolor:#ffffff;\n}\n<\/style>\n<div  class='avia-image-container av-kqjakq9q-a219aa66cc0268fa1de427ce5a95d275 av-styling- avia-align-center  avia-builder-el-12  el_before_av_textblock  avia-builder-el-first '   itemprop=\"image\" itemscope=\"itemscope\" itemtype=\"https:\/\/schema.org\/ImageObject\" ><div class=\"avia-image-container-inner\"><div class=\"avia-image-overlay-wrap\"><img decoding=\"async\" fetchpriority=\"high\" class='wp-image-2110 avia-img-lazy-loading-not-2110 avia_image ' src=\"https:\/\/finke-colors.eu\/wp-content\/uploads\/finke_bemusterungstechniken_spritzguss.jpg\" alt='' title='finke_bemusterungstechniken_spritzguss'  height=\"200\" width=\"440\"  itemprop=\"thumbnailUrl\" srcset=\"https:\/\/finke-colors.eu\/wp-content\/uploads\/finke_bemusterungstechniken_spritzguss.jpg 440w, https:\/\/finke-colors.eu\/wp-content\/uploads\/finke_bemusterungstechniken_spritzguss-300x136.jpg 300w\" sizes=\"(max-width: 440px) 100vw, 440px\" \/><\/div><\/div><\/div><br \/>\n<section  class='av_textblock_section av-kq0vnbqn-f64b90b2d54398fa5ef681a879ecf713 '   itemscope=\"itemscope\" itemtype=\"https:\/\/schema.org\/CreativeWork\" ><div class='avia_textblock'  itemprop=\"text\" ><h4>Formowanie wtryskowe<\/h4>\n<p>Czy to skrzynka na butelki, czy deska rozdzielcza: wi\u0119kszo\u015b\u0107 artyku\u0142\u00f3w z tworzyw sztucznych jest produkowana metod\u0105 wtryskow\u0105. Dlatego te\u017c mamy kilka pracuj\u0105cych wtryskarek, dzi\u0119ki czemu mo\u017cemy w kr\u00f3tkim czasie wyprodukowa\u0107 pr\u00f3bki produkt\u00f3w dla naszych klient\u00f3w, nawet przy du\u017cym wykorzystaniu mocy produkcyjnych.<\/p>\n<\/div><\/section><\/p><\/div>\n<style type=\"text\/css\" data-created_by=\"avia_inline_auto\" id=\"style-css-av-1b5oj-0c5dca801f91fbc36a173922996d7c9c\">\n.flex_column.av-1b5oj-0c5dca801f91fbc36a173922996d7c9c{\nborder-radius:0px 0px 0px 0px;\npadding:0px 0px 0px 0px;\n}\n<\/style>\n<div  class='flex_column av-1b5oj-0c5dca801f91fbc36a173922996d7c9c av_one_third  avia-builder-el-14  el_after_av_one_third  el_before_av_one_third  pixel-infobox flex_column_div av-zero-column-padding  '     ><p>\n<style type=\"text\/css\" data-created_by=\"avia_inline_auto\" id=\"style-css-av-kqjakq9q-7ff8a66639a457c92ddeed11e0d78503\">\n.avia-image-container.av-kqjakq9q-7ff8a66639a457c92ddeed11e0d78503 img.avia_image{\nbox-shadow:none;\n}\n.avia-image-container.av-kqjakq9q-7ff8a66639a457c92ddeed11e0d78503 .av-image-caption-overlay-center{\ncolor:#ffffff;\n}\n<\/style>\n<div  class='avia-image-container av-kqjakq9q-7ff8a66639a457c92ddeed11e0d78503 av-styling- avia-align-center  avia-builder-el-15  el_before_av_textblock  avia-builder-el-first '   itemprop=\"image\" itemscope=\"itemscope\" itemtype=\"https:\/\/schema.org\/ImageObject\" ><div class=\"avia-image-container-inner\"><div class=\"avia-image-overlay-wrap\"><img decoding=\"async\" fetchpriority=\"high\" class='wp-image-2106 avia-img-lazy-loading-not-2106 avia_image ' src=\"https:\/\/finke-colors.eu\/wp-content\/uploads\/finke_bemusterungstechniken_blasfolienextrusion.jpg\" alt='' title='finke_bemusterungstechniken_blasfolienextrusion'  height=\"200\" width=\"440\"  itemprop=\"thumbnailUrl\" srcset=\"https:\/\/finke-colors.eu\/wp-content\/uploads\/finke_bemusterungstechniken_blasfolienextrusion.jpg 440w, https:\/\/finke-colors.eu\/wp-content\/uploads\/finke_bemusterungstechniken_blasfolienextrusion-300x136.jpg 300w\" sizes=\"(max-width: 440px) 100vw, 440px\" \/><\/div><\/div><\/div><br \/>\n<section  class='av_textblock_section av-kq0vnbqn-f64b90b2d54398fa5ef681a879ecf713 '   itemscope=\"itemscope\" itemtype=\"https:\/\/schema.org\/CreativeWork\" ><div class='avia_textblock'  itemprop=\"text\" ><h4>Wyt\u0142aczanie folii z rozdmuchem<\/h4>\n<p>Za pomoc\u0105 naszej wyt\u0142aczarki do folii rozdmuchiwanej produkujemy folie rozdmuchiwane w rzeczywistych warunkach pracy, takich jak te stosowane w przemy\u015ble spo\u017cywczym. W ten spos\u00f3b mo\u017cna optymalnie symulowa\u0107 zachowanie folii rozdmuchiwanych podczas barwienia.<\/p>\n<\/div><\/section><\/p><\/div>\n<style type=\"text\/css\" data-created_by=\"avia_inline_auto\" id=\"style-css-av-1b5oj-0c5dca801f91fbc36a173922996d7c9c\">\n.flex_column.av-1b5oj-0c5dca801f91fbc36a173922996d7c9c{\nborder-radius:0px 0px 0px 0px;\npadding:0px 0px 0px 0px;\n}\n<\/style>\n<div  class='flex_column av-1b5oj-0c5dca801f91fbc36a173922996d7c9c av_one_third  avia-builder-el-17  el_after_av_one_third  el_before_av_one_third  pixel-infobox flex_column_div av-zero-column-padding  '     ><p>\n<style type=\"text\/css\" data-created_by=\"avia_inline_auto\" id=\"style-css-av-kqjakq9q-e8e8a0d46996482721e55d525880bde1\">\n.avia-image-container.av-kqjakq9q-e8e8a0d46996482721e55d525880bde1 img.avia_image{\nbox-shadow:none;\n}\n.avia-image-container.av-kqjakq9q-e8e8a0d46996482721e55d525880bde1 .av-image-caption-overlay-center{\ncolor:#ffffff;\n}\n<\/style>\n<div  class='avia-image-container av-kqjakq9q-e8e8a0d46996482721e55d525880bde1 av-styling- avia-align-center  avia-builder-el-18  el_before_av_textblock  avia-builder-el-first '   itemprop=\"image\" itemscope=\"itemscope\" itemtype=\"https:\/\/schema.org\/ImageObject\" ><div class=\"avia-image-container-inner\"><div class=\"avia-image-overlay-wrap\"><img decoding=\"async\" fetchpriority=\"high\" class='wp-image-2114 avia-img-lazy-loading-not-2114 avia_image ' src=\"https:\/\/finke-colors.eu\/wp-content\/uploads\/finke_bemusterungstechniken_flachfolienextrusion.jpg\" alt='' title='finke_bemusterungstechniken_flachfolienextrusion'  height=\"200\" width=\"440\"  itemprop=\"thumbnailUrl\" srcset=\"https:\/\/finke-colors.eu\/wp-content\/uploads\/finke_bemusterungstechniken_flachfolienextrusion.jpg 440w, https:\/\/finke-colors.eu\/wp-content\/uploads\/finke_bemusterungstechniken_flachfolienextrusion-300x136.jpg 300w\" sizes=\"(max-width: 440px) 100vw, 440px\" \/><\/div><\/div><\/div><br \/>\n<section  class='av_textblock_section av-kq0vnbqn-f64b90b2d54398fa5ef681a879ecf713 '   itemscope=\"itemscope\" itemtype=\"https:\/\/schema.org\/CreativeWork\" ><div class='avia_textblock'  itemprop=\"text\" ><h4>Wyt\u0142aczanie folii p\u0142askich<\/h4>\n<p>Pobieranie pr\u00f3bek jest szczeg\u00f3lnie wa\u017cne w przypadku folii p\u0142askich, poniewa\u017c tylko w ten spos\u00f3b mo\u017cna wcze\u015bniej dok\u0142adnie sprawdzi\u0107 w\u0142a\u015bciwo\u015bci i trwa\u0142o\u015b\u0107 kolor\u00f3w po\u017c\u0105danego produktu ko\u0144cowego. Dzi\u0119ki naszej wyt\u0142aczarce do folii p\u0142askich produkujemy pr\u00f3bki folii, kt\u00f3re dok\u0142adnie odpowiadaj\u0105 specyfikacji naszych klient\u00f3w.<\/p>\n<\/div><\/section><\/p><\/div>\n<style type=\"text\/css\" data-created_by=\"avia_inline_auto\" id=\"style-css-av-1b5oj-a4a226b7f80b116ff8c799ff0a2d6154\">\n.flex_column.av-1b5oj-a4a226b7f80b116ff8c799ff0a2d6154{\nborder-radius:0px 0px 0px 0px;\npadding:0px 0px 0px 0px;\n}\n<\/style>\n<div  class='flex_column av-1b5oj-a4a226b7f80b116ff8c799ff0a2d6154 av_one_third  avia-builder-el-20  el_after_av_one_third  el_before_av_one_third  pixel-infobox first flex_column_div av-zero-column-padding  column-top-margin'     ><p>\n<style type=\"text\/css\" data-created_by=\"avia_inline_auto\" id=\"style-css-av-kqjakq9q-cdc0a6bf1c479892cf9dc85394826980\">\n.avia-image-container.av-kqjakq9q-cdc0a6bf1c479892cf9dc85394826980 img.avia_image{\nbox-shadow:none;\n}\n.avia-image-container.av-kqjakq9q-cdc0a6bf1c479892cf9dc85394826980 .av-image-caption-overlay-center{\ncolor:#ffffff;\n}\n<\/style>\n<div  class='avia-image-container av-kqjakq9q-cdc0a6bf1c479892cf9dc85394826980 av-styling- avia-align-center  avia-builder-el-21  el_before_av_textblock  avia-builder-el-first '   itemprop=\"image\" itemscope=\"itemscope\" itemtype=\"https:\/\/schema.org\/ImageObject\" ><div class=\"avia-image-container-inner\"><div class=\"avia-image-overlay-wrap\"><img decoding=\"async\" fetchpriority=\"high\" class='wp-image-2108 avia-img-lazy-loading-not-2108 avia_image ' src=\"https:\/\/finke-colors.eu\/wp-content\/uploads\/finke_bemusterungstechniken_hohlkoerperextrusion.jpg\" alt='' title='finke_bemusterungstechniken_hohlkoerperextrusion'  height=\"200\" width=\"440\"  itemprop=\"thumbnailUrl\" srcset=\"https:\/\/finke-colors.eu\/wp-content\/uploads\/finke_bemusterungstechniken_hohlkoerperextrusion.jpg 440w, https:\/\/finke-colors.eu\/wp-content\/uploads\/finke_bemusterungstechniken_hohlkoerperextrusion-300x136.jpg 300w\" sizes=\"(max-width: 440px) 100vw, 440px\" \/><\/div><\/div><\/div><br \/>\n<section  class='av_textblock_section av-kq0vnbqn-f64b90b2d54398fa5ef681a879ecf713 '   itemscope=\"itemscope\" itemtype=\"https:\/\/schema.org\/CreativeWork\" ><div class='avia_textblock'  itemprop=\"text\" ><h4>Wyt\u0142aczanie korpusu pustego<\/h4>\n<p>W naszych halach produkcyjnych posiadamy r\u00f3wnie\u017c odpowiedni sprz\u0119t do produkcji butelek na pr\u00f3bki z PE i PP. Zar\u00f3wno procesy mono-, jak i koekstruzji s\u0105 tutaj wykorzystywane do tworzenia pr\u00f3bek produkt\u00f3w, na przyk\u0142ad butelek stosowanych w przemy\u015ble kosmetycznym.<\/p>\n<\/div><\/section><\/p><\/div>\n<style type=\"text\/css\" data-created_by=\"avia_inline_auto\" id=\"style-css-av-1b5oj-0c5dca801f91fbc36a173922996d7c9c\">\n.flex_column.av-1b5oj-0c5dca801f91fbc36a173922996d7c9c{\nborder-radius:0px 0px 0px 0px;\npadding:0px 0px 0px 0px;\n}\n<\/style>\n<div  class='flex_column av-1b5oj-0c5dca801f91fbc36a173922996d7c9c av_one_third  avia-builder-el-23  el_after_av_one_third  avia-builder-el-last  pixel-infobox flex_column_div av-zero-column-padding  column-top-margin'     ><p>\n<style type=\"text\/css\" data-created_by=\"avia_inline_auto\" id=\"style-css-av-kqjakq9q-6eee5751f7dfa7280e87950a7e156d96\">\n.avia-image-container.av-kqjakq9q-6eee5751f7dfa7280e87950a7e156d96 img.avia_image{\nbox-shadow:none;\n}\n.avia-image-container.av-kqjakq9q-6eee5751f7dfa7280e87950a7e156d96 .av-image-caption-overlay-center{\ncolor:#ffffff;\n}\n<\/style>\n<div  class='avia-image-container av-kqjakq9q-6eee5751f7dfa7280e87950a7e156d96 av-styling- avia-align-center  avia-builder-el-24  el_before_av_textblock  avia-builder-el-first '   itemprop=\"image\" itemscope=\"itemscope\" itemtype=\"https:\/\/schema.org\/ImageObject\" ><div class=\"avia-image-container-inner\"><div class=\"avia-image-overlay-wrap\"><img decoding=\"async\" fetchpriority=\"high\" class='wp-image-2112 avia-img-lazy-loading-not-2112 avia_image ' src=\"https:\/\/finke-colors.eu\/wp-content\/uploads\/finke_bemusterungstechniken_spritzsteckglasformen.jpg\" alt='' title='finke_bemusterungstechniken_spritzsteckglasformen'  height=\"200\" width=\"440\"  itemprop=\"thumbnailUrl\" srcset=\"https:\/\/finke-colors.eu\/wp-content\/uploads\/finke_bemusterungstechniken_spritzsteckglasformen.jpg 440w, https:\/\/finke-colors.eu\/wp-content\/uploads\/finke_bemusterungstechniken_spritzsteckglasformen-300x136.jpg 300w\" sizes=\"(max-width: 440px) 100vw, 440px\" \/><\/div><\/div><\/div><br \/>\n<section  class='av_textblock_section av-kq0vnbqn-07ecf5dda93b8fd98c1642de14626488 '   itemscope=\"itemscope\" itemtype=\"https:\/\/schema.org\/CreativeWork\" ><div class='avia_textblock'  itemprop=\"text\" ><h4>Formowanie z rozdmuchiwaniem<\/h4>\n<p>Barwienie tworzyw sztucznych PET-C (p\u00f3\u0142krystalicznych), kt\u00f3re s\u0105 stosowane np. w przemy\u015ble napoj\u00f3w, mo\u017cna zasymulowa\u0107 w naszej w\u0142asnej rozdmuchiwarce butelek.<\/p>\n<\/div><\/section><\/p><\/div>\n","protected":false},"excerpt":{"rendered":"","protected":false},"author":1,"featured_media":0,"parent":2277,"menu_order":7,"comment_status":"closed","ping_status":"closed","template":"","meta":{"_acf_changed":false,"footnotes":""},"wf_page_folders":[],"class_list":["post-2888","page","type-page","status-publish","hentry"],"acf":[],"yoast_head":"<!-- This site is optimized with the Yoast SEO plugin v27.3 - https:\/\/yoast.com\/product\/yoast-seo-wordpress\/ -->\n<title>Techniki pobierania pr\u00f3bek - Finke Colors GmbH<\/title>\n<meta name=\"robots\" content=\"index, follow, max-snippet:-1, max-image-preview:large, max-video-preview:-1\" \/>\n<link rel=\"canonical\" href=\"https:\/\/finke-colors.eu\/pl\/uslugi\/techniki-pobierania-probek\/\" \/>\n<meta property=\"og:locale\" content=\"pl_PL\" \/>\n<meta property=\"og:type\" content=\"article\" \/>\n<meta property=\"og:title\" content=\"Techniki pobierania pr\u00f3bek - Finke Colors GmbH\" \/>\n<meta property=\"og:url\" content=\"https:\/\/finke-colors.eu\/pl\/uslugi\/techniki-pobierania-probek\/\" \/>\n<meta property=\"og:site_name\" content=\"Finke Colors GmbH\" \/>\n<meta property=\"article:modified_time\" content=\"2024-11-11T12:00:21+00:00\" \/>\n<meta name=\"twitter:card\" content=\"summary_large_image\" \/>\n<meta name=\"twitter:label1\" content=\"Szacowany czas czytania\" \/>\n\t<meta name=\"twitter:data1\" content=\"4 minuty\" \/>\n<script type=\"application\/ld+json\" class=\"yoast-schema-graph\">{\"@context\":\"https:\\\/\\\/schema.org\",\"@graph\":[{\"@type\":\"WebPage\",\"@id\":\"https:\\\/\\\/finke-colors.eu\\\/pl\\\/uslugi\\\/techniki-pobierania-probek\\\/\",\"url\":\"https:\\\/\\\/finke-colors.eu\\\/pl\\\/uslugi\\\/techniki-pobierania-probek\\\/\",\"name\":\"Techniki pobierania pr\u00f3bek - Finke Colors GmbH\",\"isPartOf\":{\"@id\":\"https:\\\/\\\/finke-colors.eu\\\/pl\\\/#website\"},\"datePublished\":\"2022-08-25T10:25:23+00:00\",\"dateModified\":\"2024-11-11T12:00:21+00:00\",\"breadcrumb\":{\"@id\":\"https:\\\/\\\/finke-colors.eu\\\/pl\\\/uslugi\\\/techniki-pobierania-probek\\\/#breadcrumb\"},\"inLanguage\":\"pl-PL\",\"potentialAction\":[{\"@type\":\"ReadAction\",\"target\":[\"https:\\\/\\\/finke-colors.eu\\\/pl\\\/uslugi\\\/techniki-pobierania-probek\\\/\"]}]},{\"@type\":\"BreadcrumbList\",\"@id\":\"https:\\\/\\\/finke-colors.eu\\\/pl\\\/uslugi\\\/techniki-pobierania-probek\\\/#breadcrumb\",\"itemListElement\":[{\"@type\":\"ListItem\",\"position\":1,\"name\":\"Startseite\",\"item\":\"https:\\\/\\\/finke-colors.eu\\\/pl\\\/\"},{\"@type\":\"ListItem\",\"position\":2,\"name\":\"Us\u0142ugi\",\"item\":\"https:\\\/\\\/finke-colors.eu\\\/pl\\\/services\\\/\"},{\"@type\":\"ListItem\",\"position\":3,\"name\":\"Techniki pobierania pr\u00f3bek\"}]},{\"@type\":\"WebSite\",\"@id\":\"https:\\\/\\\/finke-colors.eu\\\/pl\\\/#website\",\"url\":\"https:\\\/\\\/finke-colors.eu\\\/pl\\\/\",\"name\":\"Finke Colors GmbH\",\"description\":\"Industrielle Farbe f\u00fcr Kunststoffe\",\"potentialAction\":[{\"@type\":\"SearchAction\",\"target\":{\"@type\":\"EntryPoint\",\"urlTemplate\":\"https:\\\/\\\/finke-colors.eu\\\/pl\\\/?s={search_term_string}\"},\"query-input\":{\"@type\":\"PropertyValueSpecification\",\"valueRequired\":true,\"valueName\":\"search_term_string\"}}],\"inLanguage\":\"pl-PL\"}]}<\/script>\n<!-- \/ Yoast SEO plugin. -->","yoast_head_json":{"title":"Techniki pobierania pr\u00f3bek - Finke Colors GmbH","robots":{"index":"index","follow":"follow","max-snippet":"max-snippet:-1","max-image-preview":"max-image-preview:large","max-video-preview":"max-video-preview:-1"},"canonical":"https:\/\/finke-colors.eu\/pl\/uslugi\/techniki-pobierania-probek\/","og_locale":"pl_PL","og_type":"article","og_title":"Techniki pobierania pr\u00f3bek - Finke Colors GmbH","og_url":"https:\/\/finke-colors.eu\/pl\/uslugi\/techniki-pobierania-probek\/","og_site_name":"Finke Colors GmbH","article_modified_time":"2024-11-11T12:00:21+00:00","twitter_card":"summary_large_image","twitter_misc":{"Szacowany czas czytania":"4 minuty"},"schema":{"@context":"https:\/\/schema.org","@graph":[{"@type":"WebPage","@id":"https:\/\/finke-colors.eu\/pl\/uslugi\/techniki-pobierania-probek\/","url":"https:\/\/finke-colors.eu\/pl\/uslugi\/techniki-pobierania-probek\/","name":"Techniki pobierania pr\u00f3bek - Finke Colors GmbH","isPartOf":{"@id":"https:\/\/finke-colors.eu\/pl\/#website"},"datePublished":"2022-08-25T10:25:23+00:00","dateModified":"2024-11-11T12:00:21+00:00","breadcrumb":{"@id":"https:\/\/finke-colors.eu\/pl\/uslugi\/techniki-pobierania-probek\/#breadcrumb"},"inLanguage":"pl-PL","potentialAction":[{"@type":"ReadAction","target":["https:\/\/finke-colors.eu\/pl\/uslugi\/techniki-pobierania-probek\/"]}]},{"@type":"BreadcrumbList","@id":"https:\/\/finke-colors.eu\/pl\/uslugi\/techniki-pobierania-probek\/#breadcrumb","itemListElement":[{"@type":"ListItem","position":1,"name":"Startseite","item":"https:\/\/finke-colors.eu\/pl\/"},{"@type":"ListItem","position":2,"name":"Us\u0142ugi","item":"https:\/\/finke-colors.eu\/pl\/services\/"},{"@type":"ListItem","position":3,"name":"Techniki pobierania pr\u00f3bek"}]},{"@type":"WebSite","@id":"https:\/\/finke-colors.eu\/pl\/#website","url":"https:\/\/finke-colors.eu\/pl\/","name":"Finke Colors GmbH","description":"Industrielle Farbe f\u00fcr Kunststoffe","potentialAction":[{"@type":"SearchAction","target":{"@type":"EntryPoint","urlTemplate":"https:\/\/finke-colors.eu\/pl\/?s={search_term_string}"},"query-input":{"@type":"PropertyValueSpecification","valueRequired":true,"valueName":"search_term_string"}}],"inLanguage":"pl-PL"}]}},"_links":{"self":[{"href":"https:\/\/finke-colors.eu\/pl\/wp-json\/wp\/v2\/pages\/2888","targetHints":{"allow":["GET"]}}],"collection":[{"href":"https:\/\/finke-colors.eu\/pl\/wp-json\/wp\/v2\/pages"}],"about":[{"href":"https:\/\/finke-colors.eu\/pl\/wp-json\/wp\/v2\/types\/page"}],"author":[{"embeddable":true,"href":"https:\/\/finke-colors.eu\/pl\/wp-json\/wp\/v2\/users\/1"}],"replies":[{"embeddable":true,"href":"https:\/\/finke-colors.eu\/pl\/wp-json\/wp\/v2\/comments?post=2888"}],"version-history":[{"count":10,"href":"https:\/\/finke-colors.eu\/pl\/wp-json\/wp\/v2\/pages\/2888\/revisions"}],"predecessor-version":[{"id":6545,"href":"https:\/\/finke-colors.eu\/pl\/wp-json\/wp\/v2\/pages\/2888\/revisions\/6545"}],"up":[{"embeddable":true,"href":"https:\/\/finke-colors.eu\/pl\/wp-json\/wp\/v2\/pages\/2277"}],"wp:attachment":[{"href":"https:\/\/finke-colors.eu\/pl\/wp-json\/wp\/v2\/media?parent=2888"}],"wp:term":[{"taxonomy":"wf_page_folders","embeddable":true,"href":"https:\/\/finke-colors.eu\/pl\/wp-json\/wp\/v2\/wf_page_folders?post=2888"}],"curies":[{"name":"wp","href":"https:\/\/api.w.org\/{rel}","templated":true}]}}