{"id":2875,"date":"2022-08-25T12:25:23","date_gmt":"2022-08-25T10:25:23","guid":{"rendered":"https:\/\/finke.pixel-tal.de\/global\/ustawienie-koloru-i-zapytanie-o-produkt\/"},"modified":"2022-08-26T11:25:21","modified_gmt":"2022-08-26T09:25:21","slug":"ustawienie-koloru-i-zapytanie-o-produkt","status":"publish","type":"page","link":"https:\/\/finke-colors.eu\/pl\/global\/ustawienie-koloru-i-zapytanie-o-produkt\/","title":{"rendered":"Ustawienie koloru i zapytanie o produkt"},"content":{"rendered":"<div id='av_section_1'  class='avia-section av-2qmov-59e03fbbebf766dcf3d55da612bf7fd5 main_color avia-section-default avia-no-border-styling  avia-builder-el-0  avia-builder-el-no-sibling  avia-bg-style-scroll container_wrap fullsize'  ><div class='container av-section-cont-open' ><main  role=\"main\" itemprop=\"mainContentOfPage\"  class='template-page content  av-content-full alpha units'><div class='post-entry post-entry-type-page post-entry-2875'><div class='entry-content-wrapper clearfix'>\n\n<style type=\"text\/css\" data-created_by=\"avia_inline_auto\" id=\"style-css-av-1b5oj-5f7638f88f16d2af54668b5070d2275c\">\n.flex_column.av-1b5oj-5f7638f88f16d2af54668b5070d2275c{\nborder-radius:0px 0px 0px 0px;\npadding:0px 0px 0px 0px;\n}\n<\/style>\n<div  class='flex_column av-1b5oj-5f7638f88f16d2af54668b5070d2275c av_one_half  avia-builder-el-1  el_before_av_one_half  avia-builder-el-first  pixel-linkbox first flex_column_div av-zero-column-padding  '     ><p>\n<style type=\"text\/css\" data-created_by=\"avia_inline_auto\" id=\"style-css-av-kqjakq9q-35b05e2c6fef0b3d8d7e75c0cdedb4ae\">\n.avia-image-container.av-kqjakq9q-35b05e2c6fef0b3d8d7e75c0cdedb4ae img.avia_image{\nbox-shadow:none;\n}\n.avia-image-container.av-kqjakq9q-35b05e2c6fef0b3d8d7e75c0cdedb4ae .av-image-caption-overlay-center{\ncolor:#ffffff;\n}\n<\/style>\n<div  class='avia-image-container av-kqjakq9q-35b05e2c6fef0b3d8d7e75c0cdedb4ae av-styling- avia-align-center  avia-builder-el-2  el_before_av_textblock  avia-builder-el-first '   itemprop=\"image\" itemscope=\"itemscope\" itemtype=\"https:\/\/schema.org\/ImageObject\" ><div class=\"avia-image-container-inner\"><div class=\"avia-image-overlay-wrap\"><img decoding=\"async\" fetchpriority=\"high\" class='wp-image-1772 avia-img-lazy-loading-not-1772 avia_image ' src=\"https:\/\/finke-colors.eu\/wp-content\/uploads\/finke_farbeinstellung.jpg\" alt='' title='finke_farbeinstellung'  height=\"236\" width=\"278\"  itemprop=\"thumbnailUrl\"  \/><\/div><\/div><\/div><br \/>\n<section  class='av_textblock_section av-kq0vnbqn-f64b90b2d54398fa5ef681a879ecf713 '   itemscope=\"itemscope\" itemtype=\"https:\/\/schema.org\/CreativeWork\" ><div class='avia_textblock'  itemprop=\"text\" ><h4>Ustawienie kolor\u00f3w<\/h4>\n<p>Wsp\u00f3lnie z naszymi klientami okre\u015blamy wymagania projektowe dotycz\u0105ce ustawienia kolor\u00f3w.<\/p>\n<\/div><\/section><br \/>\n<div  class='avia-button-wrap av-kqjaln51-ec2ccb7fded620d1305ec43b772185f2-wrap avia-button-left  avia-builder-el-4  el_after_av_textblock  avia-builder-el-last '><a href='\/pl\/uslugi\/ustawienie-kolorow\/'  class='avia-button av-kqjaln51-ec2ccb7fded620d1305ec43b772185f2 av-link-btn avia-icon_select-no avia-size-small avia-position-left av-button-notext avia-color-theme-color'   ><span class='avia_iconbox_title' ><\/span><\/a><\/div><\/p><\/div>\n<style type=\"text\/css\" data-created_by=\"avia_inline_auto\" id=\"style-css-av-1b5oj-1b6472c1cf3915027a14c1963f4ed974\">\n.flex_column.av-1b5oj-1b6472c1cf3915027a14c1963f4ed974{\nborder-radius:0px 0px 0px 0px;\npadding:0px 0px 0px 0px;\n}\n<\/style>\n<div  class='flex_column av-1b5oj-1b6472c1cf3915027a14c1963f4ed974 av_one_half  avia-builder-el-5  el_after_av_one_half  avia-builder-el-last  pixel-linkbox flex_column_div av-zero-column-padding  '     ><p>\n<style type=\"text\/css\" data-created_by=\"avia_inline_auto\" id=\"style-css-av-kqjakq9q-dc507623ae0e37fd29f93012c5d2ea3f\">\n.avia-image-container.av-kqjakq9q-dc507623ae0e37fd29f93012c5d2ea3f img.avia_image{\nbox-shadow:none;\n}\n.avia-image-container.av-kqjakq9q-dc507623ae0e37fd29f93012c5d2ea3f .av-image-caption-overlay-center{\ncolor:#ffffff;\n}\n<\/style>\n<div  class='avia-image-container av-kqjakq9q-dc507623ae0e37fd29f93012c5d2ea3f av-styling- avia-align-center  avia-builder-el-6  el_before_av_textblock  avia-builder-el-first '   itemprop=\"image\" itemscope=\"itemscope\" itemtype=\"https:\/\/schema.org\/ImageObject\" ><div class=\"avia-image-container-inner\"><div class=\"avia-image-overlay-wrap\"><img decoding=\"async\" fetchpriority=\"high\" class='wp-image-1775 avia-img-lazy-loading-not-1775 avia_image ' src=\"https:\/\/finke-colors.eu\/wp-content\/uploads\/finke_produktanfrage.jpg\" alt='' title='finke_produktanfrage'  height=\"236\" width=\"278\"  itemprop=\"thumbnailUrl\"  \/><\/div><\/div><\/div><br \/>\n<section  class='av_textblock_section av-kq0vnbqn-f64b90b2d54398fa5ef681a879ecf713 '   itemscope=\"itemscope\" itemtype=\"https:\/\/schema.org\/CreativeWork\" ><div class='avia_textblock'  itemprop=\"text\" ><h4>Zapytanie o produkt<\/h4>\n<p>Potrzebujesz informacji, masz pytania lub chcia\u0142by\u015b uzyska\u0107 wycen\u0119 na produkcj\u0119 koloru? Nast\u0119pnie prosimy o przes\u0142anie nam zapytania.<\/p>\n<\/div><\/section><br \/>\n<div  class='avia-button-wrap av-kqjaln51-af62fb0db569d6e4053285c4fc9c28d4-wrap avia-button-left  avia-builder-el-8  el_after_av_textblock  avia-builder-el-last '><a href='\/pl\/zapytanie-o-produkt\/'  class='avia-button av-kqjaln51-af62fb0db569d6e4053285c4fc9c28d4 av-link-btn avia-icon_select-no avia-size-small avia-position-left av-button-notext avia-color-theme-color'   ><span class='avia_iconbox_title' ><\/span><\/a><\/div><\/p><\/div>\n","protected":false},"excerpt":{"rendered":"","protected":false},"author":1,"featured_media":0,"parent":2356,"menu_order":2,"comment_status":"closed","ping_status":"closed","template":"","meta":{"_acf_changed":false,"footnotes":""},"wf_page_folders":[],"class_list":["post-2875","page","type-page","status-publish","hentry"],"acf":[],"yoast_head":"<!-- This site is optimized with the Yoast SEO plugin v27.3 - https:\/\/yoast.com\/product\/yoast-seo-wordpress\/ -->\n<title>Ustawienie koloru i zapytanie o produkt - Finke Colors GmbH<\/title>\n<meta name=\"robots\" content=\"index, follow, max-snippet:-1, max-image-preview:large, max-video-preview:-1\" \/>\n<link rel=\"canonical\" href=\"https:\/\/finke-colors.eu\/pl\/global\/ustawienie-koloru-i-zapytanie-o-produkt\/\" \/>\n<meta property=\"og:locale\" content=\"pl_PL\" \/>\n<meta property=\"og:type\" content=\"article\" \/>\n<meta property=\"og:title\" content=\"Ustawienie koloru i zapytanie o produkt - Finke Colors GmbH\" \/>\n<meta property=\"og:url\" content=\"https:\/\/finke-colors.eu\/pl\/global\/ustawienie-koloru-i-zapytanie-o-produkt\/\" \/>\n<meta property=\"og:site_name\" content=\"Finke Colors GmbH\" \/>\n<meta property=\"article:modified_time\" content=\"2022-08-26T09:25:21+00:00\" \/>\n<meta name=\"twitter:card\" content=\"summary_large_image\" \/>\n<meta name=\"twitter:label1\" content=\"Szacowany czas czytania\" \/>\n\t<meta name=\"twitter:data1\" content=\"4 minuty\" \/>\n<script type=\"application\/ld+json\" class=\"yoast-schema-graph\">{\"@context\":\"https:\\\/\\\/schema.org\",\"@graph\":[{\"@type\":\"WebPage\",\"@id\":\"https:\\\/\\\/finke-colors.eu\\\/pl\\\/global\\\/ustawienie-koloru-i-zapytanie-o-produkt\\\/\",\"url\":\"https:\\\/\\\/finke-colors.eu\\\/pl\\\/global\\\/ustawienie-koloru-i-zapytanie-o-produkt\\\/\",\"name\":\"Ustawienie koloru i zapytanie o produkt - Finke Colors GmbH\",\"isPartOf\":{\"@id\":\"https:\\\/\\\/finke-colors.eu\\\/pl\\\/#website\"},\"datePublished\":\"2022-08-25T10:25:23+00:00\",\"dateModified\":\"2022-08-26T09:25:21+00:00\",\"breadcrumb\":{\"@id\":\"https:\\\/\\\/finke-colors.eu\\\/pl\\\/global\\\/ustawienie-koloru-i-zapytanie-o-produkt\\\/#breadcrumb\"},\"inLanguage\":\"pl-PL\",\"potentialAction\":[{\"@type\":\"ReadAction\",\"target\":[\"https:\\\/\\\/finke-colors.eu\\\/pl\\\/global\\\/ustawienie-koloru-i-zapytanie-o-produkt\\\/\"]}]},{\"@type\":\"BreadcrumbList\",\"@id\":\"https:\\\/\\\/finke-colors.eu\\\/pl\\\/global\\\/ustawienie-koloru-i-zapytanie-o-produkt\\\/#breadcrumb\",\"itemListElement\":[{\"@type\":\"ListItem\",\"position\":1,\"name\":\"Startseite\",\"item\":\"https:\\\/\\\/finke-colors.eu\\\/pl\\\/\"},{\"@type\":\"ListItem\",\"position\":2,\"name\":\"Global\",\"item\":\"https:\\\/\\\/finke-colors.eu\\\/pl\\\/global\\\/\"},{\"@type\":\"ListItem\",\"position\":3,\"name\":\"Ustawienie koloru i zapytanie o produkt\"}]},{\"@type\":\"WebSite\",\"@id\":\"https:\\\/\\\/finke-colors.eu\\\/pl\\\/#website\",\"url\":\"https:\\\/\\\/finke-colors.eu\\\/pl\\\/\",\"name\":\"Finke Colors GmbH\",\"description\":\"Industrielle Farbe f\u00fcr Kunststoffe\",\"potentialAction\":[{\"@type\":\"SearchAction\",\"target\":{\"@type\":\"EntryPoint\",\"urlTemplate\":\"https:\\\/\\\/finke-colors.eu\\\/pl\\\/?s={search_term_string}\"},\"query-input\":{\"@type\":\"PropertyValueSpecification\",\"valueRequired\":true,\"valueName\":\"search_term_string\"}}],\"inLanguage\":\"pl-PL\"}]}<\/script>\n<!-- \/ Yoast SEO plugin. -->","yoast_head_json":{"title":"Ustawienie koloru i zapytanie o produkt - Finke Colors GmbH","robots":{"index":"index","follow":"follow","max-snippet":"max-snippet:-1","max-image-preview":"max-image-preview:large","max-video-preview":"max-video-preview:-1"},"canonical":"https:\/\/finke-colors.eu\/pl\/global\/ustawienie-koloru-i-zapytanie-o-produkt\/","og_locale":"pl_PL","og_type":"article","og_title":"Ustawienie koloru i zapytanie o produkt - Finke Colors GmbH","og_url":"https:\/\/finke-colors.eu\/pl\/global\/ustawienie-koloru-i-zapytanie-o-produkt\/","og_site_name":"Finke Colors GmbH","article_modified_time":"2022-08-26T09:25:21+00:00","twitter_card":"summary_large_image","twitter_misc":{"Szacowany czas czytania":"4 minuty"},"schema":{"@context":"https:\/\/schema.org","@graph":[{"@type":"WebPage","@id":"https:\/\/finke-colors.eu\/pl\/global\/ustawienie-koloru-i-zapytanie-o-produkt\/","url":"https:\/\/finke-colors.eu\/pl\/global\/ustawienie-koloru-i-zapytanie-o-produkt\/","name":"Ustawienie koloru i zapytanie o produkt - Finke Colors GmbH","isPartOf":{"@id":"https:\/\/finke-colors.eu\/pl\/#website"},"datePublished":"2022-08-25T10:25:23+00:00","dateModified":"2022-08-26T09:25:21+00:00","breadcrumb":{"@id":"https:\/\/finke-colors.eu\/pl\/global\/ustawienie-koloru-i-zapytanie-o-produkt\/#breadcrumb"},"inLanguage":"pl-PL","potentialAction":[{"@type":"ReadAction","target":["https:\/\/finke-colors.eu\/pl\/global\/ustawienie-koloru-i-zapytanie-o-produkt\/"]}]},{"@type":"BreadcrumbList","@id":"https:\/\/finke-colors.eu\/pl\/global\/ustawienie-koloru-i-zapytanie-o-produkt\/#breadcrumb","itemListElement":[{"@type":"ListItem","position":1,"name":"Startseite","item":"https:\/\/finke-colors.eu\/pl\/"},{"@type":"ListItem","position":2,"name":"Global","item":"https:\/\/finke-colors.eu\/pl\/global\/"},{"@type":"ListItem","position":3,"name":"Ustawienie koloru i zapytanie o produkt"}]},{"@type":"WebSite","@id":"https:\/\/finke-colors.eu\/pl\/#website","url":"https:\/\/finke-colors.eu\/pl\/","name":"Finke Colors GmbH","description":"Industrielle Farbe f\u00fcr Kunststoffe","potentialAction":[{"@type":"SearchAction","target":{"@type":"EntryPoint","urlTemplate":"https:\/\/finke-colors.eu\/pl\/?s={search_term_string}"},"query-input":{"@type":"PropertyValueSpecification","valueRequired":true,"valueName":"search_term_string"}}],"inLanguage":"pl-PL"}]}},"_links":{"self":[{"href":"https:\/\/finke-colors.eu\/pl\/wp-json\/wp\/v2\/pages\/2875","targetHints":{"allow":["GET"]}}],"collection":[{"href":"https:\/\/finke-colors.eu\/pl\/wp-json\/wp\/v2\/pages"}],"about":[{"href":"https:\/\/finke-colors.eu\/pl\/wp-json\/wp\/v2\/types\/page"}],"author":[{"embeddable":true,"href":"https:\/\/finke-colors.eu\/pl\/wp-json\/wp\/v2\/users\/1"}],"replies":[{"embeddable":true,"href":"https:\/\/finke-colors.eu\/pl\/wp-json\/wp\/v2\/comments?post=2875"}],"version-history":[{"count":10,"href":"https:\/\/finke-colors.eu\/pl\/wp-json\/wp\/v2\/pages\/2875\/revisions"}],"predecessor-version":[{"id":3426,"href":"https:\/\/finke-colors.eu\/pl\/wp-json\/wp\/v2\/pages\/2875\/revisions\/3426"}],"up":[{"embeddable":true,"href":"https:\/\/finke-colors.eu\/pl\/wp-json\/wp\/v2\/pages\/2356"}],"wp:attachment":[{"href":"https:\/\/finke-colors.eu\/pl\/wp-json\/wp\/v2\/media?parent=2875"}],"wp:term":[{"taxonomy":"wf_page_folders","embeddable":true,"href":"https:\/\/finke-colors.eu\/pl\/wp-json\/wp\/v2\/wf_page_folders?post=2875"}],"curies":[{"name":"wp","href":"https:\/\/api.w.org\/{rel}","templated":true}]}}