{"id":2668,"date":"2022-08-25T12:17:22","date_gmt":"2022-08-25T10:17:22","guid":{"rendered":"https:\/\/finke.pixel-tal.de\/uslugi\/ustawienie-kolorow\/"},"modified":"2022-08-26T12:23:17","modified_gmt":"2022-08-26T10:23:17","slug":"ustawienie-kolorow","status":"publish","type":"page","link":"https:\/\/finke-colors.eu\/pl\/uslugi\/ustawienie-kolorow\/","title":{"rendered":"Ustawienie kolor\u00f3w"},"content":{"rendered":"<div id='av_section_1'  class='avia-section av-bn92x-f0024e3670d3dd4b126cf19d582a1598 main_color avia-section-default avia-no-border-styling  avia-builder-el-0  el_before_av_section  avia-builder-el-first  pixel-headersection avia-bg-style-scroll container_wrap fullsize'  ><div class='container av-section-cont-open' ><main  role=\"main\" itemprop=\"mainContentOfPage\"  class='template-page content  av-content-full alpha units'><div class='post-entry post-entry-type-page post-entry-2668'><div class='entry-content-wrapper clearfix'>\n\n<style type=\"text\/css\" data-created_by=\"avia_inline_auto\" id=\"style-css-av-au6jx-333098f2a67dee2af250a47a9345ab72\">\n.flex_column.av-au6jx-333098f2a67dee2af250a47a9345ab72{\nborder-radius:0px 0px 0px 0px;\npadding:0px 0px 0px 0px;\n}\n<\/style>\n<div  class='flex_column av-au6jx-333098f2a67dee2af250a47a9345ab72 av_one_full  avia-builder-el-1  avia-builder-el-no-sibling  first flex_column_div av-zero-column-padding  '     ><style type=\"text\/css\" data-created_by=\"avia_inline_auto\" id=\"style-css-av-svyr-4265bbe1ab57664298c30d8b344a97d7\">\n.avia-image-container.av-svyr-4265bbe1ab57664298c30d8b344a97d7 img.avia_image{\nbox-shadow:none;\n}\n.avia-image-container.av-svyr-4265bbe1ab57664298c30d8b344a97d7 .av-image-caption-overlay-center{\ncolor:#ffffff;\n}\n<\/style>\n<div  class='avia-image-container av-svyr-4265bbe1ab57664298c30d8b344a97d7 av-styling- avia-align-center  avia-builder-el-2  avia-builder-el-no-sibling '   itemprop=\"image\" itemscope=\"itemscope\" itemtype=\"https:\/\/schema.org\/ImageObject\" ><div class=\"avia-image-container-inner\"><div class=\"avia-image-overlay-wrap\"><img decoding=\"async\" fetchpriority=\"high\" class='wp-image-2076 avia-img-lazy-loading-not-2076 avia_image ' src=\"https:\/\/finke-colors.eu\/wp-content\/uploads\/finke_header_services_farbeinstellung.jpg\" alt='' title='finke_header_services_farbeinstellung'  height=\"300\" width=\"1920\"  itemprop=\"thumbnailUrl\" srcset=\"https:\/\/finke-colors.eu\/wp-content\/uploads\/finke_header_services_farbeinstellung.jpg 1920w, https:\/\/finke-colors.eu\/wp-content\/uploads\/finke_header_services_farbeinstellung-300x47.jpg 300w, https:\/\/finke-colors.eu\/wp-content\/uploads\/finke_header_services_farbeinstellung-1030x161.jpg 1030w, https:\/\/finke-colors.eu\/wp-content\/uploads\/finke_header_services_farbeinstellung-768x120.jpg 768w\" sizes=\"(max-width: 1920px) 100vw, 1920px\" \/><\/div><\/div><\/div><\/div><\/div><\/div><\/main><!-- close content main element --><\/div><\/div><div id='av_section_2'  class='avia-section av-bn92x-dd71887e593cad3c4c364519177134af main_color avia-section-default avia-no-border-styling  avia-builder-el-3  el_after_av_section  el_before_av_hr  avia-bg-style-scroll container_wrap fullsize'  ><div class='container av-section-cont-open' ><div class='template-page content  av-content-full alpha units'><div class='post-entry post-entry-type-page post-entry-2668'><div class='entry-content-wrapper clearfix'>\n\n<style type=\"text\/css\" data-created_by=\"avia_inline_auto\" id=\"style-css-av-au6jx-e8044f1483d32b3ccf05ec4e5436415c\">\n.flex_column.av-au6jx-e8044f1483d32b3ccf05ec4e5436415c{\nborder-radius:0px 0px 0px 0px;\npadding:0px 0px 0px 0px;\n}\n<\/style>\n<div  class='flex_column av-au6jx-e8044f1483d32b3ccf05ec4e5436415c av_one_full  avia-builder-el-4  el_before_av_one_half  avia-builder-el-first  first flex_column_div av-zero-column-padding  '     ><section  class='av_textblock_section av-kq0vn7sv-811ce98f8d3dfb6b335387e10f5cd36c '   itemscope=\"itemscope\" itemtype=\"https:\/\/schema.org\/CreativeWork\" ><div class='avia_textblock'  itemprop=\"text\" ><h2><strong>Zawsze trafiamy we<\/strong> w\u0142a\u015bciw\u0105 nut\u0119<\/h2>\n<\/div><\/section><\/div>\n<style type=\"text\/css\" data-created_by=\"avia_inline_auto\" id=\"style-css-av-au6jx-e8044f1483d32b3ccf05ec4e5436415c\">\n.flex_column.av-au6jx-e8044f1483d32b3ccf05ec4e5436415c{\nborder-radius:0px 0px 0px 0px;\npadding:0px 0px 0px 0px;\n}\n<\/style>\n<div  class='flex_column av-au6jx-e8044f1483d32b3ccf05ec4e5436415c av_one_half  avia-builder-el-6  el_after_av_one_full  el_before_av_one_half  first flex_column_div av-zero-column-padding  column-top-margin'     ><section  class='av_textblock_section av-kq0vnbqn-f64b90b2d54398fa5ef681a879ecf713 '   itemscope=\"itemscope\" itemtype=\"https:\/\/schema.org\/CreativeWork\" ><div class='avia_textblock'  itemprop=\"text\" ><p>Na pocz\u0105tku procesu ustalania koloru nast\u0119puje zazwyczaj intensywna wymiana z naszymi klientami. Wsp\u00f3lnie okre\u015blamy wymagania projektu, badamy pr\u00f3bki kolor\u00f3w i produkt\u00f3w przyniesione przez klienta i omawiamy mieszank\u0119 kolor\u00f3w z naszymi kolorystami.<\/p>\n<p>Drobiazgowa sztuka regulacji kolor\u00f3w to sprawa dla ekspert\u00f3w. Nasi kolory\u015bci s\u0105 do\u015bwiadczonymi specjalistami w mieszaniu kombinacji pigment\u00f3w, aby znale\u017a\u0107 odpowiedni ton. Nietypowe pro\u015bby klient\u00f3w i ciekawe wzory jako szablony nie s\u0105 dla nich problemem. Z ponad 70-letnim do\u015bwiadczeniem i istniej\u0105cym know-how w zakresie kolorymetrii jeste\u015bmy idealnym partnerem dla naszych klient\u00f3w.<\/p>\n<\/div><\/section><\/div>\n<style type=\"text\/css\" data-created_by=\"avia_inline_auto\" id=\"style-css-av-au6jx-c6ccbe3b6eeaf319e026adea3040a16f\">\n.flex_column.av-au6jx-c6ccbe3b6eeaf319e026adea3040a16f{\nborder-radius:0px 0px 0px 0px;\npadding:0px 0px 0px 0px;\n}\n<\/style>\n<div  class='flex_column av-au6jx-c6ccbe3b6eeaf319e026adea3040a16f av_one_half  avia-builder-el-8  el_after_av_one_half  avia-builder-el-last  flex_column_div av-zero-column-padding  column-top-margin'     ><section  class='av_textblock_section av-kq0vnbqn-f64b90b2d54398fa5ef681a879ecf713 '   itemscope=\"itemscope\" itemtype=\"https:\/\/schema.org\/CreativeWork\" ><div class='avia_textblock'  itemprop=\"text\" ><p>Poniewa\u017c wiemy, \u017ce kolor jest tylko tak dobry, jak jego zachowanie w procesie przetwarzania. Dlatego dla nas profesjonalna korekta koloru obejmuje testowanie zachowania opracowanego preparatu kolorystycznego w warunkach specyficznych dla klienta. W tym celu utrzymujemy r\u00f3\u017cne urz\u0105dzenia do pobierania pr\u00f3bek i produkcji, aby m\u00f3c wytwarza\u0107 pr\u00f3bki produkt\u00f3w i kolor\u00f3w w warunkach zgodnych z praktyk\u0105.<\/p>\n<p>Mo\u017cemy odtworzy\u0107 na ma\u0142\u0105 skal\u0119 dok\u0142adnie te technologie, kt\u00f3re s\u0105 r\u00f3wnie\u017c stosowane w produkcji klienta, takie jak formowanie wtryskowe, wyt\u0142aczanie folii p\u0142askiej i rozdmuchiwanej oraz wyt\u0142aczanie z rozdmuchem butelek (PE i PP).<\/p>\n<\/div><\/section><\/div>\n<\/div><\/div><\/div><!-- close content main div --><\/div><\/div><div id='after_section_2'  class='main_color av_default_container_wrap container_wrap fullsize'  ><div class='container av-section-cont-open' ><div class='template-page content  av-content-full alpha units'><div class='post-entry post-entry-type-page post-entry-2668'><div class='entry-content-wrapper clearfix'><\/p>\n<div  class='hr av-kqjerqdu-49d9d6b336f2528c65110ae1baa8c43c hr-big  avia-builder-el-10  el_after_av_section  el_before_av_section  avia-builder-el-no-sibling '><span class='hr-inner '><span class=\"hr-inner-style\"><\/span><\/span><\/div>\n<\/div><\/div><\/div><!-- close content main div --><\/div><\/div><div id='av_section_3'  class='avia-section av-2qmov-59e03fbbebf766dcf3d55da612bf7fd5 main_color avia-section-default avia-no-border-styling  avia-builder-el-11  el_after_av_hr  avia-builder-el-last  avia-bg-style-scroll container_wrap fullsize'  ><div class='container av-section-cont-open' ><div class='template-page content  av-content-full alpha units'><div class='post-entry post-entry-type-page post-entry-2668'><div class='entry-content-wrapper clearfix'>\n\n<style type=\"text\/css\" data-created_by=\"avia_inline_auto\" id=\"style-css-av-au6jx-e8044f1483d32b3ccf05ec4e5436415c\">\n.flex_column.av-au6jx-e8044f1483d32b3ccf05ec4e5436415c{\nborder-radius:0px 0px 0px 0px;\npadding:0px 0px 0px 0px;\n}\n<\/style>\n<div  class='flex_column av-au6jx-e8044f1483d32b3ccf05ec4e5436415c av_one_full  avia-builder-el-12  el_before_av_one_third  avia-builder-el-first  first flex_column_div av-zero-column-padding  '     ><section  class='av_textblock_section av-kq0vn7sv-811ce98f8d3dfb6b335387e10f5cd36c '   itemscope=\"itemscope\" itemtype=\"https:\/\/schema.org\/CreativeWork\" ><div class='avia_textblock'  itemprop=\"text\" ><h2><strong>W kilku krokach<\/strong> do wi\u0105\u017c\u0105cej pr\u00f3bki koloru<\/h2>\n<\/div><\/section><\/div>\n<style type=\"text\/css\" data-created_by=\"avia_inline_auto\" id=\"style-css-av-1b5oj-a4a226b7f80b116ff8c799ff0a2d6154\">\n.flex_column.av-1b5oj-a4a226b7f80b116ff8c799ff0a2d6154{\nborder-radius:0px 0px 0px 0px;\npadding:0px 0px 0px 0px;\n}\n<\/style>\n<div  class='flex_column av-1b5oj-a4a226b7f80b116ff8c799ff0a2d6154 av_one_third  avia-builder-el-14  el_after_av_one_full  el_before_av_one_third  pixel-infobox first flex_column_div av-zero-column-padding  column-top-margin'     ><p>\n<style type=\"text\/css\" data-created_by=\"avia_inline_auto\" id=\"style-css-av-kqjakq9q-54ae82218e2bd08c4e675bbf62e65474\">\n.avia-image-container.av-kqjakq9q-54ae82218e2bd08c4e675bbf62e65474 img.avia_image{\nbox-shadow:none;\n}\n.avia-image-container.av-kqjakq9q-54ae82218e2bd08c4e675bbf62e65474 .av-image-caption-overlay-center{\ncolor:#ffffff;\n}\n<\/style>\n<div  class='avia-image-container av-kqjakq9q-54ae82218e2bd08c4e675bbf62e65474 av-styling- avia-align-center  avia-builder-el-15  el_before_av_textblock  avia-builder-el-first '   itemprop=\"image\" itemscope=\"itemscope\" itemtype=\"https:\/\/schema.org\/ImageObject\" ><div class=\"avia-image-container-inner\"><div class=\"avia-image-overlay-wrap\"><img decoding=\"async\" fetchpriority=\"high\" class='wp-image-1933 avia-img-lazy-loading-not-1933 avia_image ' src=\"https:\/\/finke-colors.eu\/wp-content\/uploads\/finke_farbeinstellungen_kundenbriefing.jpg\" alt='' title='finke_farbeinstellungen_kundenbriefing'  height=\"200\" width=\"440\"  itemprop=\"thumbnailUrl\" srcset=\"https:\/\/finke-colors.eu\/wp-content\/uploads\/finke_farbeinstellungen_kundenbriefing.jpg 440w, https:\/\/finke-colors.eu\/wp-content\/uploads\/finke_farbeinstellungen_kundenbriefing-300x136.jpg 300w\" sizes=\"(max-width: 440px) 100vw, 440px\" \/><\/div><\/div><\/div><br \/>\n<section  class='av_textblock_section av-kq0vnbqn-f64b90b2d54398fa5ef681a879ecf713 '   itemscope=\"itemscope\" itemtype=\"https:\/\/schema.org\/CreativeWork\" ><div class='avia_textblock'  itemprop=\"text\" ><h4>Informacja dla klienta<\/h4>\n<\/div><\/section><\/p><\/div>\n<style type=\"text\/css\" data-created_by=\"avia_inline_auto\" id=\"style-css-av-1b5oj-0c5dca801f91fbc36a173922996d7c9c\">\n.flex_column.av-1b5oj-0c5dca801f91fbc36a173922996d7c9c{\nborder-radius:0px 0px 0px 0px;\npadding:0px 0px 0px 0px;\n}\n<\/style>\n<div  class='flex_column av-1b5oj-0c5dca801f91fbc36a173922996d7c9c av_one_third  avia-builder-el-17  el_after_av_one_third  el_before_av_one_third  pixel-infobox flex_column_div av-zero-column-padding  column-top-margin'     ><p>\n<style type=\"text\/css\" data-created_by=\"avia_inline_auto\" id=\"style-css-av-kqjakq9q-ec82c79d95d17d4f6816e4d8a741da4a\">\n.avia-image-container.av-kqjakq9q-ec82c79d95d17d4f6816e4d8a741da4a img.avia_image{\nbox-shadow:none;\n}\n.avia-image-container.av-kqjakq9q-ec82c79d95d17d4f6816e4d8a741da4a .av-image-caption-overlay-center{\ncolor:#ffffff;\n}\n<\/style>\n<div  class='avia-image-container av-kqjakq9q-ec82c79d95d17d4f6816e4d8a741da4a av-styling- avia-align-center  avia-builder-el-18  el_before_av_textblock  avia-builder-el-first '   itemprop=\"image\" itemscope=\"itemscope\" itemtype=\"https:\/\/schema.org\/ImageObject\" ><div class=\"avia-image-container-inner\"><div class=\"avia-image-overlay-wrap\"><img decoding=\"async\" fetchpriority=\"high\" class='wp-image-1937 avia-img-lazy-loading-not-1937 avia_image ' src=\"https:\/\/finke-colors.eu\/wp-content\/uploads\/finke_farbeinstellungen_koloration.jpg\" alt='' title='finke_farbeinstellungen_koloration'  height=\"200\" width=\"440\"  itemprop=\"thumbnailUrl\" srcset=\"https:\/\/finke-colors.eu\/wp-content\/uploads\/finke_farbeinstellungen_koloration.jpg 440w, https:\/\/finke-colors.eu\/wp-content\/uploads\/finke_farbeinstellungen_koloration-300x136.jpg 300w\" sizes=\"(max-width: 440px) 100vw, 440px\" \/><\/div><\/div><\/div><br \/>\n<section  class='av_textblock_section av-kq0vnbqn-f64b90b2d54398fa5ef681a879ecf713 '   itemscope=\"itemscope\" itemtype=\"https:\/\/schema.org\/CreativeWork\" ><div class='avia_textblock'  itemprop=\"text\" ><h4>Kolorystyka<\/h4>\n<\/div><\/section><\/p><\/div>\n<style type=\"text\/css\" data-created_by=\"avia_inline_auto\" id=\"style-css-av-1b5oj-0c5dca801f91fbc36a173922996d7c9c\">\n.flex_column.av-1b5oj-0c5dca801f91fbc36a173922996d7c9c{\nborder-radius:0px 0px 0px 0px;\npadding:0px 0px 0px 0px;\n}\n<\/style>\n<div  class='flex_column av-1b5oj-0c5dca801f91fbc36a173922996d7c9c av_one_third  avia-builder-el-20  el_after_av_one_third  avia-builder-el-last  pixel-infobox flex_column_div av-zero-column-padding  column-top-margin'     ><p>\n<style type=\"text\/css\" data-created_by=\"avia_inline_auto\" id=\"style-css-av-kqjakq9q-ce6285309f5addaf31086c0617375cfd\">\n.avia-image-container.av-kqjakq9q-ce6285309f5addaf31086c0617375cfd img.avia_image{\nbox-shadow:none;\n}\n.avia-image-container.av-kqjakq9q-ce6285309f5addaf31086c0617375cfd .av-image-caption-overlay-center{\ncolor:#ffffff;\n}\n<\/style>\n<div  class='avia-image-container av-kqjakq9q-ce6285309f5addaf31086c0617375cfd av-styling- avia-align-center  avia-builder-el-21  el_before_av_textblock  avia-builder-el-first '   itemprop=\"image\" itemscope=\"itemscope\" itemtype=\"https:\/\/schema.org\/ImageObject\" ><div class=\"avia-image-container-inner\"><div class=\"avia-image-overlay-wrap\"><img decoding=\"async\" fetchpriority=\"high\" class='wp-image-1935 avia-img-lazy-loading-not-1935 avia_image ' src=\"https:\/\/finke-colors.eu\/wp-content\/uploads\/finke_farbeinstellungen_bemusterung.jpg\" alt='' title='finke_farbeinstellungen_bemusterung'  height=\"200\" width=\"440\"  itemprop=\"thumbnailUrl\" srcset=\"https:\/\/finke-colors.eu\/wp-content\/uploads\/finke_farbeinstellungen_bemusterung.jpg 440w, https:\/\/finke-colors.eu\/wp-content\/uploads\/finke_farbeinstellungen_bemusterung-300x136.jpg 300w\" sizes=\"(max-width: 440px) 100vw, 440px\" \/><\/div><\/div><\/div><br \/>\n<section  class='av_textblock_section av-kq0vnbqn-f64b90b2d54398fa5ef681a879ecf713 '   itemscope=\"itemscope\" itemtype=\"https:\/\/schema.org\/CreativeWork\" ><div class='avia_textblock'  itemprop=\"text\" ><h4>Pobieranie pr\u00f3bek<\/h4>\n<\/div><\/section><\/p><\/div>\n\n","protected":false},"excerpt":{"rendered":"","protected":false},"author":1,"featured_media":0,"parent":2277,"menu_order":3,"comment_status":"closed","ping_status":"closed","template":"","meta":{"_acf_changed":false,"footnotes":""},"wf_page_folders":[],"class_list":["post-2668","page","type-page","status-publish","hentry"],"acf":[],"yoast_head":"<!-- This site is optimized with the Yoast SEO plugin v27.3 - https:\/\/yoast.com\/product\/yoast-seo-wordpress\/ -->\n<title>Ustawienie kolor\u00f3w - Finke Colors GmbH<\/title>\n<meta name=\"robots\" content=\"index, follow, max-snippet:-1, max-image-preview:large, max-video-preview:-1\" \/>\n<link rel=\"canonical\" href=\"https:\/\/finke-colors.eu\/pl\/uslugi\/ustawienie-kolorow\/\" \/>\n<meta property=\"og:locale\" content=\"pl_PL\" \/>\n<meta property=\"og:type\" content=\"article\" \/>\n<meta property=\"og:title\" content=\"Ustawienie kolor\u00f3w - Finke Colors GmbH\" \/>\n<meta property=\"og:url\" content=\"https:\/\/finke-colors.eu\/pl\/uslugi\/ustawienie-kolorow\/\" \/>\n<meta property=\"og:site_name\" content=\"Finke Colors GmbH\" \/>\n<meta property=\"article:modified_time\" content=\"2022-08-26T10:23:17+00:00\" \/>\n<meta name=\"twitter:card\" content=\"summary_large_image\" \/>\n<meta name=\"twitter:label1\" content=\"Szacowany czas czytania\" \/>\n\t<meta name=\"twitter:data1\" content=\"11 minut\" \/>\n<script type=\"application\/ld+json\" class=\"yoast-schema-graph\">{\"@context\":\"https:\\\/\\\/schema.org\",\"@graph\":[{\"@type\":\"WebPage\",\"@id\":\"https:\\\/\\\/finke-colors.eu\\\/pl\\\/uslugi\\\/ustawienie-kolorow\\\/\",\"url\":\"https:\\\/\\\/finke-colors.eu\\\/pl\\\/uslugi\\\/ustawienie-kolorow\\\/\",\"name\":\"Ustawienie kolor\u00f3w - Finke Colors GmbH\",\"isPartOf\":{\"@id\":\"https:\\\/\\\/finke-colors.eu\\\/pl\\\/#website\"},\"datePublished\":\"2022-08-25T10:17:22+00:00\",\"dateModified\":\"2022-08-26T10:23:17+00:00\",\"breadcrumb\":{\"@id\":\"https:\\\/\\\/finke-colors.eu\\\/pl\\\/uslugi\\\/ustawienie-kolorow\\\/#breadcrumb\"},\"inLanguage\":\"pl-PL\",\"potentialAction\":[{\"@type\":\"ReadAction\",\"target\":[\"https:\\\/\\\/finke-colors.eu\\\/pl\\\/uslugi\\\/ustawienie-kolorow\\\/\"]}]},{\"@type\":\"BreadcrumbList\",\"@id\":\"https:\\\/\\\/finke-colors.eu\\\/pl\\\/uslugi\\\/ustawienie-kolorow\\\/#breadcrumb\",\"itemListElement\":[{\"@type\":\"ListItem\",\"position\":1,\"name\":\"Startseite\",\"item\":\"https:\\\/\\\/finke-colors.eu\\\/pl\\\/\"},{\"@type\":\"ListItem\",\"position\":2,\"name\":\"Us\u0142ugi\",\"item\":\"https:\\\/\\\/finke-colors.eu\\\/pl\\\/services\\\/\"},{\"@type\":\"ListItem\",\"position\":3,\"name\":\"Ustawienie kolor\u00f3w\"}]},{\"@type\":\"WebSite\",\"@id\":\"https:\\\/\\\/finke-colors.eu\\\/pl\\\/#website\",\"url\":\"https:\\\/\\\/finke-colors.eu\\\/pl\\\/\",\"name\":\"Finke Colors GmbH\",\"description\":\"Industrielle Farbe f\u00fcr Kunststoffe\",\"potentialAction\":[{\"@type\":\"SearchAction\",\"target\":{\"@type\":\"EntryPoint\",\"urlTemplate\":\"https:\\\/\\\/finke-colors.eu\\\/pl\\\/?s={search_term_string}\"},\"query-input\":{\"@type\":\"PropertyValueSpecification\",\"valueRequired\":true,\"valueName\":\"search_term_string\"}}],\"inLanguage\":\"pl-PL\"}]}<\/script>\n<!-- \/ Yoast SEO plugin. -->","yoast_head_json":{"title":"Ustawienie kolor\u00f3w - Finke Colors GmbH","robots":{"index":"index","follow":"follow","max-snippet":"max-snippet:-1","max-image-preview":"max-image-preview:large","max-video-preview":"max-video-preview:-1"},"canonical":"https:\/\/finke-colors.eu\/pl\/uslugi\/ustawienie-kolorow\/","og_locale":"pl_PL","og_type":"article","og_title":"Ustawienie kolor\u00f3w - Finke Colors GmbH","og_url":"https:\/\/finke-colors.eu\/pl\/uslugi\/ustawienie-kolorow\/","og_site_name":"Finke Colors GmbH","article_modified_time":"2022-08-26T10:23:17+00:00","twitter_card":"summary_large_image","twitter_misc":{"Szacowany czas czytania":"11 minut"},"schema":{"@context":"https:\/\/schema.org","@graph":[{"@type":"WebPage","@id":"https:\/\/finke-colors.eu\/pl\/uslugi\/ustawienie-kolorow\/","url":"https:\/\/finke-colors.eu\/pl\/uslugi\/ustawienie-kolorow\/","name":"Ustawienie kolor\u00f3w - Finke Colors GmbH","isPartOf":{"@id":"https:\/\/finke-colors.eu\/pl\/#website"},"datePublished":"2022-08-25T10:17:22+00:00","dateModified":"2022-08-26T10:23:17+00:00","breadcrumb":{"@id":"https:\/\/finke-colors.eu\/pl\/uslugi\/ustawienie-kolorow\/#breadcrumb"},"inLanguage":"pl-PL","potentialAction":[{"@type":"ReadAction","target":["https:\/\/finke-colors.eu\/pl\/uslugi\/ustawienie-kolorow\/"]}]},{"@type":"BreadcrumbList","@id":"https:\/\/finke-colors.eu\/pl\/uslugi\/ustawienie-kolorow\/#breadcrumb","itemListElement":[{"@type":"ListItem","position":1,"name":"Startseite","item":"https:\/\/finke-colors.eu\/pl\/"},{"@type":"ListItem","position":2,"name":"Us\u0142ugi","item":"https:\/\/finke-colors.eu\/pl\/services\/"},{"@type":"ListItem","position":3,"name":"Ustawienie kolor\u00f3w"}]},{"@type":"WebSite","@id":"https:\/\/finke-colors.eu\/pl\/#website","url":"https:\/\/finke-colors.eu\/pl\/","name":"Finke Colors GmbH","description":"Industrielle Farbe f\u00fcr Kunststoffe","potentialAction":[{"@type":"SearchAction","target":{"@type":"EntryPoint","urlTemplate":"https:\/\/finke-colors.eu\/pl\/?s={search_term_string}"},"query-input":{"@type":"PropertyValueSpecification","valueRequired":true,"valueName":"search_term_string"}}],"inLanguage":"pl-PL"}]}},"_links":{"self":[{"href":"https:\/\/finke-colors.eu\/pl\/wp-json\/wp\/v2\/pages\/2668","targetHints":{"allow":["GET"]}}],"collection":[{"href":"https:\/\/finke-colors.eu\/pl\/wp-json\/wp\/v2\/pages"}],"about":[{"href":"https:\/\/finke-colors.eu\/pl\/wp-json\/wp\/v2\/types\/page"}],"author":[{"embeddable":true,"href":"https:\/\/finke-colors.eu\/pl\/wp-json\/wp\/v2\/users\/1"}],"replies":[{"embeddable":true,"href":"https:\/\/finke-colors.eu\/pl\/wp-json\/wp\/v2\/comments?post=2668"}],"version-history":[{"count":9,"href":"https:\/\/finke-colors.eu\/pl\/wp-json\/wp\/v2\/pages\/2668\/revisions"}],"predecessor-version":[{"id":3546,"href":"https:\/\/finke-colors.eu\/pl\/wp-json\/wp\/v2\/pages\/2668\/revisions\/3546"}],"up":[{"embeddable":true,"href":"https:\/\/finke-colors.eu\/pl\/wp-json\/wp\/v2\/pages\/2277"}],"wp:attachment":[{"href":"https:\/\/finke-colors.eu\/pl\/wp-json\/wp\/v2\/media?parent=2668"}],"wp:term":[{"taxonomy":"wf_page_folders","embeddable":true,"href":"https:\/\/finke-colors.eu\/pl\/wp-json\/wp\/v2\/wf_page_folders?post=2668"}],"curies":[{"name":"wp","href":"https:\/\/api.w.org\/{rel}","templated":true}]}}