{"id":2475,"date":"2022-08-25T12:17:10","date_gmt":"2022-08-25T10:17:10","guid":{"rendered":"https:\/\/finke.pixel-tal.de\/zrownowazony-rozwoj\/recykling\/"},"modified":"2022-09-05T12:20:02","modified_gmt":"2022-09-05T10:20:02","slug":"recykling","status":"publish","type":"page","link":"https:\/\/finke-colors.eu\/pl\/zrownowazony-rozwoj\/recykling\/","title":{"rendered":"Recykling"},"content":{"rendered":"<div id='av_section_1'  class='avia-section av-bn92x-f0024e3670d3dd4b126cf19d582a1598 main_color avia-section-default avia-no-border-styling  avia-builder-el-0  el_before_av_section  avia-builder-el-first  pixel-headersection avia-bg-style-scroll container_wrap fullsize'  ><div class='container av-section-cont-open' ><main  role=\"main\" itemprop=\"mainContentOfPage\"  class='template-page content  av-content-full alpha units'><div class='post-entry post-entry-type-page post-entry-2475'><div class='entry-content-wrapper clearfix'>\n\n<style type=\"text\/css\" data-created_by=\"avia_inline_auto\" id=\"style-css-av-au6jx-333098f2a67dee2af250a47a9345ab72\">\n.flex_column.av-au6jx-333098f2a67dee2af250a47a9345ab72{\nborder-radius:0px 0px 0px 0px;\npadding:0px 0px 0px 0px;\n}\n<\/style>\n<div  class='flex_column av-au6jx-333098f2a67dee2af250a47a9345ab72 av_one_full  avia-builder-el-1  avia-builder-el-no-sibling  first flex_column_div av-zero-column-padding  '     ><style type=\"text\/css\" data-created_by=\"avia_inline_auto\" id=\"style-css-av-svyr-e0953c4ae95c0abb841c79702be02bd8\">\n.avia-image-container.av-svyr-e0953c4ae95c0abb841c79702be02bd8 img.avia_image{\nbox-shadow:none;\n}\n.avia-image-container.av-svyr-e0953c4ae95c0abb841c79702be02bd8 .av-image-caption-overlay-center{\ncolor:#ffffff;\n}\n<\/style>\n<div  class='avia-image-container av-svyr-e0953c4ae95c0abb841c79702be02bd8 av-styling- avia-align-center  avia-builder-el-2  avia-builder-el-no-sibling '   itemprop=\"image\" itemscope=\"itemscope\" itemtype=\"https:\/\/schema.org\/ImageObject\" ><div class=\"avia-image-container-inner\"><div class=\"avia-image-overlay-wrap\"><img decoding=\"async\" fetchpriority=\"high\" class='wp-image-2166 avia-img-lazy-loading-not-2166 avia_image ' src=\"https:\/\/finke-colors.eu\/wp-content\/uploads\/finke_header_recycling_02.jpg\" alt='' title='finke_header_recycling_02'  height=\"300\" width=\"1920\"  itemprop=\"thumbnailUrl\" srcset=\"https:\/\/finke-colors.eu\/wp-content\/uploads\/finke_header_recycling_02.jpg 1920w, https:\/\/finke-colors.eu\/wp-content\/uploads\/finke_header_recycling_02-300x47.jpg 300w, https:\/\/finke-colors.eu\/wp-content\/uploads\/finke_header_recycling_02-1030x161.jpg 1030w, https:\/\/finke-colors.eu\/wp-content\/uploads\/finke_header_recycling_02-768x120.jpg 768w\" sizes=\"(max-width: 1920px) 100vw, 1920px\" \/><\/div><\/div><\/div><\/div><\/div><\/div><\/main><!-- close content main element --><\/div><\/div><div id='av_section_2'  class='avia-section av-bn92x-dd71887e593cad3c4c364519177134af main_color avia-section-default avia-no-border-styling  avia-builder-el-3  el_after_av_section  el_before_av_section  avia-bg-style-scroll container_wrap fullsize'  ><div class='container av-section-cont-open' ><div class='template-page content  av-content-full alpha units'><div class='post-entry post-entry-type-page post-entry-2475'><div class='entry-content-wrapper clearfix'>\n\n<style type=\"text\/css\" data-created_by=\"avia_inline_auto\" id=\"style-css-av-au6jx-e8044f1483d32b3ccf05ec4e5436415c\">\n.flex_column.av-au6jx-e8044f1483d32b3ccf05ec4e5436415c{\nborder-radius:0px 0px 0px 0px;\npadding:0px 0px 0px 0px;\n}\n<\/style>\n<div  class='flex_column av-au6jx-e8044f1483d32b3ccf05ec4e5436415c av_one_full  avia-builder-el-4  el_before_av_one_full  avia-builder-el-first  first flex_column_div av-zero-column-padding  '     ><section  class='av_textblock_section av-kq0vn7sv-811ce98f8d3dfb6b335387e10f5cd36c '   itemscope=\"itemscope\" itemtype=\"https:\/\/schema.org\/CreativeWork\" ><div class='avia_textblock'  itemprop=\"text\" ><h1><strong>Recykling<\/strong><\/h1>\n<\/div><\/section><\/div>\n<style type=\"text\/css\" data-created_by=\"avia_inline_auto\" id=\"style-css-av-au6jx-e8044f1483d32b3ccf05ec4e5436415c\">\n.flex_column.av-au6jx-e8044f1483d32b3ccf05ec4e5436415c{\nborder-radius:0px 0px 0px 0px;\npadding:0px 0px 0px 0px;\n}\n<\/style>\n<div  class='flex_column av-au6jx-e8044f1483d32b3ccf05ec4e5436415c av_one_full  avia-builder-el-6  el_after_av_one_full  avia-builder-el-last  first flex_column_div av-zero-column-padding  column-top-margin'     ><section  class='av_textblock_section av-kq0vnbqn-f64b90b2d54398fa5ef681a879ecf713 '   itemscope=\"itemscope\" itemtype=\"https:\/\/schema.org\/CreativeWork\" ><div class='avia_textblock'  itemprop=\"text\" ><p>Recykling zamiast wyrzucania: Temat recyklingu odgrywa dla nas bardzo wa\u017cn\u0105 rol\u0119, tak\u017ce je\u015bli chodzi o zr\u00f3wnowa\u017cone kolory tworzyw sztucznych.<\/p>\n<\/div><\/section><\/div>\n<\/p>\n<\/div><\/div><\/div><!-- close content main div --><\/div><\/div><div id='av_section_3'  class='avia-section av-bn92x-dd71887e593cad3c4c364519177134af main_color avia-section-default avia-no-border-styling  avia-builder-el-8  el_after_av_section  el_before_av_section  avia-bg-style-scroll container_wrap fullsize'  ><div class='container av-section-cont-open' ><div class='template-page content  av-content-full alpha units'><div class='post-entry post-entry-type-page post-entry-2475'><div class='entry-content-wrapper clearfix'>\n\n<style type=\"text\/css\" data-created_by=\"avia_inline_auto\" id=\"style-css-av-au6jx-e8044f1483d32b3ccf05ec4e5436415c\">\n.flex_column.av-au6jx-e8044f1483d32b3ccf05ec4e5436415c{\nborder-radius:0px 0px 0px 0px;\npadding:0px 0px 0px 0px;\n}\n<\/style>\n<div  class='flex_column av-au6jx-e8044f1483d32b3ccf05ec4e5436415c av_one_full  avia-builder-el-9  el_before_av_one_full  avia-builder-el-first  first flex_column_div av-zero-column-padding  '     ><section  class='av_textblock_section av-kq0vn7sv-811ce98f8d3dfb6b335387e10f5cd36c '   itemscope=\"itemscope\" itemtype=\"https:\/\/schema.org\/CreativeWork\" ><div class='avia_textblock'  itemprop=\"text\" ><h2><strong>Masterbatche<\/strong> na bazie rPET<\/h2>\n<\/div><\/section><\/div>\n<style type=\"text\/css\" data-created_by=\"avia_inline_auto\" id=\"style-css-av-au6jx-e8044f1483d32b3ccf05ec4e5436415c\">\n.flex_column.av-au6jx-e8044f1483d32b3ccf05ec4e5436415c{\nborder-radius:0px 0px 0px 0px;\npadding:0px 0px 0px 0px;\n}\n<\/style>\n<div  class='flex_column av-au6jx-e8044f1483d32b3ccf05ec4e5436415c av_one_full  avia-builder-el-11  el_after_av_one_full  avia-builder-el-last  first flex_column_div av-zero-column-padding  column-top-margin'     ><section  class='av_textblock_section av-kq0vnbqn-f64b90b2d54398fa5ef681a879ecf713 '   itemscope=\"itemscope\" itemtype=\"https:\/\/schema.org\/CreativeWork\" ><div class='avia_textblock'  itemprop=\"text\" ><p>Szczeg\u00f3ln\u0105 cech\u0105 naszych nowo opracowanych masterbatchy Fibarec dla tworzyw sztucznych jest to, \u017ce jako polimery no\u015bne stosujemy w nich wy\u0142\u0105cznie materia\u0142y pochodz\u0105ce z recyklingu. Recyklaty te pochodz\u0105 albo z odpad\u00f3w domowych, tzw. recyklaty pokonsumpcyjne (PCR), albo z odpad\u00f3w produkcyjnych z przemys\u0142u. Tak wi\u0119c wszystkie masterbatche Fibarec s\u0105 oparte na rPET, ale mog\u0105 by\u0107 przetwarzane tak samo jak masterbatche oparte na materiale pierwotnym.<\/p>\n<\/div><\/section><\/div>\n\n<\/div><\/div><\/div><!-- close content main div --><\/div><\/div><div id='av_section_4'  class='avia-section av-bn92x-dd71887e593cad3c4c364519177134af main_color avia-section-default avia-no-border-styling  avia-builder-el-13  el_after_av_section  el_before_av_hr  avia-bg-style-scroll container_wrap fullsize'  ><div class='container av-section-cont-open' ><div class='template-page content  av-content-full alpha units'><div class='post-entry post-entry-type-page post-entry-2475'><div class='entry-content-wrapper clearfix'>\n\n<style type=\"text\/css\" data-created_by=\"avia_inline_auto\" id=\"style-css-av-au6jx-e8044f1483d32b3ccf05ec4e5436415c\">\n.flex_column.av-au6jx-e8044f1483d32b3ccf05ec4e5436415c{\nborder-radius:0px 0px 0px 0px;\npadding:0px 0px 0px 0px;\n}\n<\/style>\n<div  class='flex_column av-au6jx-e8044f1483d32b3ccf05ec4e5436415c av_one_half  avia-builder-el-14  el_before_av_one_half  avia-builder-el-first  first flex_column_div av-zero-column-padding  '     ><section  class='av_textblock_section av-kq0vn7sv-811ce98f8d3dfb6b335387e10f5cd36c '   itemscope=\"itemscope\" itemtype=\"https:\/\/schema.org\/CreativeWork\" ><div class='avia_textblock'  itemprop=\"text\" ><h2><strong>Certyfikat ISCC Plus<\/strong><\/h2>\n<\/div><\/section><br \/>\n<section  class='av_textblock_section av-kq0vnbqn-f64b90b2d54398fa5ef681a879ecf713 '   itemscope=\"itemscope\" itemtype=\"https:\/\/schema.org\/CreativeWork\" ><div class='avia_textblock'  itemprop=\"text\" ><p>Certyfikat ISCC Plus, kt\u00f3ry otrzymali\u015bmy dla zak\u0142adu w Wuppertalu w lutym 2022 roku, r\u00f3wnie\u017c pokazuje, \u017ce recykling jest spraw\u0105 blisk\u0105 naszemu sercu.<\/p>\n<p>ISCC Plus (International Sustainability and Carbon Certification) to standard dla materia\u0142\u00f3w pochodz\u0105cych z recyklingu i bioprodukt\u00f3w. Certyfikacja umo\u017cliwia \u015bledzenie tych materia\u0142\u00f3w wzd\u0142u\u017c \u0142a\u0144cucha warto\u015bci i stawia firm\u0119 Finke w pozycji umo\u017cliwiaj\u0105cej przypisanie udzia\u0142u zr\u00f3wnowa\u017conych surowc\u00f3w &#8211; na przyk\u0142ad recyklat\u00f3w lub materia\u0142\u00f3w pochodzenia biologicznego &#8211; do swoich produkt\u00f3w.<\/p>\n<\/div><\/section><\/p><\/div>\n<style type=\"text\/css\" data-created_by=\"avia_inline_auto\" id=\"style-css-av-au6jx-c6ccbe3b6eeaf319e026adea3040a16f\">\n.flex_column.av-au6jx-c6ccbe3b6eeaf319e026adea3040a16f{\nborder-radius:0px 0px 0px 0px;\npadding:0px 0px 0px 0px;\n}\n<\/style>\n<div  class='flex_column av-au6jx-c6ccbe3b6eeaf319e026adea3040a16f av_one_half  avia-builder-el-17  el_after_av_one_half  avia-builder-el-last  flex_column_div av-zero-column-padding  '     ><style type=\"text\/css\" data-created_by=\"avia_inline_auto\" id=\"style-css-av-l4fc7g7f-e36b7906556ab02ce6776e784fabf1f2\">\n.avia-image-container.av-l4fc7g7f-e36b7906556ab02ce6776e784fabf1f2 img.avia_image{\nbox-shadow:none;\n}\n.avia-image-container.av-l4fc7g7f-e36b7906556ab02ce6776e784fabf1f2 .av-image-caption-overlay-center{\ncolor:#ffffff;\n}\n<\/style>\n<div  class='avia-image-container av-l4fc7g7f-e36b7906556ab02ce6776e784fabf1f2 av-styling- avia-align-center  avia-builder-el-18  avia-builder-el-no-sibling '   itemprop=\"image\" itemscope=\"itemscope\" itemtype=\"https:\/\/schema.org\/ImageObject\" ><div class=\"avia-image-container-inner\"><div class=\"avia-image-overlay-wrap\"><img decoding=\"async\" fetchpriority=\"high\" class='wp-image-2160 avia-img-lazy-loading-not-2160 avia_image ' src=\"https:\/\/finke-colors.eu\/wp-content\/uploads\/bild_nachhaltigkeit_recyclen_ISCC-zertifizierung.jpg\" alt='' title='bild_nachhaltigkeit_recyclen_ISCC-zertifizierung'  height=\"519\" width=\"940\"  itemprop=\"thumbnailUrl\" srcset=\"https:\/\/finke-colors.eu\/wp-content\/uploads\/bild_nachhaltigkeit_recyclen_ISCC-zertifizierung.jpg 940w, https:\/\/finke-colors.eu\/wp-content\/uploads\/bild_nachhaltigkeit_recyclen_ISCC-zertifizierung-300x166.jpg 300w, https:\/\/finke-colors.eu\/wp-content\/uploads\/bild_nachhaltigkeit_recyclen_ISCC-zertifizierung-768x424.jpg 768w\" sizes=\"(max-width: 940px) 100vw, 940px\" \/><\/div><\/div><\/div><\/div>\n<\/div><\/div><\/div><!-- close content main div --><\/div><\/div><div id='after_section_4'  class='main_color av_default_container_wrap container_wrap fullsize'  ><div class='container av-section-cont-open' ><div class='template-page content  av-content-full alpha units'><div class='post-entry post-entry-type-page post-entry-2475'><div class='entry-content-wrapper clearfix'>\n<div  class='hr av-kq2cm3lg-5a8672cc9cccf22beea849968c74c6f4 hr-big  avia-builder-el-19  el_after_av_section  el_before_av_postcontent  avia-builder-el-no-sibling '><span class='hr-inner '><span class=\"hr-inner-style\"><\/span><\/span><\/div>\n[av_section min_height='' min_height_pc='25' min_height_px='500px' padding='default' custom_margin='0px' custom_margin_sync='true' color='main_color' background='bg_color' custom_bg='' background_gradient_color1='' background_gradient_color2='' background_gradient_direction='vertical' src='' attachment='' attachment_size='' attach='scroll' position='top left' repeat='no-repeat' video='' video_ratio='16:9' overlay_opacity='0.5' overlay_color='' overlay_pattern='' overlay_custom_pattern='' shadow='no-border-styling' bottom_border='no-border-styling' bottom_border_diagonal_color='#333333' bottom_border_diagonal_direction='' bottom_border_style='' custom_arrow_bg='' id='kontaktformular' custom_class='pixel-kontaktblock' aria_label='' av_element_hidden_in_editor='0' av_uid='av-336yh']\r\n\r\n[av_one_full first min_height='' vertical_alignment='' space='' row_boxshadow='' row_boxshadow_color='' row_boxshadow_width='10' custom_margin='' margin='0px' mobile_breaking='' border='' border_color='' radius='0px' padding='0px' column_boxshadow='' column_boxshadow_color='' column_boxshadow_width='10' background='bg_color' background_color='' background_gradient_color1='' background_gradient_color2='' background_gradient_direction='vertical' src='' background_position='top left' background_repeat='no-repeat' highlight='' highlight_size='' animation='' link='' linktarget='' link_hover='' title_attr='' alt_attr='' mobile_display='' id='' custom_class='' aria_label='' av_uid='av-2vhpx']\r\n\r\n[av_textblock size='' av-medium-font-size='' av-small-font-size='' av-mini-font-size='' font_color='' color='' id='' custom_class='' av_uid='av-kq0vnbqn' admin_preview_bg='']\r\n<h2><strong>Skontaktuj si\u0119 teraz<\/strong><\/h2>\r\n[\/av_textblock]\r\n\r\n[av_textblock size='' av-medium-font-size='' av-small-font-size='' av-mini-font-size='' font_color='' color='' id='' custom_class='' av_uid='av-kq0vnbqn' admin_preview_bg='']\r\nJak bardzo mo\u017ce by\u0107 kolorowo?\r\nCzy maj\u0105 Pa\u0144stwo pytania dotycz\u0105ce barwnik\u00f3w i dodatk\u00f3w dostosowanych do potrzeb klienta dla ca\u0142ego spektrum polimer\u00f3w?\r\nMamy dla Ciebie odpowiednie odpowiedzi.\r\n[\/av_textblock]\r\n\r\n[\/av_one_full][av_one_fourth first min_height='' vertical_alignment='av-align-top' space='' row_boxshadow_color='' row_boxshadow_width='10' margin='0px' margin_sync='true' mobile_breaking='' border='' border_color='' radius='0px' radius_sync='true' padding='0px' padding_sync='true' column_boxshadow_color='' column_boxshadow_width='10' background='bg_color' background_color='' background_gradient_color1='' background_gradient_color2='' background_gradient_direction='vertical' src='' attachment='' attachment_size='' background_position='top left' background_repeat='no-repeat' highlight_size='1.1' animation='' link='' linktarget='' link_hover='' title_attr='' alt_attr='' mobile_display='' id='' custom_class='' aria_label='' av_uid='av-2vhpx']\r\n\r\n[av_team_member name='' job='' src='https:\/\/finke-colors.eu\/wp-content\/uploads\/finke_kontakt.jpg' attachment='3946' attachment_size='full' image_width='' description='<a href=\"tel:+49202709060\">+49 202 70906-0<\/a>\r\n<a href=\"mailto:info@finke-colors.de\">info@finke-colors.de<\/a>' font_color='' custom_title='' custom_content='' lazy_loading='disabled' id='' custom_class='' av_uid='av-kq0weszn' admin_preview_bg=''][\/av_team_member]\r\n\r\n[\/av_one_fourth][av_three_fourth min_height='' vertical_alignment='av-align-top' space='' row_boxshadow_color='' row_boxshadow_width='10' margin='0px' margin_sync='true' mobile_breaking='' border='' border_color='' radius='0px' radius_sync='true' padding='0px' padding_sync='true' column_boxshadow_color='' column_boxshadow_width='10' background='bg_color' background_color='' background_gradient_color1='' background_gradient_color2='' background_gradient_direction='vertical' src='' attachment='' attachment_size='' background_position='top left' background_repeat='no-repeat' highlight_size='1.1' animation='' link='' linktarget='' link_hover='' title_attr='' alt_attr='' mobile_display='' id='' custom_class='' aria_label='' av_uid='av-2vhpx']\r\n\r\n[av_codeblock wrapper_element='' wrapper_element_attributes='' codeblock_type='' alb_description='' id='' custom_class='' av_uid='av-kq0wf9or']\r\n[contact-form-7 id=\"39\" title=\"Kontaktformular\"]\r\n[\/av_codeblock]\r\n\r\n[\/av_three_fourth][\/av_section]\n","protected":false},"excerpt":{"rendered":"","protected":false},"author":1,"featured_media":0,"parent":2302,"menu_order":2,"comment_status":"closed","ping_status":"closed","template":"","meta":{"_acf_changed":false,"footnotes":""},"wf_page_folders":[],"class_list":["post-2475","page","type-page","status-publish","hentry"],"acf":[],"yoast_head":"<!-- This site is optimized with the Yoast SEO plugin v27.3 - https:\/\/yoast.com\/product\/yoast-seo-wordpress\/ -->\n<title>Recykling i zr\u00f3wnowa\u017cone kolory | Finke Colors GmbH<\/title>\n<meta name=\"description\" content=\"Nasze polimery no\u015bnikowe: odpady z gospodarstw domowych i produkcji przemys\u0142owej. Posiadamy certyfikat ISCC Plus! Dowiedz si\u0119 o nas wi\u0119cej ju\u017c teraz!\" \/>\n<meta name=\"robots\" content=\"index, follow, max-snippet:-1, max-image-preview:large, max-video-preview:-1\" \/>\n<link rel=\"canonical\" href=\"https:\/\/finke-colors.eu\/pl\/zrownowazony-rozwoj\/recykling\/\" \/>\n<meta property=\"og:locale\" content=\"pl_PL\" \/>\n<meta property=\"og:type\" content=\"article\" \/>\n<meta property=\"og:title\" content=\"Recykling i zr\u00f3wnowa\u017cone kolory | Finke Colors GmbH\" \/>\n<meta property=\"og:description\" content=\"Nasze polimery no\u015bnikowe: odpady z gospodarstw domowych i produkcji przemys\u0142owej. Posiadamy certyfikat ISCC Plus! Dowiedz si\u0119 o nas wi\u0119cej ju\u017c teraz!\" \/>\n<meta property=\"og:url\" content=\"https:\/\/finke-colors.eu\/pl\/zrownowazony-rozwoj\/recykling\/\" \/>\n<meta property=\"og:site_name\" content=\"Finke Colors GmbH\" \/>\n<meta property=\"article:modified_time\" content=\"2022-09-05T10:20:02+00:00\" \/>\n<meta name=\"twitter:card\" content=\"summary_large_image\" \/>\n<meta name=\"twitter:label1\" content=\"Szacowany czas czytania\" \/>\n\t<meta name=\"twitter:data1\" content=\"5 minut\" \/>\n<script type=\"application\/ld+json\" class=\"yoast-schema-graph\">{\"@context\":\"https:\\\/\\\/schema.org\",\"@graph\":[{\"@type\":\"WebPage\",\"@id\":\"https:\\\/\\\/finke-colors.eu\\\/pl\\\/zrownowazony-rozwoj\\\/recykling\\\/\",\"url\":\"https:\\\/\\\/finke-colors.eu\\\/pl\\\/zrownowazony-rozwoj\\\/recykling\\\/\",\"name\":\"Recykling i zr\u00f3wnowa\u017cone kolory | Finke Colors GmbH\",\"isPartOf\":{\"@id\":\"https:\\\/\\\/finke-colors.eu\\\/pl\\\/#website\"},\"datePublished\":\"2022-08-25T10:17:10+00:00\",\"dateModified\":\"2022-09-05T10:20:02+00:00\",\"description\":\"Nasze polimery no\u015bnikowe: odpady z gospodarstw domowych i produkcji przemys\u0142owej. Posiadamy certyfikat ISCC Plus! Dowiedz si\u0119 o nas wi\u0119cej ju\u017c teraz!\",\"breadcrumb\":{\"@id\":\"https:\\\/\\\/finke-colors.eu\\\/pl\\\/zrownowazony-rozwoj\\\/recykling\\\/#breadcrumb\"},\"inLanguage\":\"pl-PL\",\"potentialAction\":[{\"@type\":\"ReadAction\",\"target\":[\"https:\\\/\\\/finke-colors.eu\\\/pl\\\/zrownowazony-rozwoj\\\/recykling\\\/\"]}]},{\"@type\":\"BreadcrumbList\",\"@id\":\"https:\\\/\\\/finke-colors.eu\\\/pl\\\/zrownowazony-rozwoj\\\/recykling\\\/#breadcrumb\",\"itemListElement\":[{\"@type\":\"ListItem\",\"position\":1,\"name\":\"Startseite\",\"item\":\"https:\\\/\\\/finke-colors.eu\\\/pl\\\/\"},{\"@type\":\"ListItem\",\"position\":2,\"name\":\"Zr\u00f3wnowa\u017cony rozw\u00f3j\",\"item\":\"https:\\\/\\\/finke-colors.eu\\\/pl\\\/nachhaltigkeit\\\/\"},{\"@type\":\"ListItem\",\"position\":3,\"name\":\"Recykling\"}]},{\"@type\":\"WebSite\",\"@id\":\"https:\\\/\\\/finke-colors.eu\\\/pl\\\/#website\",\"url\":\"https:\\\/\\\/finke-colors.eu\\\/pl\\\/\",\"name\":\"Finke Colors GmbH\",\"description\":\"Industrielle Farbe f\u00fcr Kunststoffe\",\"potentialAction\":[{\"@type\":\"SearchAction\",\"target\":{\"@type\":\"EntryPoint\",\"urlTemplate\":\"https:\\\/\\\/finke-colors.eu\\\/pl\\\/?s={search_term_string}\"},\"query-input\":{\"@type\":\"PropertyValueSpecification\",\"valueRequired\":true,\"valueName\":\"search_term_string\"}}],\"inLanguage\":\"pl-PL\"}]}<\/script>\n<!-- \/ Yoast SEO plugin. -->","yoast_head_json":{"title":"Recykling i zr\u00f3wnowa\u017cone kolory | Finke Colors GmbH","description":"Nasze polimery no\u015bnikowe: odpady z gospodarstw domowych i produkcji przemys\u0142owej. Posiadamy certyfikat ISCC Plus! Dowiedz si\u0119 o nas wi\u0119cej ju\u017c teraz!","robots":{"index":"index","follow":"follow","max-snippet":"max-snippet:-1","max-image-preview":"max-image-preview:large","max-video-preview":"max-video-preview:-1"},"canonical":"https:\/\/finke-colors.eu\/pl\/zrownowazony-rozwoj\/recykling\/","og_locale":"pl_PL","og_type":"article","og_title":"Recykling i zr\u00f3wnowa\u017cone kolory | Finke Colors GmbH","og_description":"Nasze polimery no\u015bnikowe: odpady z gospodarstw domowych i produkcji przemys\u0142owej. Posiadamy certyfikat ISCC Plus! Dowiedz si\u0119 o nas wi\u0119cej ju\u017c teraz!","og_url":"https:\/\/finke-colors.eu\/pl\/zrownowazony-rozwoj\/recykling\/","og_site_name":"Finke Colors GmbH","article_modified_time":"2022-09-05T10:20:02+00:00","twitter_card":"summary_large_image","twitter_misc":{"Szacowany czas czytania":"5 minut"},"schema":{"@context":"https:\/\/schema.org","@graph":[{"@type":"WebPage","@id":"https:\/\/finke-colors.eu\/pl\/zrownowazony-rozwoj\/recykling\/","url":"https:\/\/finke-colors.eu\/pl\/zrownowazony-rozwoj\/recykling\/","name":"Recykling i zr\u00f3wnowa\u017cone kolory | Finke Colors GmbH","isPartOf":{"@id":"https:\/\/finke-colors.eu\/pl\/#website"},"datePublished":"2022-08-25T10:17:10+00:00","dateModified":"2022-09-05T10:20:02+00:00","description":"Nasze polimery no\u015bnikowe: odpady z gospodarstw domowych i produkcji przemys\u0142owej. Posiadamy certyfikat ISCC Plus! Dowiedz si\u0119 o nas wi\u0119cej ju\u017c teraz!","breadcrumb":{"@id":"https:\/\/finke-colors.eu\/pl\/zrownowazony-rozwoj\/recykling\/#breadcrumb"},"inLanguage":"pl-PL","potentialAction":[{"@type":"ReadAction","target":["https:\/\/finke-colors.eu\/pl\/zrownowazony-rozwoj\/recykling\/"]}]},{"@type":"BreadcrumbList","@id":"https:\/\/finke-colors.eu\/pl\/zrownowazony-rozwoj\/recykling\/#breadcrumb","itemListElement":[{"@type":"ListItem","position":1,"name":"Startseite","item":"https:\/\/finke-colors.eu\/pl\/"},{"@type":"ListItem","position":2,"name":"Zr\u00f3wnowa\u017cony rozw\u00f3j","item":"https:\/\/finke-colors.eu\/pl\/nachhaltigkeit\/"},{"@type":"ListItem","position":3,"name":"Recykling"}]},{"@type":"WebSite","@id":"https:\/\/finke-colors.eu\/pl\/#website","url":"https:\/\/finke-colors.eu\/pl\/","name":"Finke Colors GmbH","description":"Industrielle Farbe f\u00fcr Kunststoffe","potentialAction":[{"@type":"SearchAction","target":{"@type":"EntryPoint","urlTemplate":"https:\/\/finke-colors.eu\/pl\/?s={search_term_string}"},"query-input":{"@type":"PropertyValueSpecification","valueRequired":true,"valueName":"search_term_string"}}],"inLanguage":"pl-PL"}]}},"_links":{"self":[{"href":"https:\/\/finke-colors.eu\/pl\/wp-json\/wp\/v2\/pages\/2475","targetHints":{"allow":["GET"]}}],"collection":[{"href":"https:\/\/finke-colors.eu\/pl\/wp-json\/wp\/v2\/pages"}],"about":[{"href":"https:\/\/finke-colors.eu\/pl\/wp-json\/wp\/v2\/types\/page"}],"author":[{"embeddable":true,"href":"https:\/\/finke-colors.eu\/pl\/wp-json\/wp\/v2\/users\/1"}],"replies":[{"embeddable":true,"href":"https:\/\/finke-colors.eu\/pl\/wp-json\/wp\/v2\/comments?post=2475"}],"version-history":[{"count":7,"href":"https:\/\/finke-colors.eu\/pl\/wp-json\/wp\/v2\/pages\/2475\/revisions"}],"predecessor-version":[{"id":3890,"href":"https:\/\/finke-colors.eu\/pl\/wp-json\/wp\/v2\/pages\/2475\/revisions\/3890"}],"up":[{"embeddable":true,"href":"https:\/\/finke-colors.eu\/pl\/wp-json\/wp\/v2\/pages\/2302"}],"wp:attachment":[{"href":"https:\/\/finke-colors.eu\/pl\/wp-json\/wp\/v2\/media?parent=2475"}],"wp:term":[{"taxonomy":"wf_page_folders","embeddable":true,"href":"https:\/\/finke-colors.eu\/pl\/wp-json\/wp\/v2\/wf_page_folders?post=2475"}],"curies":[{"name":"wp","href":"https:\/\/api.w.org\/{rel}","templated":true}]}}