{"id":2963,"date":"2022-08-25T12:25:26","date_gmt":"2022-08-25T10:25:26","guid":{"rendered":"https:\/\/finke.pixel-tal.de\/branches\/apercu-des-branches\/"},"modified":"2023-10-04T15:43:03","modified_gmt":"2023-10-04T13:43:03","slug":"apercu-des-branches","status":"publish","type":"page","link":"https:\/\/finke-colors.eu\/fr\/branches\/apercu-des-branches\/","title":{"rendered":"Aper\u00e7u des branches"},"content":{"rendered":"<div id='av_section_1'  class='avia-section av-bn92x-f0024e3670d3dd4b126cf19d582a1598 main_color avia-section-default avia-no-border-styling  avia-builder-el-0  el_before_av_section  avia-builder-el-first  pixel-headersection avia-bg-style-scroll container_wrap fullsize'  ><div class='container av-section-cont-open' ><main  role=\"main\" itemprop=\"mainContentOfPage\"  class='template-page content  av-content-full alpha units'><div class='post-entry post-entry-type-page post-entry-2963'><div class='entry-content-wrapper clearfix'>\n\n<style type=\"text\/css\" data-created_by=\"avia_inline_auto\" id=\"style-css-av-au6jx-333098f2a67dee2af250a47a9345ab72\">\n.flex_column.av-au6jx-333098f2a67dee2af250a47a9345ab72{\nborder-radius:0px 0px 0px 0px;\npadding:0px 0px 0px 0px;\n}\n<\/style>\n<div  class='flex_column av-au6jx-333098f2a67dee2af250a47a9345ab72 av_one_full  avia-builder-el-1  avia-builder-el-no-sibling  first flex_column_div av-zero-column-padding  '     ><style type=\"text\/css\" data-created_by=\"avia_inline_auto\" id=\"style-css-av-svyr-569eb657ec2d76d2ad8f0b5d1ad88b7d\">\n.avia-image-container.av-svyr-569eb657ec2d76d2ad8f0b5d1ad88b7d img.avia_image{\nbox-shadow:none;\n}\n.avia-image-container.av-svyr-569eb657ec2d76d2ad8f0b5d1ad88b7d .av-image-caption-overlay-center{\ncolor:#ffffff;\n}\n<\/style>\n<div  class='avia-image-container av-svyr-569eb657ec2d76d2ad8f0b5d1ad88b7d av-styling- avia-align-center  avia-builder-el-2  avia-builder-el-no-sibling '   itemprop=\"image\" itemscope=\"itemscope\" itemtype=\"https:\/\/schema.org\/ImageObject\" ><div class=\"avia-image-container-inner\"><div class=\"avia-image-overlay-wrap\"><img decoding=\"async\" fetchpriority=\"high\" class='wp-image-2071 avia-img-lazy-loading-not-2071 avia_image ' src=\"https:\/\/finke-colors.eu\/wp-content\/uploads\/finke_header_branchenuebersicht-1.jpg\" alt='' title='finke_header_branchenuebersicht'  height=\"300\" width=\"1920\"  itemprop=\"thumbnailUrl\" srcset=\"https:\/\/finke-colors.eu\/wp-content\/uploads\/finke_header_branchenuebersicht-1.jpg 1920w, https:\/\/finke-colors.eu\/wp-content\/uploads\/finke_header_branchenuebersicht-1-300x47.jpg 300w, https:\/\/finke-colors.eu\/wp-content\/uploads\/finke_header_branchenuebersicht-1-1030x161.jpg 1030w, https:\/\/finke-colors.eu\/wp-content\/uploads\/finke_header_branchenuebersicht-1-768x120.jpg 768w\" sizes=\"(max-width: 1920px) 100vw, 1920px\" \/><\/div><\/div><\/div><\/div>\n\n<\/div><\/div><\/main><!-- close content main element --><\/div><\/div><div id='av_section_2'  class='avia-section av-bn92x-dd71887e593cad3c4c364519177134af main_color avia-section-default avia-no-border-styling  avia-builder-el-3  el_after_av_section  el_before_av_section  avia-bg-style-scroll container_wrap fullsize'  ><div class='container av-section-cont-open' ><div class='template-page content  av-content-full alpha units'><div class='post-entry post-entry-type-page post-entry-2963'><div class='entry-content-wrapper clearfix'>\n\n<style type=\"text\/css\" data-created_by=\"avia_inline_auto\" id=\"style-css-av-au6jx-e8044f1483d32b3ccf05ec4e5436415c\">\n.flex_column.av-au6jx-e8044f1483d32b3ccf05ec4e5436415c{\nborder-radius:0px 0px 0px 0px;\npadding:0px 0px 0px 0px;\n}\n<\/style>\n<div  class='flex_column av-au6jx-e8044f1483d32b3ccf05ec4e5436415c av_one_full  avia-builder-el-4  el_before_av_one_half  avia-builder-el-first  first flex_column_div av-zero-column-padding  '     ><section  class='av_textblock_section av-kq0vn7sv-811ce98f8d3dfb6b335387e10f5cd36c '   itemscope=\"itemscope\" itemtype=\"https:\/\/schema.org\/CreativeWork\" ><div class='avia_textblock'  itemprop=\"text\" ><h1><strong>Colorants pour plastiques<\/strong> &#8211; nous sommes chez nous dans ces branches<\/h1>\n<\/div><\/section><\/div>\n<style type=\"text\/css\" data-created_by=\"avia_inline_auto\" id=\"style-css-av-au6jx-e8044f1483d32b3ccf05ec4e5436415c\">\n.flex_column.av-au6jx-e8044f1483d32b3ccf05ec4e5436415c{\nborder-radius:0px 0px 0px 0px;\npadding:0px 0px 0px 0px;\n}\n<\/style>\n<div  class='flex_column av-au6jx-e8044f1483d32b3ccf05ec4e5436415c av_one_half  avia-builder-el-6  el_after_av_one_full  el_before_av_one_half  first flex_column_div av-zero-column-padding  column-top-margin'     ><section  class='av_textblock_section av-kq0vnbqn-f64b90b2d54398fa5ef681a879ecf713 '   itemscope=\"itemscope\" itemtype=\"https:\/\/schema.org\/CreativeWork\" ><div class='avia_textblock'  itemprop=\"text\" ><p>Tous les plastiques ne sont pas identiques. C&rsquo;est pourquoi le produit de coloration doit \u00eatre adapt\u00e9 au type de plastique. Le type de couleur utilis\u00e9 pour colorer le plastique d\u00e9pend \u00e9galement de l&rsquo;utilisation finale du produit : les emballages plastiques des aliments et des boissons, par exemple, doivent \u00eatre aptes au contact alimentaire et prot\u00e9ger au mieux leur contenu, tandis que les jouets en plastique pour enfants doivent \u00eatre absolument inoffensifs sur le plan physiologique. Les colorants pour plastiques d&rsquo;ext\u00e9rieur r\u00e9pondent \u00e0 d&rsquo;autres exigences que les colorants pour plastiques d&rsquo;int\u00e9rieur. Les exigences en mati\u00e8re de pr\u00e9paration des couleurs varient donc d&rsquo;un produit \u00e0 l&rsquo;autre.<\/p>\n<\/div><\/section><\/div>\n<style type=\"text\/css\" data-created_by=\"avia_inline_auto\" id=\"style-css-av-au6jx-c6ccbe3b6eeaf319e026adea3040a16f\">\n.flex_column.av-au6jx-c6ccbe3b6eeaf319e026adea3040a16f{\nborder-radius:0px 0px 0px 0px;\npadding:0px 0px 0px 0px;\n}\n<\/style>\n<div  class='flex_column av-au6jx-c6ccbe3b6eeaf319e026adea3040a16f av_one_half  avia-builder-el-8  el_after_av_one_half  avia-builder-el-last  flex_column_div av-zero-column-padding  column-top-margin'     ><section  class='av_textblock_section av-kq0vnbqn-f64b90b2d54398fa5ef681a879ecf713 '   itemscope=\"itemscope\" itemtype=\"https:\/\/schema.org\/CreativeWork\" ><div class='avia_textblock'  itemprop=\"text\" ><p>Chez Finke, nous sommes quotidiennement confront\u00e9s \u00e0 de nombreuses branches et solutions de produits dans lesquelles les mati\u00e8res plastiques sont utilis\u00e9es. C&rsquo;est pourquoi nous nous effor\u00e7ons en permanence d&rsquo;optimiser nos produits afin qu&rsquo;ils puissent \u00eatre utilis\u00e9s de la mani\u00e8re la plus universelle possible et qu&rsquo;ils r\u00e9pondent syst\u00e9matiquement aux exigences fondamentales telles que l&rsquo;innocuit\u00e9 physiologique. En outre, il y aura toujours des applications sp\u00e9ciales et des produits plastiques innovants qui posent des exigences particuli\u00e8res \u00e0 nos colorants. Avec plus de 70 ans d&rsquo;exp\u00e9rience dans la coloration des plastiques, nous pouvons d\u00e9velopper des solutions personnalis\u00e9es dans un d\u00e9lai tr\u00e8s court.<\/p>\n<\/div><\/section><\/div>\n\n<\/div><\/div><\/div><!-- close content main div --><\/div><\/div><div id='av_section_3'  class='avia-section av-klcal6oo-c99fd41c6a27a228c8a16e8fc8aee203 main_color avia-section-default avia-no-border-styling  avia-builder-el-10  el_after_av_section  avia-builder-el-last  branchen-ubersicht avia-bg-style-scroll container_wrap fullsize'  ><div class='container av-section-cont-open' ><div class='template-page content  av-content-full alpha units'><div class='post-entry post-entry-type-page post-entry-2963'><div class='entry-content-wrapper clearfix'>\n\n<style type=\"text\/css\" data-created_by=\"avia_inline_auto\" id=\"style-css-av-bgqlp-62f326697aea70de03a632322b007eff\">\n.flex_column.av-bgqlp-62f326697aea70de03a632322b007eff{\nborder-radius:0px 0px 0px 0px;\npadding:0px 0px 0px 0px;\n}\n<\/style>\n<div  class='flex_column av-bgqlp-62f326697aea70de03a632322b007eff av_one_full  avia-builder-el-11  avia-builder-el-no-sibling  first flex_column_div av-zero-column-padding  '     ><p><br \/>\n<br \/>\n<\/p><\/div>\n","protected":false},"excerpt":{"rendered":"","protected":false},"author":1,"featured_media":0,"parent":2298,"menu_order":0,"comment_status":"closed","ping_status":"closed","template":"","meta":{"_acf_changed":false,"footnotes":""},"wf_page_folders":[],"class_list":["post-2963","page","type-page","status-publish","hentry"],"acf":[],"yoast_head":"<!-- This site is optimized with the Yoast SEO plugin v27.3 - https:\/\/yoast.com\/product\/yoast-seo-wordpress\/ -->\n<title>Peintures pour plastiques | Aper\u00e7u de la branche | Finke Colors GmbH<\/title>\n<meta name=\"description\" content=\"\u2705 Emballages plastiques de nourriture et de boissons, jouets pour enfants &amp; plus encore ! \u2705 70 ans d&#039;exp\u00e9rience \u2705 Personnalisation &amp; conseil ! \u25ba En savoir plus maintenant !\" \/>\n<meta name=\"robots\" content=\"index, follow, max-snippet:-1, max-image-preview:large, max-video-preview:-1\" \/>\n<link rel=\"canonical\" href=\"https:\/\/finke-colors.eu\/fr\/branches\/apercu-des-branches\/\" \/>\n<meta property=\"og:locale\" content=\"fr_FR\" \/>\n<meta property=\"og:type\" content=\"article\" \/>\n<meta property=\"og:title\" content=\"Peintures pour plastiques | Aper\u00e7u de la branche | Finke Colors GmbH\" \/>\n<meta property=\"og:description\" content=\"\u2705 Emballages plastiques de nourriture et de boissons, jouets pour enfants &amp; plus encore ! \u2705 70 ans d&#039;exp\u00e9rience \u2705 Personnalisation &amp; conseil ! \u25ba En savoir plus maintenant !\" \/>\n<meta property=\"og:url\" content=\"https:\/\/finke-colors.eu\/fr\/branches\/apercu-des-branches\/\" \/>\n<meta property=\"og:site_name\" content=\"Finke Colors GmbH\" \/>\n<meta property=\"article:modified_time\" content=\"2023-10-04T13:43:03+00:00\" \/>\n<meta name=\"twitter:card\" content=\"summary_large_image\" \/>\n<meta name=\"twitter:label1\" content=\"Dur\u00e9e de lecture estim\u00e9e\" \/>\n\t<meta name=\"twitter:data1\" content=\"4 minutes\" \/>\n<script type=\"application\/ld+json\" class=\"yoast-schema-graph\">{\"@context\":\"https:\\\/\\\/schema.org\",\"@graph\":[{\"@type\":\"WebPage\",\"@id\":\"https:\\\/\\\/finke-colors.eu\\\/fr\\\/branches\\\/apercu-des-branches\\\/\",\"url\":\"https:\\\/\\\/finke-colors.eu\\\/fr\\\/branches\\\/apercu-des-branches\\\/\",\"name\":\"Peintures pour plastiques | Aper\u00e7u de la branche | Finke Colors GmbH\",\"isPartOf\":{\"@id\":\"https:\\\/\\\/finke-colors.eu\\\/fr\\\/#website\"},\"datePublished\":\"2022-08-25T10:25:26+00:00\",\"dateModified\":\"2023-10-04T13:43:03+00:00\",\"description\":\"\u2705 Emballages plastiques de nourriture et de boissons, jouets pour enfants & plus encore ! \u2705 70 ans d'exp\u00e9rience \u2705 Personnalisation & conseil ! \u25ba En savoir plus maintenant !\",\"breadcrumb\":{\"@id\":\"https:\\\/\\\/finke-colors.eu\\\/fr\\\/branches\\\/apercu-des-branches\\\/#breadcrumb\"},\"inLanguage\":\"fr-FR\",\"potentialAction\":[{\"@type\":\"ReadAction\",\"target\":[\"https:\\\/\\\/finke-colors.eu\\\/fr\\\/branches\\\/apercu-des-branches\\\/\"]}]},{\"@type\":\"BreadcrumbList\",\"@id\":\"https:\\\/\\\/finke-colors.eu\\\/fr\\\/branches\\\/apercu-des-branches\\\/#breadcrumb\",\"itemListElement\":[{\"@type\":\"ListItem\",\"position\":1,\"name\":\"Startseite\",\"item\":\"https:\\\/\\\/finke-colors.eu\\\/fr\\\/\"},{\"@type\":\"ListItem\",\"position\":2,\"name\":\"Branches\",\"item\":\"https:\\\/\\\/finke-colors.eu\\\/fr\\\/branchen\\\/\"},{\"@type\":\"ListItem\",\"position\":3,\"name\":\"Aper\u00e7u des branches\"}]},{\"@type\":\"WebSite\",\"@id\":\"https:\\\/\\\/finke-colors.eu\\\/fr\\\/#website\",\"url\":\"https:\\\/\\\/finke-colors.eu\\\/fr\\\/\",\"name\":\"Finke Colors GmbH\",\"description\":\"Industrielle Farbe f\u00fcr Kunststoffe\",\"potentialAction\":[{\"@type\":\"SearchAction\",\"target\":{\"@type\":\"EntryPoint\",\"urlTemplate\":\"https:\\\/\\\/finke-colors.eu\\\/fr\\\/?s={search_term_string}\"},\"query-input\":{\"@type\":\"PropertyValueSpecification\",\"valueRequired\":true,\"valueName\":\"search_term_string\"}}],\"inLanguage\":\"fr-FR\"}]}<\/script>\n<!-- \/ Yoast SEO plugin. -->","yoast_head_json":{"title":"Peintures pour plastiques | Aper\u00e7u de la branche | Finke Colors GmbH","description":"\u2705 Emballages plastiques de nourriture et de boissons, jouets pour enfants & plus encore ! \u2705 70 ans d'exp\u00e9rience \u2705 Personnalisation & conseil ! \u25ba En savoir plus maintenant !","robots":{"index":"index","follow":"follow","max-snippet":"max-snippet:-1","max-image-preview":"max-image-preview:large","max-video-preview":"max-video-preview:-1"},"canonical":"https:\/\/finke-colors.eu\/fr\/branches\/apercu-des-branches\/","og_locale":"fr_FR","og_type":"article","og_title":"Peintures pour plastiques | Aper\u00e7u de la branche | Finke Colors GmbH","og_description":"\u2705 Emballages plastiques de nourriture et de boissons, jouets pour enfants & plus encore ! \u2705 70 ans d'exp\u00e9rience \u2705 Personnalisation & conseil ! \u25ba En savoir plus maintenant !","og_url":"https:\/\/finke-colors.eu\/fr\/branches\/apercu-des-branches\/","og_site_name":"Finke Colors GmbH","article_modified_time":"2023-10-04T13:43:03+00:00","twitter_card":"summary_large_image","twitter_misc":{"Dur\u00e9e de lecture estim\u00e9e":"4 minutes"},"schema":{"@context":"https:\/\/schema.org","@graph":[{"@type":"WebPage","@id":"https:\/\/finke-colors.eu\/fr\/branches\/apercu-des-branches\/","url":"https:\/\/finke-colors.eu\/fr\/branches\/apercu-des-branches\/","name":"Peintures pour plastiques | Aper\u00e7u de la branche | Finke Colors GmbH","isPartOf":{"@id":"https:\/\/finke-colors.eu\/fr\/#website"},"datePublished":"2022-08-25T10:25:26+00:00","dateModified":"2023-10-04T13:43:03+00:00","description":"\u2705 Emballages plastiques de nourriture et de boissons, jouets pour enfants & plus encore ! \u2705 70 ans d'exp\u00e9rience \u2705 Personnalisation & conseil ! \u25ba En savoir plus maintenant !","breadcrumb":{"@id":"https:\/\/finke-colors.eu\/fr\/branches\/apercu-des-branches\/#breadcrumb"},"inLanguage":"fr-FR","potentialAction":[{"@type":"ReadAction","target":["https:\/\/finke-colors.eu\/fr\/branches\/apercu-des-branches\/"]}]},{"@type":"BreadcrumbList","@id":"https:\/\/finke-colors.eu\/fr\/branches\/apercu-des-branches\/#breadcrumb","itemListElement":[{"@type":"ListItem","position":1,"name":"Startseite","item":"https:\/\/finke-colors.eu\/fr\/"},{"@type":"ListItem","position":2,"name":"Branches","item":"https:\/\/finke-colors.eu\/fr\/branchen\/"},{"@type":"ListItem","position":3,"name":"Aper\u00e7u des branches"}]},{"@type":"WebSite","@id":"https:\/\/finke-colors.eu\/fr\/#website","url":"https:\/\/finke-colors.eu\/fr\/","name":"Finke Colors GmbH","description":"Industrielle Farbe f\u00fcr Kunststoffe","potentialAction":[{"@type":"SearchAction","target":{"@type":"EntryPoint","urlTemplate":"https:\/\/finke-colors.eu\/fr\/?s={search_term_string}"},"query-input":{"@type":"PropertyValueSpecification","valueRequired":true,"valueName":"search_term_string"}}],"inLanguage":"fr-FR"}]}},"_links":{"self":[{"href":"https:\/\/finke-colors.eu\/fr\/wp-json\/wp\/v2\/pages\/2963","targetHints":{"allow":["GET"]}}],"collection":[{"href":"https:\/\/finke-colors.eu\/fr\/wp-json\/wp\/v2\/pages"}],"about":[{"href":"https:\/\/finke-colors.eu\/fr\/wp-json\/wp\/v2\/types\/page"}],"author":[{"embeddable":true,"href":"https:\/\/finke-colors.eu\/fr\/wp-json\/wp\/v2\/users\/1"}],"replies":[{"embeddable":true,"href":"https:\/\/finke-colors.eu\/fr\/wp-json\/wp\/v2\/comments?post=2963"}],"version-history":[{"count":5,"href":"https:\/\/finke-colors.eu\/fr\/wp-json\/wp\/v2\/pages\/2963\/revisions"}],"predecessor-version":[{"id":5416,"href":"https:\/\/finke-colors.eu\/fr\/wp-json\/wp\/v2\/pages\/2963\/revisions\/5416"}],"up":[{"embeddable":true,"href":"https:\/\/finke-colors.eu\/fr\/wp-json\/wp\/v2\/pages\/2298"}],"wp:attachment":[{"href":"https:\/\/finke-colors.eu\/fr\/wp-json\/wp\/v2\/media?parent=2963"}],"wp:term":[{"taxonomy":"wf_page_folders","embeddable":true,"href":"https:\/\/finke-colors.eu\/fr\/wp-json\/wp\/v2\/wf_page_folders?post=2963"}],"curies":[{"name":"wp","href":"https:\/\/api.w.org\/{rel}","templated":true}]}}