{"id":2866,"date":"2022-08-25T12:25:22","date_gmt":"2022-08-25T10:25:22","guid":{"rendered":"https:\/\/finke.pixel-tal.de\/services\/techniques-dechantillonnage\/"},"modified":"2024-11-11T12:57:20","modified_gmt":"2024-11-11T11:57:20","slug":"techniques-dechantillonnage","status":"publish","type":"page","link":"https:\/\/finke-colors.eu\/fr\/services\/techniques-dechantillonnage\/","title":{"rendered":"Techniques d&rsquo;\u00e9chantillonnage"},"content":{"rendered":"<div id='av_section_1'  class='avia-section av-bn92x-f0024e3670d3dd4b126cf19d582a1598 main_color avia-section-default avia-no-border-styling  avia-builder-el-0  el_before_av_section  avia-builder-el-first  pixel-headersection avia-bg-style-scroll container_wrap fullsize'  ><div class='container av-section-cont-open' ><main  role=\"main\" itemprop=\"mainContentOfPage\"  class='template-page content  av-content-full alpha units'><div class='post-entry post-entry-type-page post-entry-2866'><div class='entry-content-wrapper clearfix'>\n\n<style type=\"text\/css\" data-created_by=\"avia_inline_auto\" id=\"style-css-av-au6jx-333098f2a67dee2af250a47a9345ab72\">\n.flex_column.av-au6jx-333098f2a67dee2af250a47a9345ab72{\nborder-radius:0px 0px 0px 0px;\npadding:0px 0px 0px 0px;\n}\n<\/style>\n<div  class='flex_column av-au6jx-333098f2a67dee2af250a47a9345ab72 av_one_full  avia-builder-el-1  avia-builder-el-no-sibling  first flex_column_div av-zero-column-padding  '     ><style type=\"text\/css\" data-created_by=\"avia_inline_auto\" id=\"style-css-av-svyr-7367823bde7543e7e30b100e83561aaf\">\n.avia-image-container.av-svyr-7367823bde7543e7e30b100e83561aaf img.avia_image{\nbox-shadow:none;\n}\n.avia-image-container.av-svyr-7367823bde7543e7e30b100e83561aaf .av-image-caption-overlay-center{\ncolor:#ffffff;\n}\n<\/style>\n<div  class='avia-image-container av-svyr-7367823bde7543e7e30b100e83561aaf av-styling- avia-align-center  avia-builder-el-2  avia-builder-el-no-sibling '   itemprop=\"image\" itemscope=\"itemscope\" itemtype=\"https:\/\/schema.org\/ImageObject\" ><div class=\"avia-image-container-inner\"><div class=\"avia-image-overlay-wrap\"><img decoding=\"async\" fetchpriority=\"high\" class='wp-image-2115 avia-img-lazy-loading-not-2115 avia_image ' src=\"https:\/\/finke-colors.eu\/wp-content\/uploads\/finke_header_bemusterungstechniken.jpg\" alt='' title='finke_header_bemusterungstechniken'  height=\"300\" width=\"1920\"  itemprop=\"thumbnailUrl\" srcset=\"https:\/\/finke-colors.eu\/wp-content\/uploads\/finke_header_bemusterungstechniken.jpg 1920w, https:\/\/finke-colors.eu\/wp-content\/uploads\/finke_header_bemusterungstechniken-300x47.jpg 300w, https:\/\/finke-colors.eu\/wp-content\/uploads\/finke_header_bemusterungstechniken-1030x161.jpg 1030w, https:\/\/finke-colors.eu\/wp-content\/uploads\/finke_header_bemusterungstechniken-768x120.jpg 768w\" sizes=\"(max-width: 1920px) 100vw, 1920px\" \/><\/div><\/div><\/div><\/div>\n\n<\/div><\/div><\/main><!-- close content main element --><\/div><\/div><div id='av_section_2'  class='avia-section av-bn92x-dd71887e593cad3c4c364519177134af main_color avia-section-default avia-no-border-styling  avia-builder-el-3  el_after_av_section  el_before_av_section  avia-bg-style-scroll container_wrap fullsize'  ><div class='container av-section-cont-open' ><div class='template-page content  av-content-full alpha units'><div class='post-entry post-entry-type-page post-entry-2866'><div class='entry-content-wrapper clearfix'>\n\n<style type=\"text\/css\" data-created_by=\"avia_inline_auto\" id=\"style-css-av-au6jx-e8044f1483d32b3ccf05ec4e5436415c\">\n.flex_column.av-au6jx-e8044f1483d32b3ccf05ec4e5436415c{\nborder-radius:0px 0px 0px 0px;\npadding:0px 0px 0px 0px;\n}\n<\/style>\n<div  class='flex_column av-au6jx-e8044f1483d32b3ccf05ec4e5436415c av_one_full  avia-builder-el-4  el_before_av_one_half  avia-builder-el-first  first flex_column_div av-zero-column-padding  '     ><section  class='av_textblock_section av-kq0vn7sv-0f3cb57142cb3e1b55ff040f4879cdcf '   itemscope=\"itemscope\" itemtype=\"https:\/\/schema.org\/CreativeWork\" ><div class='avia_textblock'  itemprop=\"text\" ><h2><strong>De la th\u00e9orie \u00e0 la pratique :<\/strong><br \/>\nNos techniques d&rsquo;\u00e9chantillonnage pour les peintures synth\u00e9tiques<\/h2>\n<\/div><\/section><\/div>\n<style type=\"text\/css\" data-created_by=\"avia_inline_auto\" id=\"style-css-av-au6jx-e8044f1483d32b3ccf05ec4e5436415c\">\n.flex_column.av-au6jx-e8044f1483d32b3ccf05ec4e5436415c{\nborder-radius:0px 0px 0px 0px;\npadding:0px 0px 0px 0px;\n}\n<\/style>\n<div  class='flex_column av-au6jx-e8044f1483d32b3ccf05ec4e5436415c av_one_half  avia-builder-el-6  el_after_av_one_full  el_before_av_one_half  first flex_column_div av-zero-column-padding  column-top-margin'     ><section  class='av_textblock_section av-kq0vnbqn-f64b90b2d54398fa5ef681a879ecf713 '   itemscope=\"itemscope\" itemtype=\"https:\/\/schema.org\/CreativeWork\" ><div class='avia_textblock'  itemprop=\"text\" ><p>D\u00e9velopper une couleur exactement selon les souhaits du client est une chose. Mais savoir si l&rsquo;on obtient le r\u00e9sultat souhait\u00e9 lors de l&rsquo;application est une toute autre question &#8211; \u00e0 laquelle nous pouvons r\u00e9pondre avec pr\u00e9cision en fabriquant des \u00e9chantillons de produits.<\/p>\n<p>\u00c0 l&rsquo;aide d&rsquo;installations de production courantes, nous sommes en mesure de simuler diff\u00e9rents proc\u00e9d\u00e9s de fabrication et d&rsquo;utiliser exactement la m\u00e9thode avec laquelle le client travaille dans sa production.<\/p>\n<\/div><\/section><\/div>\n<style type=\"text\/css\" data-created_by=\"avia_inline_auto\" id=\"style-css-av-au6jx-c6ccbe3b6eeaf319e026adea3040a16f\">\n.flex_column.av-au6jx-c6ccbe3b6eeaf319e026adea3040a16f{\nborder-radius:0px 0px 0px 0px;\npadding:0px 0px 0px 0px;\n}\n<\/style>\n<div  class='flex_column av-au6jx-c6ccbe3b6eeaf319e026adea3040a16f av_one_half  avia-builder-el-8  el_after_av_one_half  avia-builder-el-last  flex_column_div av-zero-column-padding  column-top-margin'     ><section  class='av_textblock_section av-kq0vnbqn-f64b90b2d54398fa5ef681a879ecf713 '   itemscope=\"itemscope\" itemtype=\"https:\/\/schema.org\/CreativeWork\" ><div class='avia_textblock'  itemprop=\"text\" ><p>M\u00eame en ce qui concerne l&rsquo;utilisation des mat\u00e9riaux, nous n&rsquo;avons pas de limites &#8211; nous pouvons traiter presque tous les polym\u00e8res de support thermoplastiques et nous les avons en stock.<\/p>\n<p>On obtient ainsi des \u00e9chantillons de produits dont les caract\u00e9ristiques techniques et optiques correspondent exactement au produit final souhait\u00e9 par le client. Ainsi, \u00e0 la fin de l&rsquo;\u00e9chantillonnage, nos clients ont en main un ou plusieurs produits qui montrent clairement si le m\u00e9lange de couleurs correspond \u00e9galement \u00e0 leurs souhaits et exigences dans l&rsquo;application.<\/p>\n<\/div><\/section><\/div><\/div><\/div><\/div><!-- close content main div --><\/div><\/div><div id='av_section_3'  class='avia-section av-2qmov-59e03fbbebf766dcf3d55da612bf7fd5 main_color avia-section-default avia-no-border-styling  avia-builder-el-10  el_after_av_section  avia-builder-el-last  avia-bg-style-scroll container_wrap fullsize'  ><div class='container av-section-cont-open' ><div class='template-page content  av-content-full alpha units'><div class='post-entry post-entry-type-page post-entry-2866'><div class='entry-content-wrapper clearfix'>\n\n<style type=\"text\/css\" data-created_by=\"avia_inline_auto\" id=\"style-css-av-1b5oj-a4a226b7f80b116ff8c799ff0a2d6154\">\n.flex_column.av-1b5oj-a4a226b7f80b116ff8c799ff0a2d6154{\nborder-radius:0px 0px 0px 0px;\npadding:0px 0px 0px 0px;\n}\n<\/style>\n<div  class='flex_column av-1b5oj-a4a226b7f80b116ff8c799ff0a2d6154 av_one_third  avia-builder-el-11  el_before_av_one_third  avia-builder-el-first  pixel-infobox first flex_column_div av-zero-column-padding  '     ><p>\n<style type=\"text\/css\" data-created_by=\"avia_inline_auto\" id=\"style-css-av-kqjakq9q-a75ade79fb4446a1d37863e198699ba9\">\n.avia-image-container.av-kqjakq9q-a75ade79fb4446a1d37863e198699ba9 img.avia_image{\nbox-shadow:none;\n}\n.avia-image-container.av-kqjakq9q-a75ade79fb4446a1d37863e198699ba9 .av-image-caption-overlay-center{\ncolor:#ffffff;\n}\n<\/style>\n<div  class='avia-image-container av-kqjakq9q-a75ade79fb4446a1d37863e198699ba9 av-styling- avia-align-center  avia-builder-el-12  el_before_av_textblock  avia-builder-el-first '   itemprop=\"image\" itemscope=\"itemscope\" itemtype=\"https:\/\/schema.org\/ImageObject\" ><div class=\"avia-image-container-inner\"><div class=\"avia-image-overlay-wrap\"><img decoding=\"async\" fetchpriority=\"high\" class='wp-image-2109 avia-img-lazy-loading-not-2109 avia_image ' src=\"https:\/\/finke-colors.eu\/wp-content\/uploads\/finke_bemusterungstechniken_spritzguss.jpg\" alt='' title='finke_bemusterungstechniken_spritzguss'  height=\"200\" width=\"440\"  itemprop=\"thumbnailUrl\" srcset=\"https:\/\/finke-colors.eu\/wp-content\/uploads\/finke_bemusterungstechniken_spritzguss.jpg 440w, https:\/\/finke-colors.eu\/wp-content\/uploads\/finke_bemusterungstechniken_spritzguss-300x136.jpg 300w\" sizes=\"(max-width: 440px) 100vw, 440px\" \/><\/div><\/div><\/div><br \/>\n<section  class='av_textblock_section av-kq0vnbqn-f64b90b2d54398fa5ef681a879ecf713 '   itemscope=\"itemscope\" itemtype=\"https:\/\/schema.org\/CreativeWork\" ><div class='avia_textblock'  itemprop=\"text\" ><h4>Moulage par injection<\/h4>\n<p>Qu&rsquo;il s&rsquo;agisse d&rsquo;un casier \u00e0 bouteilles ou d&rsquo;un tableau de bord, la plupart des articles en plastique sont fabriqu\u00e9s par moulage par injection. C&rsquo;est pourquoi nous utilisons plusieurs installations de moulage par injection afin de pouvoir fabriquer rapidement des \u00e9chantillons de produits pour nos clients, m\u00eame en cas de forte charge de travail.<\/p>\n<\/div><\/section><\/p><\/div>\n<style type=\"text\/css\" data-created_by=\"avia_inline_auto\" id=\"style-css-av-1b5oj-0c5dca801f91fbc36a173922996d7c9c\">\n.flex_column.av-1b5oj-0c5dca801f91fbc36a173922996d7c9c{\nborder-radius:0px 0px 0px 0px;\npadding:0px 0px 0px 0px;\n}\n<\/style>\n<div  class='flex_column av-1b5oj-0c5dca801f91fbc36a173922996d7c9c av_one_third  avia-builder-el-14  el_after_av_one_third  el_before_av_one_third  pixel-infobox flex_column_div av-zero-column-padding  '     ><p>\n<style type=\"text\/css\" data-created_by=\"avia_inline_auto\" id=\"style-css-av-kqjakq9q-2d66eb353bcba5d14f5c88a94a9892c2\">\n.avia-image-container.av-kqjakq9q-2d66eb353bcba5d14f5c88a94a9892c2 img.avia_image{\nbox-shadow:none;\n}\n.avia-image-container.av-kqjakq9q-2d66eb353bcba5d14f5c88a94a9892c2 .av-image-caption-overlay-center{\ncolor:#ffffff;\n}\n<\/style>\n<div  class='avia-image-container av-kqjakq9q-2d66eb353bcba5d14f5c88a94a9892c2 av-styling- avia-align-center  avia-builder-el-15  el_before_av_textblock  avia-builder-el-first '   itemprop=\"image\" itemscope=\"itemscope\" itemtype=\"https:\/\/schema.org\/ImageObject\" ><div class=\"avia-image-container-inner\"><div class=\"avia-image-overlay-wrap\"><img decoding=\"async\" fetchpriority=\"high\" class='wp-image-2105 avia-img-lazy-loading-not-2105 avia_image ' src=\"https:\/\/finke-colors.eu\/wp-content\/uploads\/finke_bemusterungstechniken_blasfolienextrusion.jpg\" alt='' title='finke_bemusterungstechniken_blasfolienextrusion'  height=\"200\" width=\"440\"  itemprop=\"thumbnailUrl\" srcset=\"https:\/\/finke-colors.eu\/wp-content\/uploads\/finke_bemusterungstechniken_blasfolienextrusion.jpg 440w, https:\/\/finke-colors.eu\/wp-content\/uploads\/finke_bemusterungstechniken_blasfolienextrusion-300x136.jpg 300w\" sizes=\"(max-width: 440px) 100vw, 440px\" \/><\/div><\/div><\/div><br \/>\n<section  class='av_textblock_section av-kq0vnbqn-f64b90b2d54398fa5ef681a879ecf713 '   itemscope=\"itemscope\" itemtype=\"https:\/\/schema.org\/CreativeWork\" ><div class='avia_textblock'  itemprop=\"text\" ><h4>Extrusion de films souffl\u00e9s<\/h4>\n<p>Avec notre extrudeuse de films souffl\u00e9s, nous fabriquons des films souffl\u00e9s dans des conditions d&rsquo;utilisation r\u00e9elles, tels qu&rsquo;ils sont utilis\u00e9s entre autres dans l&rsquo;industrie alimentaire. Il est ainsi possible de simuler de mani\u00e8re optimale le comportement des films souffl\u00e9s lors de la mise en couleur.<\/p>\n<\/div><\/section><\/p><\/div>\n<style type=\"text\/css\" data-created_by=\"avia_inline_auto\" id=\"style-css-av-1b5oj-0c5dca801f91fbc36a173922996d7c9c\">\n.flex_column.av-1b5oj-0c5dca801f91fbc36a173922996d7c9c{\nborder-radius:0px 0px 0px 0px;\npadding:0px 0px 0px 0px;\n}\n<\/style>\n<div  class='flex_column av-1b5oj-0c5dca801f91fbc36a173922996d7c9c av_one_third  avia-builder-el-17  el_after_av_one_third  el_before_av_one_third  pixel-infobox flex_column_div av-zero-column-padding  '     ><p>\n<style type=\"text\/css\" data-created_by=\"avia_inline_auto\" id=\"style-css-av-kqjakq9q-14020b8a6848694ef4687060f7daba20\">\n.avia-image-container.av-kqjakq9q-14020b8a6848694ef4687060f7daba20 img.avia_image{\nbox-shadow:none;\n}\n.avia-image-container.av-kqjakq9q-14020b8a6848694ef4687060f7daba20 .av-image-caption-overlay-center{\ncolor:#ffffff;\n}\n<\/style>\n<div  class='avia-image-container av-kqjakq9q-14020b8a6848694ef4687060f7daba20 av-styling- avia-align-center  avia-builder-el-18  el_before_av_textblock  avia-builder-el-first '   itemprop=\"image\" itemscope=\"itemscope\" itemtype=\"https:\/\/schema.org\/ImageObject\" ><div class=\"avia-image-container-inner\"><div class=\"avia-image-overlay-wrap\"><img decoding=\"async\" fetchpriority=\"high\" class='wp-image-2113 avia-img-lazy-loading-not-2113 avia_image ' src=\"https:\/\/finke-colors.eu\/wp-content\/uploads\/finke_bemusterungstechniken_flachfolienextrusion.jpg\" alt='' title='finke_bemusterungstechniken_flachfolienextrusion'  height=\"200\" width=\"440\"  itemprop=\"thumbnailUrl\" srcset=\"https:\/\/finke-colors.eu\/wp-content\/uploads\/finke_bemusterungstechniken_flachfolienextrusion.jpg 440w, https:\/\/finke-colors.eu\/wp-content\/uploads\/finke_bemusterungstechniken_flachfolienextrusion-300x136.jpg 300w\" sizes=\"(max-width: 440px) 100vw, 440px\" \/><\/div><\/div><\/div><br \/>\n<section  class='av_textblock_section av-kq0vnbqn-f64b90b2d54398fa5ef681a879ecf713 '   itemscope=\"itemscope\" itemtype=\"https:\/\/schema.org\/CreativeWork\" ><div class='avia_textblock'  itemprop=\"text\" ><h4>Extrusion de films plats<\/h4>\n<p>L&rsquo;\u00e9chantillonnage est particuli\u00e8rement important pour les films plats, car c&rsquo;est le seul moyen de v\u00e9rifier pr\u00e9cis\u00e9ment au pr\u00e9alable les propri\u00e9t\u00e9s et la solidit\u00e9 des couleurs du produit final souhait\u00e9. Gr\u00e2ce \u00e0 notre extrudeuse de films plats, nous produisons des \u00e9chantillons de films qui correspondent exactement aux sp\u00e9cifications de nos clients.<\/p>\n<\/div><\/section><\/p><\/div>\n<style type=\"text\/css\" data-created_by=\"avia_inline_auto\" id=\"style-css-av-1b5oj-a4a226b7f80b116ff8c799ff0a2d6154\">\n.flex_column.av-1b5oj-a4a226b7f80b116ff8c799ff0a2d6154{\nborder-radius:0px 0px 0px 0px;\npadding:0px 0px 0px 0px;\n}\n<\/style>\n<div  class='flex_column av-1b5oj-a4a226b7f80b116ff8c799ff0a2d6154 av_one_third  avia-builder-el-20  el_after_av_one_third  el_before_av_one_third  pixel-infobox first flex_column_div av-zero-column-padding  column-top-margin'     ><p>\n<style type=\"text\/css\" data-created_by=\"avia_inline_auto\" id=\"style-css-av-kqjakq9q-429936dfed8b9deb7eaaa7374c1372c7\">\n.avia-image-container.av-kqjakq9q-429936dfed8b9deb7eaaa7374c1372c7 img.avia_image{\nbox-shadow:none;\n}\n.avia-image-container.av-kqjakq9q-429936dfed8b9deb7eaaa7374c1372c7 .av-image-caption-overlay-center{\ncolor:#ffffff;\n}\n<\/style>\n<div  class='avia-image-container av-kqjakq9q-429936dfed8b9deb7eaaa7374c1372c7 av-styling- avia-align-center  avia-builder-el-21  el_before_av_textblock  avia-builder-el-first '   itemprop=\"image\" itemscope=\"itemscope\" itemtype=\"https:\/\/schema.org\/ImageObject\" ><div class=\"avia-image-container-inner\"><div class=\"avia-image-overlay-wrap\"><img decoding=\"async\" fetchpriority=\"high\" class='wp-image-2107 avia-img-lazy-loading-not-2107 avia_image ' src=\"https:\/\/finke-colors.eu\/wp-content\/uploads\/finke_bemusterungstechniken_hohlkoerperextrusion.jpg\" alt='' title='finke_bemusterungstechniken_hohlkoerperextrusion'  height=\"200\" width=\"440\"  itemprop=\"thumbnailUrl\" srcset=\"https:\/\/finke-colors.eu\/wp-content\/uploads\/finke_bemusterungstechniken_hohlkoerperextrusion.jpg 440w, https:\/\/finke-colors.eu\/wp-content\/uploads\/finke_bemusterungstechniken_hohlkoerperextrusion-300x136.jpg 300w\" sizes=\"(max-width: 440px) 100vw, 440px\" \/><\/div><\/div><\/div><br \/>\n<section  class='av_textblock_section av-kq0vnbqn-f64b90b2d54398fa5ef681a879ecf713 '   itemscope=\"itemscope\" itemtype=\"https:\/\/schema.org\/CreativeWork\" ><div class='avia_textblock'  itemprop=\"text\" ><h4>Extrusion de corps creux<\/h4>\n<p>Nous disposons \u00e9galement des appareils ad\u00e9quats dans nos ateliers de production pour la fabrication d&rsquo;\u00e9chantillons de bouteilles en PE et en PP. Des \u00e9chantillons de produits sont fabriqu\u00e9s ici, aussi bien en mono-extrusion qu&rsquo;en coextrusion, par exemple pour des flacons utilis\u00e9s dans l&rsquo;industrie cosm\u00e9tique.<\/p>\n<\/div><\/section><\/p><\/div>\n<style type=\"text\/css\" data-created_by=\"avia_inline_auto\" id=\"style-css-av-1b5oj-0c5dca801f91fbc36a173922996d7c9c\">\n.flex_column.av-1b5oj-0c5dca801f91fbc36a173922996d7c9c{\nborder-radius:0px 0px 0px 0px;\npadding:0px 0px 0px 0px;\n}\n<\/style>\n<div  class='flex_column av-1b5oj-0c5dca801f91fbc36a173922996d7c9c av_one_third  avia-builder-el-23  el_after_av_one_third  avia-builder-el-last  pixel-infobox flex_column_div av-zero-column-padding  column-top-margin'     ><p>\n<style type=\"text\/css\" data-created_by=\"avia_inline_auto\" id=\"style-css-av-kqjakq9q-de136f91707e63581976cda9ceaa895f\">\n.avia-image-container.av-kqjakq9q-de136f91707e63581976cda9ceaa895f img.avia_image{\nbox-shadow:none;\n}\n.avia-image-container.av-kqjakq9q-de136f91707e63581976cda9ceaa895f .av-image-caption-overlay-center{\ncolor:#ffffff;\n}\n<\/style>\n<div  class='avia-image-container av-kqjakq9q-de136f91707e63581976cda9ceaa895f av-styling- avia-align-center  avia-builder-el-24  el_before_av_textblock  avia-builder-el-first '   itemprop=\"image\" itemscope=\"itemscope\" itemtype=\"https:\/\/schema.org\/ImageObject\" ><div class=\"avia-image-container-inner\"><div class=\"avia-image-overlay-wrap\"><img decoding=\"async\" fetchpriority=\"high\" class='wp-image-2111 avia-img-lazy-loading-not-2111 avia_image ' src=\"https:\/\/finke-colors.eu\/wp-content\/uploads\/finke_bemusterungstechniken_spritzsteckglasformen.jpg\" alt='' title='finke_bemusterungstechniken_spritzsteckglasformen'  height=\"200\" width=\"440\"  itemprop=\"thumbnailUrl\" srcset=\"https:\/\/finke-colors.eu\/wp-content\/uploads\/finke_bemusterungstechniken_spritzsteckglasformen.jpg 440w, https:\/\/finke-colors.eu\/wp-content\/uploads\/finke_bemusterungstechniken_spritzsteckglasformen-300x136.jpg 300w\" sizes=\"(max-width: 440px) 100vw, 440px\" \/><\/div><\/div><\/div><br \/>\n<section  class='av_textblock_section av-kq0vnbqn-07ecf5dda93b8fd98c1642de14626488 '   itemscope=\"itemscope\" itemtype=\"https:\/\/schema.org\/CreativeWork\" ><div class='avia_textblock'  itemprop=\"text\" ><h4>Moulage par injection et soufflage<\/h4>\n<p>La coloration des plastiques PET-C (semi-cristallins), utilis\u00e9s par exemple dans l&rsquo;industrie des boissons, peut \u00eatre simul\u00e9e dans notre propre installation de soufflage de bouteilles.<\/p>\n<\/div><\/section><\/p><\/div><\/p>\n","protected":false},"excerpt":{"rendered":"","protected":false},"author":1,"featured_media":0,"parent":2267,"menu_order":7,"comment_status":"closed","ping_status":"closed","template":"","meta":{"_acf_changed":false,"footnotes":""},"wf_page_folders":[],"class_list":["post-2866","page","type-page","status-publish","hentry"],"acf":[],"yoast_head":"<!-- This site is optimized with the Yoast SEO plugin v27.3 - https:\/\/yoast.com\/product\/yoast-seo-wordpress\/ -->\n<title>Techniques d&#039;\u00e9chantillonnage - Finke Colors GmbH<\/title>\n<meta name=\"robots\" content=\"index, follow, max-snippet:-1, max-image-preview:large, max-video-preview:-1\" \/>\n<link rel=\"canonical\" href=\"https:\/\/finke-colors.eu\/fr\/services\/techniques-dechantillonnage\/\" \/>\n<meta property=\"og:locale\" content=\"fr_FR\" \/>\n<meta property=\"og:type\" content=\"article\" \/>\n<meta property=\"og:title\" content=\"Techniques d&#039;\u00e9chantillonnage - Finke Colors GmbH\" \/>\n<meta property=\"og:url\" content=\"https:\/\/finke-colors.eu\/fr\/services\/techniques-dechantillonnage\/\" \/>\n<meta property=\"og:site_name\" content=\"Finke Colors GmbH\" \/>\n<meta property=\"article:modified_time\" content=\"2024-11-11T11:57:20+00:00\" \/>\n<meta name=\"twitter:card\" content=\"summary_large_image\" \/>\n<meta name=\"twitter:label1\" content=\"Dur\u00e9e de lecture estim\u00e9e\" \/>\n\t<meta name=\"twitter:data1\" content=\"4 minutes\" \/>\n<script type=\"application\/ld+json\" class=\"yoast-schema-graph\">{\"@context\":\"https:\\\/\\\/schema.org\",\"@graph\":[{\"@type\":\"WebPage\",\"@id\":\"https:\\\/\\\/finke-colors.eu\\\/fr\\\/services\\\/techniques-dechantillonnage\\\/\",\"url\":\"https:\\\/\\\/finke-colors.eu\\\/fr\\\/services\\\/techniques-dechantillonnage\\\/\",\"name\":\"Techniques d'\u00e9chantillonnage - Finke Colors GmbH\",\"isPartOf\":{\"@id\":\"https:\\\/\\\/finke-colors.eu\\\/fr\\\/#website\"},\"datePublished\":\"2022-08-25T10:25:22+00:00\",\"dateModified\":\"2024-11-11T11:57:20+00:00\",\"breadcrumb\":{\"@id\":\"https:\\\/\\\/finke-colors.eu\\\/fr\\\/services\\\/techniques-dechantillonnage\\\/#breadcrumb\"},\"inLanguage\":\"fr-FR\",\"potentialAction\":[{\"@type\":\"ReadAction\",\"target\":[\"https:\\\/\\\/finke-colors.eu\\\/fr\\\/services\\\/techniques-dechantillonnage\\\/\"]}]},{\"@type\":\"BreadcrumbList\",\"@id\":\"https:\\\/\\\/finke-colors.eu\\\/fr\\\/services\\\/techniques-dechantillonnage\\\/#breadcrumb\",\"itemListElement\":[{\"@type\":\"ListItem\",\"position\":1,\"name\":\"Startseite\",\"item\":\"https:\\\/\\\/finke-colors.eu\\\/fr\\\/\"},{\"@type\":\"ListItem\",\"position\":2,\"name\":\"Services\",\"item\":\"https:\\\/\\\/finke-colors.eu\\\/fr\\\/services\\\/\"},{\"@type\":\"ListItem\",\"position\":3,\"name\":\"Techniques d&#8217;\u00e9chantillonnage\"}]},{\"@type\":\"WebSite\",\"@id\":\"https:\\\/\\\/finke-colors.eu\\\/fr\\\/#website\",\"url\":\"https:\\\/\\\/finke-colors.eu\\\/fr\\\/\",\"name\":\"Finke Colors GmbH\",\"description\":\"Industrielle Farbe f\u00fcr Kunststoffe\",\"potentialAction\":[{\"@type\":\"SearchAction\",\"target\":{\"@type\":\"EntryPoint\",\"urlTemplate\":\"https:\\\/\\\/finke-colors.eu\\\/fr\\\/?s={search_term_string}\"},\"query-input\":{\"@type\":\"PropertyValueSpecification\",\"valueRequired\":true,\"valueName\":\"search_term_string\"}}],\"inLanguage\":\"fr-FR\"}]}<\/script>\n<!-- \/ Yoast SEO plugin. -->","yoast_head_json":{"title":"Techniques d'\u00e9chantillonnage - Finke Colors GmbH","robots":{"index":"index","follow":"follow","max-snippet":"max-snippet:-1","max-image-preview":"max-image-preview:large","max-video-preview":"max-video-preview:-1"},"canonical":"https:\/\/finke-colors.eu\/fr\/services\/techniques-dechantillonnage\/","og_locale":"fr_FR","og_type":"article","og_title":"Techniques d'\u00e9chantillonnage - Finke Colors GmbH","og_url":"https:\/\/finke-colors.eu\/fr\/services\/techniques-dechantillonnage\/","og_site_name":"Finke Colors GmbH","article_modified_time":"2024-11-11T11:57:20+00:00","twitter_card":"summary_large_image","twitter_misc":{"Dur\u00e9e de lecture estim\u00e9e":"4 minutes"},"schema":{"@context":"https:\/\/schema.org","@graph":[{"@type":"WebPage","@id":"https:\/\/finke-colors.eu\/fr\/services\/techniques-dechantillonnage\/","url":"https:\/\/finke-colors.eu\/fr\/services\/techniques-dechantillonnage\/","name":"Techniques d'\u00e9chantillonnage - Finke Colors GmbH","isPartOf":{"@id":"https:\/\/finke-colors.eu\/fr\/#website"},"datePublished":"2022-08-25T10:25:22+00:00","dateModified":"2024-11-11T11:57:20+00:00","breadcrumb":{"@id":"https:\/\/finke-colors.eu\/fr\/services\/techniques-dechantillonnage\/#breadcrumb"},"inLanguage":"fr-FR","potentialAction":[{"@type":"ReadAction","target":["https:\/\/finke-colors.eu\/fr\/services\/techniques-dechantillonnage\/"]}]},{"@type":"BreadcrumbList","@id":"https:\/\/finke-colors.eu\/fr\/services\/techniques-dechantillonnage\/#breadcrumb","itemListElement":[{"@type":"ListItem","position":1,"name":"Startseite","item":"https:\/\/finke-colors.eu\/fr\/"},{"@type":"ListItem","position":2,"name":"Services","item":"https:\/\/finke-colors.eu\/fr\/services\/"},{"@type":"ListItem","position":3,"name":"Techniques d&#8217;\u00e9chantillonnage"}]},{"@type":"WebSite","@id":"https:\/\/finke-colors.eu\/fr\/#website","url":"https:\/\/finke-colors.eu\/fr\/","name":"Finke Colors GmbH","description":"Industrielle Farbe f\u00fcr Kunststoffe","potentialAction":[{"@type":"SearchAction","target":{"@type":"EntryPoint","urlTemplate":"https:\/\/finke-colors.eu\/fr\/?s={search_term_string}"},"query-input":{"@type":"PropertyValueSpecification","valueRequired":true,"valueName":"search_term_string"}}],"inLanguage":"fr-FR"}]}},"_links":{"self":[{"href":"https:\/\/finke-colors.eu\/fr\/wp-json\/wp\/v2\/pages\/2866","targetHints":{"allow":["GET"]}}],"collection":[{"href":"https:\/\/finke-colors.eu\/fr\/wp-json\/wp\/v2\/pages"}],"about":[{"href":"https:\/\/finke-colors.eu\/fr\/wp-json\/wp\/v2\/types\/page"}],"author":[{"embeddable":true,"href":"https:\/\/finke-colors.eu\/fr\/wp-json\/wp\/v2\/users\/1"}],"replies":[{"embeddable":true,"href":"https:\/\/finke-colors.eu\/fr\/wp-json\/wp\/v2\/comments?post=2866"}],"version-history":[{"count":10,"href":"https:\/\/finke-colors.eu\/fr\/wp-json\/wp\/v2\/pages\/2866\/revisions"}],"predecessor-version":[{"id":6543,"href":"https:\/\/finke-colors.eu\/fr\/wp-json\/wp\/v2\/pages\/2866\/revisions\/6543"}],"up":[{"embeddable":true,"href":"https:\/\/finke-colors.eu\/fr\/wp-json\/wp\/v2\/pages\/2267"}],"wp:attachment":[{"href":"https:\/\/finke-colors.eu\/fr\/wp-json\/wp\/v2\/media?parent=2866"}],"wp:term":[{"taxonomy":"wf_page_folders","embeddable":true,"href":"https:\/\/finke-colors.eu\/fr\/wp-json\/wp\/v2\/wf_page_folders?post=2866"}],"curies":[{"name":"wp","href":"https:\/\/api.w.org\/{rel}","templated":true}]}}