{"id":2834,"date":"2022-08-25T12:17:27","date_gmt":"2022-08-25T10:17:27","guid":{"rendered":"https:\/\/finke.pixel-tal.de\/services\/echantillonnage\/"},"modified":"2022-08-26T12:10:39","modified_gmt":"2022-08-26T10:10:39","slug":"echantillonnage","status":"publish","type":"page","link":"https:\/\/finke-colors.eu\/fr\/services\/echantillonnage\/","title":{"rendered":"\u00c9chantillonnage"},"content":{"rendered":"<div id='av_section_1'  class='avia-section av-bn92x-dd71887e593cad3c4c364519177134af main_color avia-section-default avia-no-border-styling  avia-builder-el-0  el_before_av_hr  avia-builder-el-first  avia-bg-style-scroll container_wrap fullsize'  ><div class='container av-section-cont-open' ><main  role=\"main\" itemprop=\"mainContentOfPage\"  class='template-page content  av-content-full alpha units'><div class='post-entry post-entry-type-page post-entry-2834'><div class='entry-content-wrapper clearfix'>\n\n<style type=\"text\/css\" data-created_by=\"avia_inline_auto\" id=\"style-css-av-au6jx-e8044f1483d32b3ccf05ec4e5436415c\">\n.flex_column.av-au6jx-e8044f1483d32b3ccf05ec4e5436415c{\nborder-radius:0px 0px 0px 0px;\npadding:0px 0px 0px 0px;\n}\n<\/style>\n<div  class='flex_column av-au6jx-e8044f1483d32b3ccf05ec4e5436415c av_one_full  avia-builder-el-1  el_before_av_one_half  avia-builder-el-first  first flex_column_div av-zero-column-padding  '     ><section  class='av_textblock_section av-kq0vn7sv-811ce98f8d3dfb6b335387e10f5cd36c '   itemscope=\"itemscope\" itemtype=\"https:\/\/schema.org\/CreativeWork\" ><div class='avia_textblock'  itemprop=\"text\" ><h2>Nous trouvons toujours le <strong>ton juste<\/strong><\/h2>\n<\/div><\/section><\/div>\n<style type=\"text\/css\" data-created_by=\"avia_inline_auto\" id=\"style-css-av-au6jx-e8044f1483d32b3ccf05ec4e5436415c\">\n.flex_column.av-au6jx-e8044f1483d32b3ccf05ec4e5436415c{\nborder-radius:0px 0px 0px 0px;\npadding:0px 0px 0px 0px;\n}\n<\/style>\n<div  class='flex_column av-au6jx-e8044f1483d32b3ccf05ec4e5436415c av_one_half  avia-builder-el-3  el_after_av_one_full  el_before_av_one_half  first flex_column_div av-zero-column-padding  column-top-margin'     ><section  class='av_textblock_section av-kq0vnbqn-f64b90b2d54398fa5ef681a879ecf713 '   itemscope=\"itemscope\" itemtype=\"https:\/\/schema.org\/CreativeWork\" ><div class='avia_textblock'  itemprop=\"text\" ><p>Le r\u00e9glage des couleurs commence g\u00e9n\u00e9ralement par un \u00e9change intensif avec nos clients. Nous d\u00e9finissons ensemble les exigences du projet, examinons les mod\u00e8les de couleurs et les mod\u00e8les de produits que nous avons apport\u00e9s et discutons du m\u00e9lange des couleurs avec nos clients et nos coloristes.<\/p>\n<p>Le grand art du r\u00e9glage des couleurs est l&rsquo;affaire d&rsquo;experts. Nos coloristes sont des sp\u00e9cialistes exp\u00e9riment\u00e9s dans le m\u00e9lange de combinaisons de pigments et trouvent toujours le ton juste. Les souhaits inhabituels des clients et les \u00e9chantillons curieux utilis\u00e9s comme mod\u00e8les ne nous posent aucun probl\u00e8me. Avec plus de 70 ans d&rsquo;exp\u00e9rience et le savoir-faire existant en mati\u00e8re de colorim\u00e9trie, nous sommes le partenaire id\u00e9al pour votre projet.<\/p>\n<\/div><\/section><\/div>\n<style type=\"text\/css\" data-created_by=\"avia_inline_auto\" id=\"style-css-av-au6jx-c6ccbe3b6eeaf319e026adea3040a16f\">\n.flex_column.av-au6jx-c6ccbe3b6eeaf319e026adea3040a16f{\nborder-radius:0px 0px 0px 0px;\npadding:0px 0px 0px 0px;\n}\n<\/style>\n<div  class='flex_column av-au6jx-c6ccbe3b6eeaf319e026adea3040a16f av_one_half  avia-builder-el-5  el_after_av_one_half  avia-builder-el-last  flex_column_div av-zero-column-padding  column-top-margin'     ><section  class='av_textblock_section av-kq0vnbqn-f64b90b2d54398fa5ef681a879ecf713 '   itemscope=\"itemscope\" itemtype=\"https:\/\/schema.org\/CreativeWork\" ><div class='avia_textblock'  itemprop=\"text\" ><p>Nous savons qu&rsquo;une couleur n&rsquo;est jamais aussi bonne que son comportement lors du traitement. C&rsquo;est pourquoi nous consid\u00e9rons que le r\u00e9glage professionnel des couleurs implique de tester le comportement lors de la pr\u00e9paration de la couleur d\u00e9velopp\u00e9e dans des conditions de production sp\u00e9cifiques au client.<\/p>\n<p>Nous entretenons des installations d&rsquo;\u00e9chantillonnage et de production pour tous les proc\u00e9d\u00e9s de traitement courants et fabriquons tous les \u00e9chantillons de produits et de couleurs dans des conditions proches de la r\u00e9alit\u00e9. Nous reproduisons \u00e0 petite \u00e9chelle exactement les technologies utilis\u00e9es dans la production du client, notamment le moulage par injection, l&rsquo;extrusion de films plats et souffl\u00e9s, l&rsquo;extrusion-soufflage de bouteilles (PE et PP) et le moulage par injection-soufflage (PET).<\/p>\n<\/div><\/section><\/div>\n<\/div><\/div><\/main><!-- close content main element --><\/div><\/div><div id='after_section_1'  class='main_color av_default_container_wrap container_wrap fullsize'  ><div class='container av-section-cont-open' ><div class='template-page content  av-content-full alpha units'><div class='post-entry post-entry-type-page post-entry-2834'><div class='entry-content-wrapper clearfix'>\n<div  class='hr av-kqjerqdu-49d9d6b336f2528c65110ae1baa8c43c hr-big  avia-builder-el-7  el_after_av_section  el_before_av_section  avia-builder-el-no-sibling '><span class='hr-inner '><span class=\"hr-inner-style\"><\/span><\/span><\/div>\n<\/div><\/div><\/div><!-- close content main div --><\/div><\/div><div id='av_section_2'  class='avia-section av-2qmov-59e03fbbebf766dcf3d55da612bf7fd5 main_color avia-section-default avia-no-border-styling  avia-builder-el-8  el_after_av_hr  avia-builder-el-last  avia-bg-style-scroll container_wrap fullsize'  ><div class='container av-section-cont-open' ><div class='template-page content  av-content-full alpha units'><div class='post-entry post-entry-type-page post-entry-2834'><div class='entry-content-wrapper clearfix'>\n\n<style type=\"text\/css\" data-created_by=\"avia_inline_auto\" id=\"style-css-av-au6jx-e8044f1483d32b3ccf05ec4e5436415c\">\n.flex_column.av-au6jx-e8044f1483d32b3ccf05ec4e5436415c{\nborder-radius:0px 0px 0px 0px;\npadding:0px 0px 0px 0px;\n}\n<\/style>\n<div  class='flex_column av-au6jx-e8044f1483d32b3ccf05ec4e5436415c av_one_full  avia-builder-el-9  el_before_av_one_third  avia-builder-el-first  first flex_column_div av-zero-column-padding  '     ><section  class='av_textblock_section av-kq0vn7sv-811ce98f8d3dfb6b335387e10f5cd36c '   itemscope=\"itemscope\" itemtype=\"https:\/\/schema.org\/CreativeWork\" ><div class='avia_textblock'  itemprop=\"text\" ><h2><strong>Quelques \u00e9tapes suffis<\/strong> ent pour obtenir un \u00e9chantillon de couleur d\u00e9finitif<\/h2>\n<\/div><\/section><\/div>\n<style type=\"text\/css\" data-created_by=\"avia_inline_auto\" id=\"style-css-av-1b5oj-a4a226b7f80b116ff8c799ff0a2d6154\">\n.flex_column.av-1b5oj-a4a226b7f80b116ff8c799ff0a2d6154{\nborder-radius:0px 0px 0px 0px;\npadding:0px 0px 0px 0px;\n}\n<\/style>\n<div  class='flex_column av-1b5oj-a4a226b7f80b116ff8c799ff0a2d6154 av_one_third  avia-builder-el-11  el_after_av_one_full  el_before_av_one_third  pixel-infobox first flex_column_div av-zero-column-padding  column-top-margin'     ><p>\n<style type=\"text\/css\" data-created_by=\"avia_inline_auto\" id=\"style-css-av-kqjakq9q-c41ef5e5b6eeae8b6a73539a17c8f0d2\">\n.avia-image-container.av-kqjakq9q-c41ef5e5b6eeae8b6a73539a17c8f0d2 img.avia_image{\nbox-shadow:none;\n}\n.avia-image-container.av-kqjakq9q-c41ef5e5b6eeae8b6a73539a17c8f0d2 .av-image-caption-overlay-center{\ncolor:#ffffff;\n}\n<\/style>\n<div  class='avia-image-container av-kqjakq9q-c41ef5e5b6eeae8b6a73539a17c8f0d2 av-styling- avia-align-center  avia-builder-el-12  el_before_av_textblock  avia-builder-el-first '   itemprop=\"image\" itemscope=\"itemscope\" itemtype=\"https:\/\/schema.org\/ImageObject\" ><div class=\"avia-image-container-inner\"><div class=\"avia-image-overlay-wrap\"><img decoding=\"async\" fetchpriority=\"high\" class='wp-image-1932 avia-img-lazy-loading-not-1932 avia_image ' src=\"https:\/\/finke-colors.eu\/wp-content\/uploads\/finke_farbeinstellungen_kundenbriefing.jpg\" alt='' title='finke_farbeinstellungen_kundenbriefing'  height=\"200\" width=\"440\"  itemprop=\"thumbnailUrl\" srcset=\"https:\/\/finke-colors.eu\/wp-content\/uploads\/finke_farbeinstellungen_kundenbriefing.jpg 440w, https:\/\/finke-colors.eu\/wp-content\/uploads\/finke_farbeinstellungen_kundenbriefing-300x136.jpg 300w\" sizes=\"(max-width: 440px) 100vw, 440px\" \/><\/div><\/div><\/div><br \/>\n<section  class='av_textblock_section av-kq0vnbqn-f64b90b2d54398fa5ef681a879ecf713 '   itemscope=\"itemscope\" itemtype=\"https:\/\/schema.org\/CreativeWork\" ><div class='avia_textblock'  itemprop=\"text\" ><h4>Briefing client<\/h4>\n<\/div><\/section><\/p><\/div>\n<style type=\"text\/css\" data-created_by=\"avia_inline_auto\" id=\"style-css-av-1b5oj-0c5dca801f91fbc36a173922996d7c9c\">\n.flex_column.av-1b5oj-0c5dca801f91fbc36a173922996d7c9c{\nborder-radius:0px 0px 0px 0px;\npadding:0px 0px 0px 0px;\n}\n<\/style>\n<div  class='flex_column av-1b5oj-0c5dca801f91fbc36a173922996d7c9c av_one_third  avia-builder-el-14  el_after_av_one_third  el_before_av_one_third  pixel-infobox flex_column_div av-zero-column-padding  column-top-margin'     ><p>\n<style type=\"text\/css\" data-created_by=\"avia_inline_auto\" id=\"style-css-av-kqjakq9q-11a67888f76c18e4e904cbf0a2282381\">\n.avia-image-container.av-kqjakq9q-11a67888f76c18e4e904cbf0a2282381 img.avia_image{\nbox-shadow:none;\n}\n.avia-image-container.av-kqjakq9q-11a67888f76c18e4e904cbf0a2282381 .av-image-caption-overlay-center{\ncolor:#ffffff;\n}\n<\/style>\n<div  class='avia-image-container av-kqjakq9q-11a67888f76c18e4e904cbf0a2282381 av-styling- avia-align-center  avia-builder-el-15  el_before_av_textblock  avia-builder-el-first '   itemprop=\"image\" itemscope=\"itemscope\" itemtype=\"https:\/\/schema.org\/ImageObject\" ><div class=\"avia-image-container-inner\"><div class=\"avia-image-overlay-wrap\"><img decoding=\"async\" fetchpriority=\"high\" class='wp-image-1936 avia-img-lazy-loading-not-1936 avia_image ' src=\"https:\/\/finke-colors.eu\/wp-content\/uploads\/finke_farbeinstellungen_koloration.jpg\" alt='' title='finke_farbeinstellungen_koloration'  height=\"200\" width=\"440\"  itemprop=\"thumbnailUrl\" srcset=\"https:\/\/finke-colors.eu\/wp-content\/uploads\/finke_farbeinstellungen_koloration.jpg 440w, https:\/\/finke-colors.eu\/wp-content\/uploads\/finke_farbeinstellungen_koloration-300x136.jpg 300w\" sizes=\"(max-width: 440px) 100vw, 440px\" \/><\/div><\/div><\/div><br \/>\n<section  class='av_textblock_section av-kq0vnbqn-f64b90b2d54398fa5ef681a879ecf713 '   itemscope=\"itemscope\" itemtype=\"https:\/\/schema.org\/CreativeWork\" ><div class='avia_textblock'  itemprop=\"text\" ><h4>Coloration<\/h4>\n<\/div><\/section><\/p><\/div>\n<style type=\"text\/css\" data-created_by=\"avia_inline_auto\" id=\"style-css-av-1b5oj-0c5dca801f91fbc36a173922996d7c9c\">\n.flex_column.av-1b5oj-0c5dca801f91fbc36a173922996d7c9c{\nborder-radius:0px 0px 0px 0px;\npadding:0px 0px 0px 0px;\n}\n<\/style>\n<div  class='flex_column av-1b5oj-0c5dca801f91fbc36a173922996d7c9c av_one_third  avia-builder-el-17  el_after_av_one_third  avia-builder-el-last  pixel-infobox flex_column_div av-zero-column-padding  column-top-margin'     ><p>\n<style type=\"text\/css\" data-created_by=\"avia_inline_auto\" id=\"style-css-av-kqjakq9q-6a578d93749282cb5f9b0979f02cd8f3\">\n.avia-image-container.av-kqjakq9q-6a578d93749282cb5f9b0979f02cd8f3 img.avia_image{\nbox-shadow:none;\n}\n.avia-image-container.av-kqjakq9q-6a578d93749282cb5f9b0979f02cd8f3 .av-image-caption-overlay-center{\ncolor:#ffffff;\n}\n<\/style>\n<div  class='avia-image-container av-kqjakq9q-6a578d93749282cb5f9b0979f02cd8f3 av-styling- avia-align-center  avia-builder-el-18  el_before_av_textblock  avia-builder-el-first '   itemprop=\"image\" itemscope=\"itemscope\" itemtype=\"https:\/\/schema.org\/ImageObject\" ><div class=\"avia-image-container-inner\"><div class=\"avia-image-overlay-wrap\"><img decoding=\"async\" fetchpriority=\"high\" class='wp-image-1934 avia-img-lazy-loading-not-1934 avia_image ' src=\"https:\/\/finke-colors.eu\/wp-content\/uploads\/finke_farbeinstellungen_bemusterung.jpg\" alt='' title='finke_farbeinstellungen_bemusterung'  height=\"200\" width=\"440\"  itemprop=\"thumbnailUrl\" srcset=\"https:\/\/finke-colors.eu\/wp-content\/uploads\/finke_farbeinstellungen_bemusterung.jpg 440w, https:\/\/finke-colors.eu\/wp-content\/uploads\/finke_farbeinstellungen_bemusterung-300x136.jpg 300w\" sizes=\"(max-width: 440px) 100vw, 440px\" \/><\/div><\/div><\/div><br \/>\n<section  class='av_textblock_section av-kq0vnbqn-f64b90b2d54398fa5ef681a879ecf713 '   itemscope=\"itemscope\" itemtype=\"https:\/\/schema.org\/CreativeWork\" ><div class='avia_textblock'  itemprop=\"text\" ><h4>\u00c9chantillonnage<\/h4>\n<\/div><\/section><\/p><\/div>\n\n","protected":false},"excerpt":{"rendered":"","protected":false},"author":1,"featured_media":0,"parent":2267,"menu_order":1,"comment_status":"closed","ping_status":"closed","template":"","meta":{"_acf_changed":false,"footnotes":""},"wf_page_folders":[],"class_list":["post-2834","page","type-page","status-publish","hentry"],"acf":[],"yoast_head":"<!-- This site is optimized with the Yoast SEO plugin v27.3 - https:\/\/yoast.com\/product\/yoast-seo-wordpress\/ -->\n<title>\u00c9chantillonnage - Finke Colors GmbH<\/title>\n<meta name=\"robots\" content=\"index, follow, max-snippet:-1, max-image-preview:large, max-video-preview:-1\" \/>\n<link rel=\"canonical\" href=\"https:\/\/finke-colors.eu\/fr\/services\/echantillonnage\/\" \/>\n<meta property=\"og:locale\" content=\"fr_FR\" \/>\n<meta property=\"og:type\" content=\"article\" \/>\n<meta property=\"og:title\" content=\"\u00c9chantillonnage - Finke Colors GmbH\" \/>\n<meta property=\"og:url\" content=\"https:\/\/finke-colors.eu\/fr\/services\/echantillonnage\/\" \/>\n<meta property=\"og:site_name\" content=\"Finke Colors GmbH\" \/>\n<meta property=\"article:modified_time\" content=\"2022-08-26T10:10:39+00:00\" \/>\n<meta name=\"twitter:card\" content=\"summary_large_image\" \/>\n<meta name=\"twitter:label1\" content=\"Dur\u00e9e de lecture estim\u00e9e\" \/>\n\t<meta name=\"twitter:data1\" content=\"10 minutes\" \/>\n<script type=\"application\/ld+json\" class=\"yoast-schema-graph\">{\"@context\":\"https:\\\/\\\/schema.org\",\"@graph\":[{\"@type\":\"WebPage\",\"@id\":\"https:\\\/\\\/finke-colors.eu\\\/fr\\\/services\\\/echantillonnage\\\/\",\"url\":\"https:\\\/\\\/finke-colors.eu\\\/fr\\\/services\\\/echantillonnage\\\/\",\"name\":\"\u00c9chantillonnage - Finke Colors GmbH\",\"isPartOf\":{\"@id\":\"https:\\\/\\\/finke-colors.eu\\\/fr\\\/#website\"},\"datePublished\":\"2022-08-25T10:17:27+00:00\",\"dateModified\":\"2022-08-26T10:10:39+00:00\",\"breadcrumb\":{\"@id\":\"https:\\\/\\\/finke-colors.eu\\\/fr\\\/services\\\/echantillonnage\\\/#breadcrumb\"},\"inLanguage\":\"fr-FR\",\"potentialAction\":[{\"@type\":\"ReadAction\",\"target\":[\"https:\\\/\\\/finke-colors.eu\\\/fr\\\/services\\\/echantillonnage\\\/\"]}]},{\"@type\":\"BreadcrumbList\",\"@id\":\"https:\\\/\\\/finke-colors.eu\\\/fr\\\/services\\\/echantillonnage\\\/#breadcrumb\",\"itemListElement\":[{\"@type\":\"ListItem\",\"position\":1,\"name\":\"Startseite\",\"item\":\"https:\\\/\\\/finke-colors.eu\\\/fr\\\/\"},{\"@type\":\"ListItem\",\"position\":2,\"name\":\"Services\",\"item\":\"https:\\\/\\\/finke-colors.eu\\\/fr\\\/services\\\/\"},{\"@type\":\"ListItem\",\"position\":3,\"name\":\"\u00c9chantillonnage\"}]},{\"@type\":\"WebSite\",\"@id\":\"https:\\\/\\\/finke-colors.eu\\\/fr\\\/#website\",\"url\":\"https:\\\/\\\/finke-colors.eu\\\/fr\\\/\",\"name\":\"Finke Colors GmbH\",\"description\":\"Industrielle Farbe f\u00fcr Kunststoffe\",\"potentialAction\":[{\"@type\":\"SearchAction\",\"target\":{\"@type\":\"EntryPoint\",\"urlTemplate\":\"https:\\\/\\\/finke-colors.eu\\\/fr\\\/?s={search_term_string}\"},\"query-input\":{\"@type\":\"PropertyValueSpecification\",\"valueRequired\":true,\"valueName\":\"search_term_string\"}}],\"inLanguage\":\"fr-FR\"}]}<\/script>\n<!-- \/ Yoast SEO plugin. -->","yoast_head_json":{"title":"\u00c9chantillonnage - Finke Colors GmbH","robots":{"index":"index","follow":"follow","max-snippet":"max-snippet:-1","max-image-preview":"max-image-preview:large","max-video-preview":"max-video-preview:-1"},"canonical":"https:\/\/finke-colors.eu\/fr\/services\/echantillonnage\/","og_locale":"fr_FR","og_type":"article","og_title":"\u00c9chantillonnage - Finke Colors GmbH","og_url":"https:\/\/finke-colors.eu\/fr\/services\/echantillonnage\/","og_site_name":"Finke Colors GmbH","article_modified_time":"2022-08-26T10:10:39+00:00","twitter_card":"summary_large_image","twitter_misc":{"Dur\u00e9e de lecture estim\u00e9e":"10 minutes"},"schema":{"@context":"https:\/\/schema.org","@graph":[{"@type":"WebPage","@id":"https:\/\/finke-colors.eu\/fr\/services\/echantillonnage\/","url":"https:\/\/finke-colors.eu\/fr\/services\/echantillonnage\/","name":"\u00c9chantillonnage - Finke Colors GmbH","isPartOf":{"@id":"https:\/\/finke-colors.eu\/fr\/#website"},"datePublished":"2022-08-25T10:17:27+00:00","dateModified":"2022-08-26T10:10:39+00:00","breadcrumb":{"@id":"https:\/\/finke-colors.eu\/fr\/services\/echantillonnage\/#breadcrumb"},"inLanguage":"fr-FR","potentialAction":[{"@type":"ReadAction","target":["https:\/\/finke-colors.eu\/fr\/services\/echantillonnage\/"]}]},{"@type":"BreadcrumbList","@id":"https:\/\/finke-colors.eu\/fr\/services\/echantillonnage\/#breadcrumb","itemListElement":[{"@type":"ListItem","position":1,"name":"Startseite","item":"https:\/\/finke-colors.eu\/fr\/"},{"@type":"ListItem","position":2,"name":"Services","item":"https:\/\/finke-colors.eu\/fr\/services\/"},{"@type":"ListItem","position":3,"name":"\u00c9chantillonnage"}]},{"@type":"WebSite","@id":"https:\/\/finke-colors.eu\/fr\/#website","url":"https:\/\/finke-colors.eu\/fr\/","name":"Finke Colors GmbH","description":"Industrielle Farbe f\u00fcr Kunststoffe","potentialAction":[{"@type":"SearchAction","target":{"@type":"EntryPoint","urlTemplate":"https:\/\/finke-colors.eu\/fr\/?s={search_term_string}"},"query-input":{"@type":"PropertyValueSpecification","valueRequired":true,"valueName":"search_term_string"}}],"inLanguage":"fr-FR"}]}},"_links":{"self":[{"href":"https:\/\/finke-colors.eu\/fr\/wp-json\/wp\/v2\/pages\/2834","targetHints":{"allow":["GET"]}}],"collection":[{"href":"https:\/\/finke-colors.eu\/fr\/wp-json\/wp\/v2\/pages"}],"about":[{"href":"https:\/\/finke-colors.eu\/fr\/wp-json\/wp\/v2\/types\/page"}],"author":[{"embeddable":true,"href":"https:\/\/finke-colors.eu\/fr\/wp-json\/wp\/v2\/users\/1"}],"replies":[{"embeddable":true,"href":"https:\/\/finke-colors.eu\/fr\/wp-json\/wp\/v2\/comments?post=2834"}],"version-history":[{"count":2,"href":"https:\/\/finke-colors.eu\/fr\/wp-json\/wp\/v2\/pages\/2834\/revisions"}],"predecessor-version":[{"id":3480,"href":"https:\/\/finke-colors.eu\/fr\/wp-json\/wp\/v2\/pages\/2834\/revisions\/3480"}],"up":[{"embeddable":true,"href":"https:\/\/finke-colors.eu\/fr\/wp-json\/wp\/v2\/pages\/2267"}],"wp:attachment":[{"href":"https:\/\/finke-colors.eu\/fr\/wp-json\/wp\/v2\/media?parent=2834"}],"wp:term":[{"taxonomy":"wf_page_folders","embeddable":true,"href":"https:\/\/finke-colors.eu\/fr\/wp-json\/wp\/v2\/wf_page_folders?post=2834"}],"curies":[{"name":"wp","href":"https:\/\/api.w.org\/{rel}","templated":true}]}}