{"id":2764,"date":"2022-08-25T12:17:25","date_gmt":"2022-08-25T10:17:25","guid":{"rendered":"https:\/\/finke.pixel-tal.de\/services\/analytique\/"},"modified":"2022-08-26T12:10:31","modified_gmt":"2022-08-26T10:10:31","slug":"analytique","status":"publish","type":"page","link":"https:\/\/finke-colors.eu\/fr\/services\/analytique\/","title":{"rendered":"Analytique"},"content":{"rendered":"<div id='av_section_1'  class='avia-section av-bn92x-f0024e3670d3dd4b126cf19d582a1598 main_color avia-section-default avia-no-border-styling  avia-builder-el-0  el_before_av_section  avia-builder-el-first  pixel-headersection avia-bg-style-scroll container_wrap fullsize'  ><div class='container av-section-cont-open' ><main  role=\"main\" itemprop=\"mainContentOfPage\"  class='template-page content  av-content-full alpha units'><div class='post-entry post-entry-type-page post-entry-2764'><div class='entry-content-wrapper clearfix'>\n\n<style type=\"text\/css\" data-created_by=\"avia_inline_auto\" id=\"style-css-av-au6jx-333098f2a67dee2af250a47a9345ab72\">\n.flex_column.av-au6jx-333098f2a67dee2af250a47a9345ab72{\nborder-radius:0px 0px 0px 0px;\npadding:0px 0px 0px 0px;\n}\n<\/style>\n<div  class='flex_column av-au6jx-333098f2a67dee2af250a47a9345ab72 av_one_full  avia-builder-el-1  avia-builder-el-no-sibling  first flex_column_div av-zero-column-padding  '     ><style type=\"text\/css\" data-created_by=\"avia_inline_auto\" id=\"style-css-av-svyr-131d372386a9d51b6e3783e9ad8dce8a\">\n.avia-image-container.av-svyr-131d372386a9d51b6e3783e9ad8dce8a img.avia_image{\nbox-shadow:none;\n}\n.avia-image-container.av-svyr-131d372386a9d51b6e3783e9ad8dce8a .av-image-caption-overlay-center{\ncolor:#ffffff;\n}\n<\/style>\n<div  class='avia-image-container av-svyr-131d372386a9d51b6e3783e9ad8dce8a av-styling- avia-align-center  avia-builder-el-2  avia-builder-el-no-sibling '   itemprop=\"image\" itemscope=\"itemscope\" itemtype=\"https:\/\/schema.org\/ImageObject\" ><div class=\"avia-image-container-inner\"><div class=\"avia-image-overlay-wrap\"><img decoding=\"async\" fetchpriority=\"high\" class='wp-image-2077 avia-img-lazy-loading-not-2077 avia_image ' src=\"https:\/\/finke-colors.eu\/wp-content\/uploads\/finke_header_services_analytik.jpg\" alt='' title='finke_header_services_analytik'  height=\"300\" width=\"1920\"  itemprop=\"thumbnailUrl\" srcset=\"https:\/\/finke-colors.eu\/wp-content\/uploads\/finke_header_services_analytik.jpg 1920w, https:\/\/finke-colors.eu\/wp-content\/uploads\/finke_header_services_analytik-300x47.jpg 300w, https:\/\/finke-colors.eu\/wp-content\/uploads\/finke_header_services_analytik-1030x161.jpg 1030w, https:\/\/finke-colors.eu\/wp-content\/uploads\/finke_header_services_analytik-768x120.jpg 768w\" sizes=\"(max-width: 1920px) 100vw, 1920px\" \/><\/div><\/div><\/div><\/div><\/div><\/div><\/main><!-- close content main element --><\/div><\/div><div id='av_section_2'  class='avia-section av-bn92x-dd71887e593cad3c4c364519177134af main_color avia-section-default avia-no-border-styling  avia-builder-el-3  el_after_av_section  avia-builder-el-last  avia-bg-style-scroll container_wrap fullsize'  ><div class='container av-section-cont-open' ><div class='template-page content  av-content-full alpha units'><div class='post-entry post-entry-type-page post-entry-2764'><div class='entry-content-wrapper clearfix'>\n\n<style type=\"text\/css\" data-created_by=\"avia_inline_auto\" id=\"style-css-av-au6jx-e8044f1483d32b3ccf05ec4e5436415c\">\n.flex_column.av-au6jx-e8044f1483d32b3ccf05ec4e5436415c{\nborder-radius:0px 0px 0px 0px;\npadding:0px 0px 0px 0px;\n}\n<\/style>\n<div  class='flex_column av-au6jx-e8044f1483d32b3ccf05ec4e5436415c av_one_full  avia-builder-el-4  el_before_av_one_half  avia-builder-el-first  first flex_column_div av-zero-column-padding  '     ><section  class='av_textblock_section av-kq0vn7sv-811ce98f8d3dfb6b335387e10f5cd36c '   itemscope=\"itemscope\" itemtype=\"https:\/\/schema.org\/CreativeWork\" ><div class='avia_textblock'  itemprop=\"text\" ><h2><strong>Des mesures exactes,<\/strong> des r\u00e9sultats incorruptibles<\/h2>\n<\/div><\/section><\/div>\n<style type=\"text\/css\" data-created_by=\"avia_inline_auto\" id=\"style-css-av-au6jx-e8044f1483d32b3ccf05ec4e5436415c\">\n.flex_column.av-au6jx-e8044f1483d32b3ccf05ec4e5436415c{\nborder-radius:0px 0px 0px 0px;\npadding:0px 0px 0px 0px;\n}\n<\/style>\n<div  class='flex_column av-au6jx-e8044f1483d32b3ccf05ec4e5436415c av_one_half  avia-builder-el-6  el_after_av_one_full  el_before_av_one_half  first flex_column_div av-zero-column-padding  column-top-margin'     ><section  class='av_textblock_section av-kq0vnbqn-f64b90b2d54398fa5ef681a879ecf713 '   itemscope=\"itemscope\" itemtype=\"https:\/\/schema.org\/CreativeWork\" ><div class='avia_textblock'  itemprop=\"text\" ><p>L&rsquo;analytique est un service appr\u00e9ci\u00e9 et souvent demand\u00e9 que nous proposons \u00e0 nos clients. En effet, les m\u00e9thodes d&rsquo;analyse technique permettent de d\u00e9terminer assez rapidement et facilement quel produit, de quelle qualit\u00e9 et avec quelles propri\u00e9t\u00e9s, est adapt\u00e9 \u00e0 l&rsquo;application et comment obtenir la meilleure ouvrabilit\u00e9 possible.<\/p>\n<p>Nous pouvons ainsi d\u00e9terminer le gauchissement, la dispersibilit\u00e9, l&rsquo;homog\u00e9n\u00e9it\u00e9 ou la compatibilit\u00e9 avec les mat\u00e9riaux de support de nos produits sans avoir recours \u00e0 des m\u00e9thodes de mesure complexes et fastidieuses. Au final, une mise en \u0153uvre et une adaptation rapides des recettes sont possibles.<\/p>\n<\/div><\/section><\/div>\n<style type=\"text\/css\" data-created_by=\"avia_inline_auto\" id=\"style-css-av-au6jx-c6ccbe3b6eeaf319e026adea3040a16f\">\n.flex_column.av-au6jx-c6ccbe3b6eeaf319e026adea3040a16f{\nborder-radius:0px 0px 0px 0px;\npadding:0px 0px 0px 0px;\n}\n<\/style>\n<div  class='flex_column av-au6jx-c6ccbe3b6eeaf319e026adea3040a16f av_one_half  avia-builder-el-8  el_after_av_one_half  avia-builder-el-last  flex_column_div av-zero-column-padding  column-top-margin'     ><section  class='av_textblock_section av-kq0vnbqn-f64b90b2d54398fa5ef681a879ecf713 '   itemscope=\"itemscope\" itemtype=\"https:\/\/schema.org\/CreativeWork\" ><div class='avia_textblock'  itemprop=\"text\" ><p>En outre, l&rsquo;analytique apporte une aide pr\u00e9cieuse pour \u00e9lucider les probl\u00e8mes de traitement. Gr\u00e2ce \u00e0 une analyse cibl\u00e9e, nous pouvons g\u00e9n\u00e9ralement en d\u00e9terminer rapidement la cause, ce qui augmente consid\u00e9rablement l&rsquo;efficacit\u00e9 et la rentabilit\u00e9 des processus de production.<\/p>\n<p>Pour que notre laboratoire d&rsquo;analyse garantisse toujours un maximum d&rsquo;efficacit\u00e9 et de pr\u00e9cision, nous adaptons continuellement notre \u00e9quipement technique aux derni\u00e8res avanc\u00e9es technologiques. D\u00e8s que nous disposons de nouveaux proc\u00e9d\u00e9s et technologies, nous soumettons \u00e9galement les recettes existantes \u00e0 une nouvelle analyse et les actualisons et les optimisons si n\u00e9cessaire. Ainsi, nos recettes sont toujours \u00e0 la pointe du progr\u00e8s et r\u00e9pondent aux normes de qualit\u00e9 les plus \u00e9lev\u00e9es.<\/p>\n<\/div><\/section><\/div>\n<\/p>\n","protected":false},"excerpt":{"rendered":"","protected":false},"author":1,"featured_media":0,"parent":2267,"menu_order":4,"comment_status":"closed","ping_status":"closed","template":"","meta":{"_acf_changed":false,"footnotes":""},"wf_page_folders":[],"class_list":["post-2764","page","type-page","status-publish","hentry"],"acf":[],"yoast_head":"<!-- This site is optimized with the Yoast SEO plugin v27.3 - https:\/\/yoast.com\/product\/yoast-seo-wordpress\/ -->\n<title>Analytique - Finke Colors GmbH<\/title>\n<meta name=\"robots\" content=\"index, follow, max-snippet:-1, max-image-preview:large, max-video-preview:-1\" \/>\n<link rel=\"canonical\" href=\"https:\/\/finke-colors.eu\/fr\/services\/analytique\/\" \/>\n<meta property=\"og:locale\" content=\"fr_FR\" \/>\n<meta property=\"og:type\" content=\"article\" \/>\n<meta property=\"og:title\" content=\"Analytique - Finke Colors GmbH\" \/>\n<meta property=\"og:url\" content=\"https:\/\/finke-colors.eu\/fr\/services\/analytique\/\" \/>\n<meta property=\"og:site_name\" content=\"Finke Colors GmbH\" \/>\n<meta property=\"article:modified_time\" content=\"2022-08-26T10:10:31+00:00\" \/>\n<meta name=\"twitter:card\" content=\"summary_large_image\" \/>\n<meta name=\"twitter:label1\" content=\"Dur\u00e9e de lecture estim\u00e9e\" \/>\n\t<meta name=\"twitter:data1\" content=\"6 minutes\" \/>\n<script type=\"application\/ld+json\" class=\"yoast-schema-graph\">{\"@context\":\"https:\\\/\\\/schema.org\",\"@graph\":[{\"@type\":\"WebPage\",\"@id\":\"https:\\\/\\\/finke-colors.eu\\\/fr\\\/services\\\/analytique\\\/\",\"url\":\"https:\\\/\\\/finke-colors.eu\\\/fr\\\/services\\\/analytique\\\/\",\"name\":\"Analytique - Finke Colors GmbH\",\"isPartOf\":{\"@id\":\"https:\\\/\\\/finke-colors.eu\\\/fr\\\/#website\"},\"datePublished\":\"2022-08-25T10:17:25+00:00\",\"dateModified\":\"2022-08-26T10:10:31+00:00\",\"breadcrumb\":{\"@id\":\"https:\\\/\\\/finke-colors.eu\\\/fr\\\/services\\\/analytique\\\/#breadcrumb\"},\"inLanguage\":\"fr-FR\",\"potentialAction\":[{\"@type\":\"ReadAction\",\"target\":[\"https:\\\/\\\/finke-colors.eu\\\/fr\\\/services\\\/analytique\\\/\"]}]},{\"@type\":\"BreadcrumbList\",\"@id\":\"https:\\\/\\\/finke-colors.eu\\\/fr\\\/services\\\/analytique\\\/#breadcrumb\",\"itemListElement\":[{\"@type\":\"ListItem\",\"position\":1,\"name\":\"Startseite\",\"item\":\"https:\\\/\\\/finke-colors.eu\\\/fr\\\/\"},{\"@type\":\"ListItem\",\"position\":2,\"name\":\"Services\",\"item\":\"https:\\\/\\\/finke-colors.eu\\\/fr\\\/services\\\/\"},{\"@type\":\"ListItem\",\"position\":3,\"name\":\"Analytique\"}]},{\"@type\":\"WebSite\",\"@id\":\"https:\\\/\\\/finke-colors.eu\\\/fr\\\/#website\",\"url\":\"https:\\\/\\\/finke-colors.eu\\\/fr\\\/\",\"name\":\"Finke Colors GmbH\",\"description\":\"Industrielle Farbe f\u00fcr Kunststoffe\",\"potentialAction\":[{\"@type\":\"SearchAction\",\"target\":{\"@type\":\"EntryPoint\",\"urlTemplate\":\"https:\\\/\\\/finke-colors.eu\\\/fr\\\/?s={search_term_string}\"},\"query-input\":{\"@type\":\"PropertyValueSpecification\",\"valueRequired\":true,\"valueName\":\"search_term_string\"}}],\"inLanguage\":\"fr-FR\"}]}<\/script>\n<!-- \/ Yoast SEO plugin. -->","yoast_head_json":{"title":"Analytique - Finke Colors GmbH","robots":{"index":"index","follow":"follow","max-snippet":"max-snippet:-1","max-image-preview":"max-image-preview:large","max-video-preview":"max-video-preview:-1"},"canonical":"https:\/\/finke-colors.eu\/fr\/services\/analytique\/","og_locale":"fr_FR","og_type":"article","og_title":"Analytique - Finke Colors GmbH","og_url":"https:\/\/finke-colors.eu\/fr\/services\/analytique\/","og_site_name":"Finke Colors GmbH","article_modified_time":"2022-08-26T10:10:31+00:00","twitter_card":"summary_large_image","twitter_misc":{"Dur\u00e9e de lecture estim\u00e9e":"6 minutes"},"schema":{"@context":"https:\/\/schema.org","@graph":[{"@type":"WebPage","@id":"https:\/\/finke-colors.eu\/fr\/services\/analytique\/","url":"https:\/\/finke-colors.eu\/fr\/services\/analytique\/","name":"Analytique - Finke Colors GmbH","isPartOf":{"@id":"https:\/\/finke-colors.eu\/fr\/#website"},"datePublished":"2022-08-25T10:17:25+00:00","dateModified":"2022-08-26T10:10:31+00:00","breadcrumb":{"@id":"https:\/\/finke-colors.eu\/fr\/services\/analytique\/#breadcrumb"},"inLanguage":"fr-FR","potentialAction":[{"@type":"ReadAction","target":["https:\/\/finke-colors.eu\/fr\/services\/analytique\/"]}]},{"@type":"BreadcrumbList","@id":"https:\/\/finke-colors.eu\/fr\/services\/analytique\/#breadcrumb","itemListElement":[{"@type":"ListItem","position":1,"name":"Startseite","item":"https:\/\/finke-colors.eu\/fr\/"},{"@type":"ListItem","position":2,"name":"Services","item":"https:\/\/finke-colors.eu\/fr\/services\/"},{"@type":"ListItem","position":3,"name":"Analytique"}]},{"@type":"WebSite","@id":"https:\/\/finke-colors.eu\/fr\/#website","url":"https:\/\/finke-colors.eu\/fr\/","name":"Finke Colors GmbH","description":"Industrielle Farbe f\u00fcr Kunststoffe","potentialAction":[{"@type":"SearchAction","target":{"@type":"EntryPoint","urlTemplate":"https:\/\/finke-colors.eu\/fr\/?s={search_term_string}"},"query-input":{"@type":"PropertyValueSpecification","valueRequired":true,"valueName":"search_term_string"}}],"inLanguage":"fr-FR"}]}},"_links":{"self":[{"href":"https:\/\/finke-colors.eu\/fr\/wp-json\/wp\/v2\/pages\/2764","targetHints":{"allow":["GET"]}}],"collection":[{"href":"https:\/\/finke-colors.eu\/fr\/wp-json\/wp\/v2\/pages"}],"about":[{"href":"https:\/\/finke-colors.eu\/fr\/wp-json\/wp\/v2\/types\/page"}],"author":[{"embeddable":true,"href":"https:\/\/finke-colors.eu\/fr\/wp-json\/wp\/v2\/users\/1"}],"replies":[{"embeddable":true,"href":"https:\/\/finke-colors.eu\/fr\/wp-json\/wp\/v2\/comments?post=2764"}],"version-history":[{"count":2,"href":"https:\/\/finke-colors.eu\/fr\/wp-json\/wp\/v2\/pages\/2764\/revisions"}],"predecessor-version":[{"id":3473,"href":"https:\/\/finke-colors.eu\/fr\/wp-json\/wp\/v2\/pages\/2764\/revisions\/3473"}],"up":[{"embeddable":true,"href":"https:\/\/finke-colors.eu\/fr\/wp-json\/wp\/v2\/pages\/2267"}],"wp:attachment":[{"href":"https:\/\/finke-colors.eu\/fr\/wp-json\/wp\/v2\/media?parent=2764"}],"wp:term":[{"taxonomy":"wf_page_folders","embeddable":true,"href":"https:\/\/finke-colors.eu\/fr\/wp-json\/wp\/v2\/wf_page_folders?post=2764"}],"curies":[{"name":"wp","href":"https:\/\/api.w.org\/{rel}","templated":true}]}}