{"id":2509,"date":"2022-08-25T12:17:11","date_gmt":"2022-08-25T10:17:11","guid":{"rendered":"https:\/\/finke.pixel-tal.de\/durabilite\/ce-que-nous-faisons\/"},"modified":"2022-09-05T12:17:52","modified_gmt":"2022-09-05T10:17:52","slug":"ce-que-nous-faisons","status":"publish","type":"page","link":"https:\/\/finke-colors.eu\/fr\/durabilite\/ce-que-nous-faisons\/","title":{"rendered":"Ce que nous faisons"},"content":{"rendered":"<div id='av_section_1'  class='avia-section av-bn92x-f0024e3670d3dd4b126cf19d582a1598 main_color avia-section-default avia-no-border-styling  avia-builder-el-0  el_before_av_section  avia-builder-el-first  pixel-headersection avia-bg-style-scroll container_wrap fullsize'  ><div class='container av-section-cont-open' ><main  role=\"main\" itemprop=\"mainContentOfPage\"  class='template-page content  av-content-full alpha units'><div class='post-entry post-entry-type-page post-entry-2509'><div class='entry-content-wrapper clearfix'>\n\n<style type=\"text\/css\" data-created_by=\"avia_inline_auto\" id=\"style-css-av-au6jx-333098f2a67dee2af250a47a9345ab72\">\n.flex_column.av-au6jx-333098f2a67dee2af250a47a9345ab72{\nborder-radius:0px 0px 0px 0px;\npadding:0px 0px 0px 0px;\n}\n<\/style>\n<div  class='flex_column av-au6jx-333098f2a67dee2af250a47a9345ab72 av_one_full  avia-builder-el-1  avia-builder-el-no-sibling  first flex_column_div av-zero-column-padding  '     ><style type=\"text\/css\" data-created_by=\"avia_inline_auto\" id=\"style-css-av-svyr-574e3ded5ecb94dc6859b4c403a5772d\">\n.avia-image-container.av-svyr-574e3ded5ecb94dc6859b4c403a5772d img.avia_image{\nbox-shadow:none;\n}\n.avia-image-container.av-svyr-574e3ded5ecb94dc6859b4c403a5772d .av-image-caption-overlay-center{\ncolor:#ffffff;\n}\n<\/style>\n<div  class='avia-image-container av-svyr-574e3ded5ecb94dc6859b4c403a5772d av-styling- avia-align-center  avia-builder-el-2  avia-builder-el-no-sibling '   itemprop=\"image\" itemscope=\"itemscope\" itemtype=\"https:\/\/schema.org\/ImageObject\" ><div class=\"avia-image-container-inner\"><div class=\"avia-image-overlay-wrap\"><img decoding=\"async\" fetchpriority=\"high\" class='wp-image-2167 avia-img-lazy-loading-not-2167 avia_image ' src=\"https:\/\/finke-colors.eu\/wp-content\/uploads\/finke_header_nachhaltigkeit_02.jpg\" alt='' title='finke_header_nachhaltigkeit_02'  height=\"300\" width=\"1920\"  itemprop=\"thumbnailUrl\" srcset=\"https:\/\/finke-colors.eu\/wp-content\/uploads\/finke_header_nachhaltigkeit_02.jpg 1920w, https:\/\/finke-colors.eu\/wp-content\/uploads\/finke_header_nachhaltigkeit_02-300x47.jpg 300w, https:\/\/finke-colors.eu\/wp-content\/uploads\/finke_header_nachhaltigkeit_02-1030x161.jpg 1030w, https:\/\/finke-colors.eu\/wp-content\/uploads\/finke_header_nachhaltigkeit_02-768x120.jpg 768w\" sizes=\"(max-width: 1920px) 100vw, 1920px\" \/><\/div><\/div><\/div><\/div><\/div><\/div><\/main><!-- close content main element --><\/div><\/div><div id='av_section_2'  class='avia-section av-bn92x-dd71887e593cad3c4c364519177134af main_color avia-section-default avia-no-border-styling  avia-builder-el-3  el_after_av_section  el_before_av_hr  avia-bg-style-scroll container_wrap fullsize'  ><div class='container av-section-cont-open' ><div class='template-page content  av-content-full alpha units'><div class='post-entry post-entry-type-page post-entry-2509'><div class='entry-content-wrapper clearfix'>\n\n<style type=\"text\/css\" data-created_by=\"avia_inline_auto\" id=\"style-css-av-au6jx-e8044f1483d32b3ccf05ec4e5436415c\">\n.flex_column.av-au6jx-e8044f1483d32b3ccf05ec4e5436415c{\nborder-radius:0px 0px 0px 0px;\npadding:0px 0px 0px 0px;\n}\n<\/style>\n<div  class='flex_column av-au6jx-e8044f1483d32b3ccf05ec4e5436415c av_one_full  avia-builder-el-4  el_before_av_one_half  avia-builder-el-first  first flex_column_div av-zero-column-padding  '     ><section  class='av_textblock_section av-kq0vn7sv-811ce98f8d3dfb6b335387e10f5cd36c '   itemscope=\"itemscope\" itemtype=\"https:\/\/schema.org\/CreativeWork\" ><div class='avia_textblock'  itemprop=\"text\" ><h1><strong>Durabilit\u00e9<\/strong> &#8211; ce que nous faisons<\/h1>\n<\/div><\/section><\/div>\n<style type=\"text\/css\" data-created_by=\"avia_inline_auto\" id=\"style-css-av-au6jx-e8044f1483d32b3ccf05ec4e5436415c\">\n.flex_column.av-au6jx-e8044f1483d32b3ccf05ec4e5436415c{\nborder-radius:0px 0px 0px 0px;\npadding:0px 0px 0px 0px;\n}\n<\/style>\n<div  class='flex_column av-au6jx-e8044f1483d32b3ccf05ec4e5436415c av_one_half  avia-builder-el-6  el_after_av_one_full  el_before_av_one_half  first flex_column_div av-zero-column-padding  column-top-margin'     ><section  class='av_textblock_section av-kq0vnbqn-f64b90b2d54398fa5ef681a879ecf713 '   itemscope=\"itemscope\" itemtype=\"https:\/\/schema.org\/CreativeWork\" ><div class='avia_textblock'  itemprop=\"text\" ><p>Le th\u00e8me de la durabilit\u00e9 est depuis longtemps une priorit\u00e9 pour nous. C&rsquo;est pourquoi nous travaillons continuellement \u00e0 r\u00e9duire encore notre empreinte \u00e9cologique et \u00e0 rendre notre production toujours plus efficace et respectueuse de l&rsquo;environnement. Les nombreuses distinctions et certifications que nous avons obtenues au fil des ans montrent \u00e0 quel point nous prenons cela au s\u00e9rieux &#8211; et \u00e0 quel point nous r\u00e9ussissons dans ce domaine.<\/p>\n<p>D\u00e8s septembre 2014, nous avons \u00e9t\u00e9 certifi\u00e9s ISO 14001 et 50001. De plus, notre production fonctionne exclusivement avec de l&rsquo;\u00e9lectricit\u00e9 \u00ab\u00a0verte\u00a0\u00bb, produite \u00e0 100 % \u00e0 partir d&rsquo;\u00e9nergies renouvelables.<\/p>\n<\/div><\/section><\/div>\n<style type=\"text\/css\" data-created_by=\"avia_inline_auto\" id=\"style-css-av-au6jx-c6ccbe3b6eeaf319e026adea3040a16f\">\n.flex_column.av-au6jx-c6ccbe3b6eeaf319e026adea3040a16f{\nborder-radius:0px 0px 0px 0px;\npadding:0px 0px 0px 0px;\n}\n<\/style>\n<div  class='flex_column av-au6jx-c6ccbe3b6eeaf319e026adea3040a16f av_one_half  avia-builder-el-8  el_after_av_one_half  el_before_av_hr  flex_column_div av-zero-column-padding  column-top-margin'     ><style type=\"text\/css\" data-created_by=\"avia_inline_auto\" id=\"style-css-av-l4fco52w-49b3f918eed276537393726420f926fb\">\n.avia-image-container.av-l4fco52w-49b3f918eed276537393726420f926fb img.avia_image{\nbox-shadow:none;\n}\n.avia-image-container.av-l4fco52w-49b3f918eed276537393726420f926fb .av-image-caption-overlay-center{\ncolor:#ffffff;\n}\n<\/style>\n<div  class='avia-image-container av-l4fco52w-49b3f918eed276537393726420f926fb av-styling- avia-align-center  avia-builder-el-9  avia-builder-el-no-sibling '   itemprop=\"image\" itemscope=\"itemscope\" itemtype=\"https:\/\/schema.org\/ImageObject\" ><div class=\"avia-image-container-inner\"><div class=\"avia-image-overlay-wrap\"><img decoding=\"async\" fetchpriority=\"high\" class='wp-image-2161 avia-img-lazy-loading-not-2161 avia_image ' src=\"https:\/\/finke-colors.eu\/wp-content\/uploads\/bild_nachhaltigkeit_was_wir_turn_gruener_strom.jpg\" alt='' title='bild_nachhaltigkeit_was_wir_turn_gruener_strom'  height=\"547\" width=\"940\"  itemprop=\"thumbnailUrl\" srcset=\"https:\/\/finke-colors.eu\/wp-content\/uploads\/bild_nachhaltigkeit_was_wir_turn_gruener_strom.jpg 940w, https:\/\/finke-colors.eu\/wp-content\/uploads\/bild_nachhaltigkeit_was_wir_turn_gruener_strom-300x175.jpg 300w, https:\/\/finke-colors.eu\/wp-content\/uploads\/bild_nachhaltigkeit_was_wir_turn_gruener_strom-768x447.jpg 768w\" sizes=\"(max-width: 940px) 100vw, 940px\" \/><\/div><\/div><\/div><\/div>\n<style type=\"text\/css\" data-created_by=\"avia_inline_auto\" id=\"style-css-av-l4fctc5i-ec0fe62b2cc90eb275e6ecbb21b4a618\">\n#top .hr.hr-invisible.av-l4fctc5i-ec0fe62b2cc90eb275e6ecbb21b4a618{\nheight:40px;\n}\n<\/style>\n<div  class='hr av-l4fctc5i-ec0fe62b2cc90eb275e6ecbb21b4a618 hr-invisible  avia-builder-el-10  el_after_av_one_half  el_before_av_one_half '><span class='hr-inner '><span class=\"hr-inner-style\"><\/span><\/span><\/div>\n\n<style type=\"text\/css\" data-created_by=\"avia_inline_auto\" id=\"style-css-av-au6jx-e8044f1483d32b3ccf05ec4e5436415c\">\n.flex_column.av-au6jx-e8044f1483d32b3ccf05ec4e5436415c{\nborder-radius:0px 0px 0px 0px;\npadding:0px 0px 0px 0px;\n}\n<\/style>\n<div  class='flex_column av-au6jx-e8044f1483d32b3ccf05ec4e5436415c av_one_half  avia-builder-el-11  el_after_av_hr  el_before_av_one_half  first flex_column_div av-zero-column-padding  '     ><style type=\"text\/css\" data-created_by=\"avia_inline_auto\" id=\"style-css-av-l4fcot0w-325ec215508799cbb8bac7eaddcaaa6b\">\n.avia-image-container.av-l4fcot0w-325ec215508799cbb8bac7eaddcaaa6b img.avia_image{\nbox-shadow:none;\n}\n.avia-image-container.av-l4fcot0w-325ec215508799cbb8bac7eaddcaaa6b .av-image-caption-overlay-center{\ncolor:#ffffff;\n}\n<\/style>\n<div  class='avia-image-container av-l4fcot0w-325ec215508799cbb8bac7eaddcaaa6b av-styling- avia-align-center  avia-builder-el-12  avia-builder-el-no-sibling '   itemprop=\"image\" itemscope=\"itemscope\" itemtype=\"https:\/\/schema.org\/ImageObject\" ><div class=\"avia-image-container-inner\"><div class=\"avia-image-overlay-wrap\"><img decoding=\"async\" fetchpriority=\"high\" class='wp-image-2163 avia-img-lazy-loading-not-2163 avia_image ' src=\"https:\/\/finke-colors.eu\/wp-content\/uploads\/ecovadis_medaille2021.jpg\" alt='' title='ecovadis_medaille2021'  height=\"480\" width=\"940\"  itemprop=\"thumbnailUrl\" srcset=\"https:\/\/finke-colors.eu\/wp-content\/uploads\/ecovadis_medaille2021.jpg 940w, https:\/\/finke-colors.eu\/wp-content\/uploads\/ecovadis_medaille2021-300x153.jpg 300w, https:\/\/finke-colors.eu\/wp-content\/uploads\/ecovadis_medaille2021-768x392.jpg 768w\" sizes=\"(max-width: 940px) 100vw, 940px\" \/><\/div><\/div><\/div><\/div>\n<style type=\"text\/css\" data-created_by=\"avia_inline_auto\" id=\"style-css-av-au6jx-c6ccbe3b6eeaf319e026adea3040a16f\">\n.flex_column.av-au6jx-c6ccbe3b6eeaf319e026adea3040a16f{\nborder-radius:0px 0px 0px 0px;\npadding:0px 0px 0px 0px;\n}\n<\/style>\n<div  class='flex_column av-au6jx-c6ccbe3b6eeaf319e026adea3040a16f av_one_half  avia-builder-el-13  el_after_av_one_half  el_before_av_hr  flex_column_div av-zero-column-padding  '     ><section  class='av_textblock_section av-kq0vnbqn-f64b90b2d54398fa5ef681a879ecf713 '   itemscope=\"itemscope\" itemtype=\"https:\/\/schema.org\/CreativeWork\" ><div class='avia_textblock'  itemprop=\"text\" ><p>Pour la quatri\u00e8me fois cons\u00e9cutive, nous avons re\u00e7u une m\u00e9daille d&rsquo;argent en 2021 dans le cadre du classement annuel EcoVadis Corporate Social Responsibility Rating &#8211; la preuve que nous remplissons particuli\u00e8rement bien les crit\u00e8res dans les domaines de l&rsquo;environnement, des droits du travail et des droits de l&rsquo;homme ainsi que de l&rsquo;\u00e9thique et de la durabilit\u00e9, qui sont d\u00e9finis dans le syst\u00e8me d&rsquo;analyse Corporate Social Responsibility (CRS).<\/p>\n<p>Et cette ann\u00e9e encore, nous avons pu nous r\u00e9jouir d&rsquo;une distinction : En f\u00e9vrier 2022, nous avons obtenu la certification ISCC Plus pour le site de Wuppertal.<\/p>\n<\/div><\/section><\/div>\n<style type=\"text\/css\" data-created_by=\"avia_inline_auto\" id=\"style-css-av-l4fctc5i-ec0fe62b2cc90eb275e6ecbb21b4a618\">\n#top .hr.hr-invisible.av-l4fctc5i-ec0fe62b2cc90eb275e6ecbb21b4a618{\nheight:40px;\n}\n<\/style>\n<div  class='hr av-l4fctc5i-ec0fe62b2cc90eb275e6ecbb21b4a618 hr-invisible  avia-builder-el-15  el_after_av_one_half  el_before_av_one_half '><span class='hr-inner '><span class=\"hr-inner-style\"><\/span><\/span><\/div>\n\n<style type=\"text\/css\" data-created_by=\"avia_inline_auto\" id=\"style-css-av-au6jx-e8044f1483d32b3ccf05ec4e5436415c\">\n.flex_column.av-au6jx-e8044f1483d32b3ccf05ec4e5436415c{\nborder-radius:0px 0px 0px 0px;\npadding:0px 0px 0px 0px;\n}\n<\/style>\n<div  class='flex_column av-au6jx-e8044f1483d32b3ccf05ec4e5436415c av_one_half  avia-builder-el-16  el_after_av_hr  el_before_av_one_half  first flex_column_div av-zero-column-padding  '     ><section  class='av_textblock_section av-kq0vnbqn-f64b90b2d54398fa5ef681a879ecf713 '   itemscope=\"itemscope\" itemtype=\"https:\/\/schema.org\/CreativeWork\" ><div class='avia_textblock'  itemprop=\"text\" ><p>Cette approche par bilan massique permet de suivre le flux de mati\u00e8res dans une cha\u00eene de valeur complexe. Les mat\u00e9riaux recycl\u00e9s et biosourc\u00e9s sont g\u00e9n\u00e9ralement trait\u00e9s avec des mati\u00e8res premi\u00e8res provenant d&rsquo;autres sources lors de la fabrication de nouveaux produits. La plupart du temps, la s\u00e9paration physique de ces parts durables est pratiquement impossible \u00e0 r\u00e9aliser et n&rsquo;est pas non plus r\u00e9alisable \u00e9conomiquement. L&rsquo;approche du bilan massique permet de suivre la quantit\u00e9 et les caract\u00e9ristiques de durabilit\u00e9 des parties recycl\u00e9es ou biosourc\u00e9es dans la cha\u00eene de valeur et de les attribuer \u00e0 des produits individuels gr\u00e2ce \u00e0 un bilan compr\u00e9hensible.<\/p>\n<\/div><\/section><\/div>\n<style type=\"text\/css\" data-created_by=\"avia_inline_auto\" id=\"style-css-av-au6jx-c6ccbe3b6eeaf319e026adea3040a16f\">\n.flex_column.av-au6jx-c6ccbe3b6eeaf319e026adea3040a16f{\nborder-radius:0px 0px 0px 0px;\npadding:0px 0px 0px 0px;\n}\n<\/style>\n<div  class='flex_column av-au6jx-c6ccbe3b6eeaf319e026adea3040a16f av_one_half  avia-builder-el-18  el_after_av_one_half  avia-builder-el-last  flex_column_div av-zero-column-padding  '     ><section  class='av_textblock_section av-kq0vnbqn-f64b90b2d54398fa5ef681a879ecf713 '   itemscope=\"itemscope\" itemtype=\"https:\/\/schema.org\/CreativeWork\" ><div class='avia_textblock'  itemprop=\"text\" ><p>\u00c0 propos de mat\u00e9riaux recycl\u00e9s : notre travail de d\u00e9veloppement est \u00e9galement fortement ax\u00e9 sur l&rsquo;utilisation de mat\u00e9riaux recycl\u00e9s et de bioplastiques ainsi que sur des solutions durables. Nos m\u00e9langes-ma\u00eetres Fibarec \u00e0 base de recyclats, un proc\u00e9d\u00e9 de fabrication de bouteilles en polyol\u00e9fine \u00e0 forte teneur en recyclats qui permet d&rsquo;obtenir un r\u00e9sultat de coloration fiable avec une faible utilisation de pigments, ainsi que les m\u00e9langes-ma\u00eetres de la gamme Fibaplast pour la coloration des bioplastiques ne sont que quelques exemples.<\/p>\n<\/div><\/section><\/div>\n<\/div><\/div><\/div><!-- close content main div --><\/div><\/div><div id='after_section_2'  class='main_color av_default_container_wrap container_wrap fullsize'  ><div class='container av-section-cont-open' ><div class='template-page content  av-content-full alpha units'><div class='post-entry post-entry-type-page post-entry-2509'><div class='entry-content-wrapper clearfix'><\/p>\n<div  class='hr av-kq2cm3lg-5a8672cc9cccf22beea849968c74c6f4 hr-big  avia-builder-el-20  el_after_av_section  el_before_av_postcontent  avia-builder-el-no-sibling '><span class='hr-inner '><span class=\"hr-inner-style\"><\/span><\/span><\/div>\n[av_section min_height='' min_height_pc='25' min_height_px='500px' padding='default' custom_margin='0px' custom_margin_sync='true' color='main_color' background='bg_color' custom_bg='' background_gradient_color1='' background_gradient_color2='' background_gradient_direction='vertical' src='' attachment='' attachment_size='' attach='scroll' position='top left' repeat='no-repeat' video='' video_ratio='16:9' overlay_opacity='0.5' overlay_color='' overlay_pattern='' overlay_custom_pattern='' shadow='no-border-styling' bottom_border='no-border-styling' bottom_border_diagonal_color='#333333' bottom_border_diagonal_direction='' bottom_border_style='' custom_arrow_bg='' id='kontaktformular' custom_class='pixel-kontaktblock' aria_label='' av_element_hidden_in_editor='0' av_uid='av-336yh']\r\n\r\n[av_one_full first min_height='' vertical_alignment='' space='' row_boxshadow='' row_boxshadow_color='' row_boxshadow_width='10' custom_margin='' margin='0px' mobile_breaking='' border='' border_color='' radius='0px' padding='0px' column_boxshadow='' column_boxshadow_color='' column_boxshadow_width='10' background='bg_color' background_color='' background_gradient_color1='' background_gradient_color2='' background_gradient_direction='vertical' src='' background_position='top left' background_repeat='no-repeat' highlight='' highlight_size='' animation='' link='' linktarget='' link_hover='' title_attr='' alt_attr='' mobile_display='' id='' custom_class='' aria_label='' av_uid='av-2vhpx']\r\n\r\n[av_textblock size='' av-medium-font-size='' av-small-font-size='' av-mini-font-size='' font_color='' color='' id='' custom_class='' av_uid='av-kq0vnbqn' admin_preview_bg='']\r\n<h2>Contactez-nous <strong>maintenant<\/strong><\/h2>\r\n[\/av_textblock]\r\n\r\n[av_textblock size='' av-medium-font-size='' av-small-font-size='' av-mini-font-size='' font_color='' color='' id='' custom_class='' av_uid='av-kq0vnbqn' admin_preview_bg='']\r\nQuelles sont les couleurs autoris\u00e9es ?\r\nVous avez des questions sur les colorants et les additifs personnalis\u00e9s pour l'ensemble de la gamme de polym\u00e8res ?\r\nNous avons les bonnes r\u00e9ponses pour vous.\r\n[\/av_textblock]\r\n\r\n[\/av_one_full][av_one_fourth first min_height='' vertical_alignment='av-align-top' space='' row_boxshadow_color='' row_boxshadow_width='10' margin='0px' margin_sync='true' mobile_breaking='' border='' border_color='' radius='0px' radius_sync='true' padding='0px' padding_sync='true' column_boxshadow_color='' column_boxshadow_width='10' background='bg_color' background_color='' background_gradient_color1='' background_gradient_color2='' background_gradient_direction='vertical' src='' attachment='' attachment_size='' background_position='top left' background_repeat='no-repeat' highlight_size='1.1' animation='' link='' linktarget='' link_hover='' title_attr='' alt_attr='' mobile_display='' id='' custom_class='' aria_label='' av_uid='av-2vhpx']\r\n\r\n[av_team_member name='' job='' src='https:\/\/finke-colors.eu\/wp-content\/uploads\/finke_kontakt.jpg' attachment='3945' attachment_size='full' image_width='' description='<a href=\"tel:+49202709060\">+49 202 70906-0<\/a>\r\n<a href=\"mailto:info@finke-colors.de\">info@finke-colors.de<\/a>' font_color='' custom_title='' custom_content='' lazy_loading='disabled' id='' custom_class='' av_uid='av-kq0weszn' admin_preview_bg=''][\/av_team_member]\r\n\r\n[\/av_one_fourth][av_three_fourth min_height='' vertical_alignment='av-align-top' space='' row_boxshadow_color='' row_boxshadow_width='10' margin='0px' margin_sync='true' mobile_breaking='' border='' border_color='' radius='0px' radius_sync='true' padding='0px' padding_sync='true' column_boxshadow_color='' column_boxshadow_width='10' background='bg_color' background_color='' background_gradient_color1='' background_gradient_color2='' background_gradient_direction='vertical' src='' attachment='' attachment_size='' background_position='top left' background_repeat='no-repeat' highlight_size='1.1' animation='' link='' linktarget='' link_hover='' title_attr='' alt_attr='' mobile_display='' id='' custom_class='' aria_label='' av_uid='av-2vhpx']\r\n\r\n[av_codeblock wrapper_element='' wrapper_element_attributes='' codeblock_type='' alb_description='' id='' custom_class='' av_uid='av-kq0wf9or']\r\n[contact-form-7 id=\"39\" title=\"Kontaktformular\"]\r\n[\/av_codeblock]\r\n\r\n[\/av_three_fourth][\/av_section]\n","protected":false},"excerpt":{"rendered":"","protected":false},"author":1,"featured_media":0,"parent":2285,"menu_order":1,"comment_status":"closed","ping_status":"closed","template":"","meta":{"_acf_changed":false,"footnotes":""},"wf_page_folders":[],"class_list":["post-2509","page","type-page","status-publish","hentry"],"acf":[],"yoast_head":"<!-- This site is optimized with the Yoast SEO plugin v27.3 - https:\/\/yoast.com\/product\/yoast-seo-wordpress\/ -->\n<title>Durabilit\u00e9 des colorants | Finke Colors GmbH<\/title>\n<meta name=\"description\" content=\"Certifi\u00e9 ISO 14001 et 50001 ! Nos teintures sont compos\u00e9es de d\u00e9chets m\u00e9nagers &amp; de d\u00e9chets de production de l&#039;industrie. En savoir plus maintenant !\" \/>\n<meta name=\"robots\" content=\"index, follow, max-snippet:-1, max-image-preview:large, max-video-preview:-1\" \/>\n<link rel=\"canonical\" href=\"https:\/\/finke-colors.eu\/fr\/durabilite\/ce-que-nous-faisons\/\" \/>\n<meta property=\"og:locale\" content=\"fr_FR\" \/>\n<meta property=\"og:type\" content=\"article\" \/>\n<meta property=\"og:title\" content=\"Durabilit\u00e9 des colorants | Finke Colors GmbH\" \/>\n<meta property=\"og:description\" content=\"Certifi\u00e9 ISO 14001 et 50001 ! Nos teintures sont compos\u00e9es de d\u00e9chets m\u00e9nagers &amp; de d\u00e9chets de production de l&#039;industrie. En savoir plus maintenant !\" \/>\n<meta property=\"og:url\" content=\"https:\/\/finke-colors.eu\/fr\/durabilite\/ce-que-nous-faisons\/\" \/>\n<meta property=\"og:site_name\" content=\"Finke Colors GmbH\" \/>\n<meta property=\"article:modified_time\" content=\"2022-09-05T10:17:52+00:00\" \/>\n<meta name=\"twitter:card\" content=\"summary_large_image\" \/>\n<meta name=\"twitter:label1\" content=\"Dur\u00e9e de lecture estim\u00e9e\" \/>\n\t<meta name=\"twitter:data1\" content=\"6 minutes\" \/>\n<script type=\"application\/ld+json\" class=\"yoast-schema-graph\">{\"@context\":\"https:\\\/\\\/schema.org\",\"@graph\":[{\"@type\":\"WebPage\",\"@id\":\"https:\\\/\\\/finke-colors.eu\\\/fr\\\/durabilite\\\/ce-que-nous-faisons\\\/\",\"url\":\"https:\\\/\\\/finke-colors.eu\\\/fr\\\/durabilite\\\/ce-que-nous-faisons\\\/\",\"name\":\"Durabilit\u00e9 des colorants | Finke Colors GmbH\",\"isPartOf\":{\"@id\":\"https:\\\/\\\/finke-colors.eu\\\/fr\\\/#website\"},\"datePublished\":\"2022-08-25T10:17:11+00:00\",\"dateModified\":\"2022-09-05T10:17:52+00:00\",\"description\":\"Certifi\u00e9 ISO 14001 et 50001 ! Nos teintures sont compos\u00e9es de d\u00e9chets m\u00e9nagers & de d\u00e9chets de production de l'industrie. En savoir plus maintenant !\",\"breadcrumb\":{\"@id\":\"https:\\\/\\\/finke-colors.eu\\\/fr\\\/durabilite\\\/ce-que-nous-faisons\\\/#breadcrumb\"},\"inLanguage\":\"fr-FR\",\"potentialAction\":[{\"@type\":\"ReadAction\",\"target\":[\"https:\\\/\\\/finke-colors.eu\\\/fr\\\/durabilite\\\/ce-que-nous-faisons\\\/\"]}]},{\"@type\":\"BreadcrumbList\",\"@id\":\"https:\\\/\\\/finke-colors.eu\\\/fr\\\/durabilite\\\/ce-que-nous-faisons\\\/#breadcrumb\",\"itemListElement\":[{\"@type\":\"ListItem\",\"position\":1,\"name\":\"Startseite\",\"item\":\"https:\\\/\\\/finke-colors.eu\\\/fr\\\/\"},{\"@type\":\"ListItem\",\"position\":2,\"name\":\"Durabilit\u00e9\",\"item\":\"https:\\\/\\\/finke-colors.eu\\\/fr\\\/nachhaltigkeit\\\/\"},{\"@type\":\"ListItem\",\"position\":3,\"name\":\"Ce que nous faisons\"}]},{\"@type\":\"WebSite\",\"@id\":\"https:\\\/\\\/finke-colors.eu\\\/fr\\\/#website\",\"url\":\"https:\\\/\\\/finke-colors.eu\\\/fr\\\/\",\"name\":\"Finke Colors GmbH\",\"description\":\"Industrielle Farbe f\u00fcr Kunststoffe\",\"potentialAction\":[{\"@type\":\"SearchAction\",\"target\":{\"@type\":\"EntryPoint\",\"urlTemplate\":\"https:\\\/\\\/finke-colors.eu\\\/fr\\\/?s={search_term_string}\"},\"query-input\":{\"@type\":\"PropertyValueSpecification\",\"valueRequired\":true,\"valueName\":\"search_term_string\"}}],\"inLanguage\":\"fr-FR\"}]}<\/script>\n<!-- \/ Yoast SEO plugin. -->","yoast_head_json":{"title":"Durabilit\u00e9 des colorants | Finke Colors GmbH","description":"Certifi\u00e9 ISO 14001 et 50001 ! Nos teintures sont compos\u00e9es de d\u00e9chets m\u00e9nagers & de d\u00e9chets de production de l'industrie. En savoir plus maintenant !","robots":{"index":"index","follow":"follow","max-snippet":"max-snippet:-1","max-image-preview":"max-image-preview:large","max-video-preview":"max-video-preview:-1"},"canonical":"https:\/\/finke-colors.eu\/fr\/durabilite\/ce-que-nous-faisons\/","og_locale":"fr_FR","og_type":"article","og_title":"Durabilit\u00e9 des colorants | Finke Colors GmbH","og_description":"Certifi\u00e9 ISO 14001 et 50001 ! Nos teintures sont compos\u00e9es de d\u00e9chets m\u00e9nagers & de d\u00e9chets de production de l'industrie. En savoir plus maintenant !","og_url":"https:\/\/finke-colors.eu\/fr\/durabilite\/ce-que-nous-faisons\/","og_site_name":"Finke Colors GmbH","article_modified_time":"2022-09-05T10:17:52+00:00","twitter_card":"summary_large_image","twitter_misc":{"Dur\u00e9e de lecture estim\u00e9e":"6 minutes"},"schema":{"@context":"https:\/\/schema.org","@graph":[{"@type":"WebPage","@id":"https:\/\/finke-colors.eu\/fr\/durabilite\/ce-que-nous-faisons\/","url":"https:\/\/finke-colors.eu\/fr\/durabilite\/ce-que-nous-faisons\/","name":"Durabilit\u00e9 des colorants | Finke Colors GmbH","isPartOf":{"@id":"https:\/\/finke-colors.eu\/fr\/#website"},"datePublished":"2022-08-25T10:17:11+00:00","dateModified":"2022-09-05T10:17:52+00:00","description":"Certifi\u00e9 ISO 14001 et 50001 ! Nos teintures sont compos\u00e9es de d\u00e9chets m\u00e9nagers & de d\u00e9chets de production de l'industrie. En savoir plus maintenant !","breadcrumb":{"@id":"https:\/\/finke-colors.eu\/fr\/durabilite\/ce-que-nous-faisons\/#breadcrumb"},"inLanguage":"fr-FR","potentialAction":[{"@type":"ReadAction","target":["https:\/\/finke-colors.eu\/fr\/durabilite\/ce-que-nous-faisons\/"]}]},{"@type":"BreadcrumbList","@id":"https:\/\/finke-colors.eu\/fr\/durabilite\/ce-que-nous-faisons\/#breadcrumb","itemListElement":[{"@type":"ListItem","position":1,"name":"Startseite","item":"https:\/\/finke-colors.eu\/fr\/"},{"@type":"ListItem","position":2,"name":"Durabilit\u00e9","item":"https:\/\/finke-colors.eu\/fr\/nachhaltigkeit\/"},{"@type":"ListItem","position":3,"name":"Ce que nous faisons"}]},{"@type":"WebSite","@id":"https:\/\/finke-colors.eu\/fr\/#website","url":"https:\/\/finke-colors.eu\/fr\/","name":"Finke Colors GmbH","description":"Industrielle Farbe f\u00fcr Kunststoffe","potentialAction":[{"@type":"SearchAction","target":{"@type":"EntryPoint","urlTemplate":"https:\/\/finke-colors.eu\/fr\/?s={search_term_string}"},"query-input":{"@type":"PropertyValueSpecification","valueRequired":true,"valueName":"search_term_string"}}],"inLanguage":"fr-FR"}]}},"_links":{"self":[{"href":"https:\/\/finke-colors.eu\/fr\/wp-json\/wp\/v2\/pages\/2509","targetHints":{"allow":["GET"]}}],"collection":[{"href":"https:\/\/finke-colors.eu\/fr\/wp-json\/wp\/v2\/pages"}],"about":[{"href":"https:\/\/finke-colors.eu\/fr\/wp-json\/wp\/v2\/types\/page"}],"author":[{"embeddable":true,"href":"https:\/\/finke-colors.eu\/fr\/wp-json\/wp\/v2\/users\/1"}],"replies":[{"embeddable":true,"href":"https:\/\/finke-colors.eu\/fr\/wp-json\/wp\/v2\/comments?post=2509"}],"version-history":[{"count":2,"href":"https:\/\/finke-colors.eu\/fr\/wp-json\/wp\/v2\/pages\/2509\/revisions"}],"predecessor-version":[{"id":3887,"href":"https:\/\/finke-colors.eu\/fr\/wp-json\/wp\/v2\/pages\/2509\/revisions\/3887"}],"up":[{"embeddable":true,"href":"https:\/\/finke-colors.eu\/fr\/wp-json\/wp\/v2\/pages\/2285"}],"wp:attachment":[{"href":"https:\/\/finke-colors.eu\/fr\/wp-json\/wp\/v2\/media?parent=2509"}],"wp:term":[{"taxonomy":"wf_page_folders","embeddable":true,"href":"https:\/\/finke-colors.eu\/fr\/wp-json\/wp\/v2\/wf_page_folders?post=2509"}],"curies":[{"name":"wp","href":"https:\/\/api.w.org\/{rel}","templated":true}]}}