{"id":2423,"date":"2022-08-25T12:17:08","date_gmt":"2022-08-25T10:17:08","guid":{"rendered":"https:\/\/finke.pixel-tal.de\/global\/banniere-de-la-newsletter\/"},"modified":"2022-08-26T11:26:00","modified_gmt":"2022-08-26T09:26:00","slug":"banniere-de-la-newsletter","status":"publish","type":"page","link":"https:\/\/finke-colors.eu\/fr\/global\/banniere-de-la-newsletter\/","title":{"rendered":"Banni\u00e8re de la newsletter"},"content":{"rendered":"\n<style type=\"text\/css\" data-created_by=\"avia_inline_auto\" id=\"style-css-av-336yh-5c54696d685bd6720926d417881f0881\">\n.avia-section.av-336yh-5c54696d685bd6720926d417881f0881{\nbackground-repeat:no-repeat;\nbackground-image:url(https:\/\/finke-colors.eu\/wp-content\/uploads\/finke_newsletter_colourbg.png);\nbackground-position:100% 0%;\nbackground-attachment:scroll;\n}\n<\/style>\n<div id='av_section_1'  class='avia-section av-336yh-5c54696d685bd6720926d417881f0881 main_color avia-section-default avia-no-border-styling  avia-builder-el-0  avia-builder-el-no-sibling  pixel-dividersection newsletterbanner avia-bg-style-scroll av-minimum-height av-minimum-height-custom av-height-custom  container_wrap fullsize'  data-section-bg-repeat='no-repeat' data-av_minimum_height_px='562'><div class='container av-section-cont-open' style='height:562px'><main  role=\"main\" itemprop=\"mainContentOfPage\"  class='template-page content  av-content-full alpha units'><div class='post-entry post-entry-type-page post-entry-2423'><div class='entry-content-wrapper clearfix'>\n\n<style type=\"text\/css\" data-created_by=\"avia_inline_auto\" id=\"style-css-av-2vhpx-6ddbbbdc75f4b0d20167e5eabaec5329\">\n.flex_column.av-2vhpx-6ddbbbdc75f4b0d20167e5eabaec5329{\nborder-radius:0px 0px 0px 0px;\npadding:0px 0px 0px 0px;\n}\n<\/style>\n<div  class='flex_column av-2vhpx-6ddbbbdc75f4b0d20167e5eabaec5329 av_one_half  avia-builder-el-1  el_before_av_one_half  avia-builder-el-first  first flex_column_div av-zero-column-padding  '     ><p>\n<style type=\"text\/css\" data-created_by=\"avia_inline_auto\" id=\"style-css-av-kq2cm3lg-de2232cdc54593c16839f0b75f4f7e95\">\n#top .hr.hr-invisible.av-kq2cm3lg-de2232cdc54593c16839f0b75f4f7e95{\nheight:100px;\n}\n<\/style>\n<div  class='hr av-kq2cm3lg-de2232cdc54593c16839f0b75f4f7e95 hr-invisible  avia-builder-el-2  el_before_av_textblock  avia-builder-el-first '><span class='hr-inner '><span class=\"hr-inner-style\"><\/span><\/span><\/div><br \/>\n<section  class='av_textblock_section av-kq0vnbqn-f64b90b2d54398fa5ef681a879ecf713 '   itemscope=\"itemscope\" itemtype=\"https:\/\/schema.org\/CreativeWork\" ><div class='avia_textblock'  itemprop=\"text\" ><h2>S&rsquo;abonner <strong>maintenant<\/strong> \u00e0 la <strong>newsletter<\/strong><\/h2>\n<\/div><\/section><br \/>\n<section  class='av_textblock_section av-kq0vnbqn-f64b90b2d54398fa5ef681a879ecf713 '   itemscope=\"itemscope\" itemtype=\"https:\/\/schema.org\/CreativeWork\" ><div class='avia_textblock'  itemprop=\"text\" ><p>Vous souhaitez rester inform\u00e9(e) sur les peintures pour plastiques ? Pas de probl\u00e8me : abonnez-vous \u00e0 notre newsletter et nous vous fournirons \u00e0 intervalles r\u00e9guliers les derni\u00e8res nouvelles sur des th\u00e8mes hauts en couleur.<\/p>\n<\/div><\/section><br \/>\n\n<style type=\"text\/css\" data-created_by=\"avia_inline_auto\" id=\"style-css-av-kq2cm3lg-d73285d5f12072f7dd201d79a9ac2ec3\">\n#top .hr.hr-invisible.av-kq2cm3lg-d73285d5f12072f7dd201d79a9ac2ec3{\nheight:25px;\n}\n<\/style>\n<div  class='hr av-kq2cm3lg-d73285d5f12072f7dd201d79a9ac2ec3 hr-invisible  avia-builder-el-5  el_after_av_textblock  el_before_av_button '><span class='hr-inner '><span class=\"hr-inner-style\"><\/span><\/span><\/div><br \/>\n<div  class='avia-button-wrap av-kq0vwuf4-a160d5b8b10b598681cbc00c34503c28-wrap avia-button-left  avia-builder-el-6  el_after_av_hr  avia-builder-el-last '><a href='https:\/\/subscribe.newsletter2go.com\/?n2g=865bijlz-t6u9qymb-6fr&amp;_ga=2.147143863.1650956538.1620114629-2078061137.1618825650'  class='avia-button av-kq0vwuf4-a160d5b8b10b598681cbc00c34503c28 av-link-btn avia-icon_select-no avia-size-small avia-position-left avia-color-theme-color-subtle'  target=\"_blank\"  rel=\"noopener noreferrer\"  aria-label=\"S\u2019abonner maintenant\"><span class='avia_iconbox_title' >S\u2019abonner maintenant<\/span><\/a><\/div><\/p><\/div>\n<style type=\"text\/css\" data-created_by=\"avia_inline_auto\" id=\"style-css-av-2vhpx-769148c68b39c7ba50b0103e2cbf1703\">\n.flex_column.av-2vhpx-769148c68b39c7ba50b0103e2cbf1703{\nborder-radius:0px 0px 0px 0px;\npadding:0px 0px 0px 0px;\n}\n<\/style>\n<div  class='flex_column av-2vhpx-769148c68b39c7ba50b0103e2cbf1703 av_one_half  avia-builder-el-7  el_after_av_one_half  avia-builder-el-last  flex_column_div av-zero-column-padding  '     ><style type=\"text\/css\" data-created_by=\"avia_inline_auto\" id=\"style-css-av-kq0vywpy-5a6cea56ae7ddd5ea23df36dbae77b78\">\n.avia-image-container.av-kq0vywpy-5a6cea56ae7ddd5ea23df36dbae77b78 img.avia_image{\nbox-shadow:none;\n}\n.avia-image-container.av-kq0vywpy-5a6cea56ae7ddd5ea23df36dbae77b78 .av-image-caption-overlay-center{\ncolor:#ffffff;\n}\n<\/style>\n<div  class='avia-image-container av-kq0vywpy-5a6cea56ae7ddd5ea23df36dbae77b78 av-styling- avia-align-left  avia-builder-el-8  avia-builder-el-no-sibling '   itemprop=\"image\" itemscope=\"itemscope\" itemtype=\"https:\/\/schema.org\/ImageObject\" ><div class=\"avia-image-container-inner\"><div class=\"avia-image-overlay-wrap\"><img decoding=\"async\" fetchpriority=\"high\" class='wp-image-2157 avia-img-lazy-loading-not-2157 avia_image ' src=\"https:\/\/finke-colors.eu\/wp-content\/uploads\/finke_newsletter_phones.png\" alt='' title='finke_newsletter_phones'  height=\"562\" width=\"760\"  itemprop=\"thumbnailUrl\" srcset=\"https:\/\/finke-colors.eu\/wp-content\/uploads\/finke_newsletter_phones.png 760w, https:\/\/finke-colors.eu\/wp-content\/uploads\/finke_newsletter_phones-300x222.png 300w\" sizes=\"(max-width: 760px) 100vw, 760px\" \/><\/div><\/div><\/div><\/div>\n","protected":false},"excerpt":{"rendered":"","protected":false},"author":1,"featured_media":0,"parent":2339,"menu_order":3,"comment_status":"closed","ping_status":"closed","template":"","meta":{"_acf_changed":false,"footnotes":""},"wf_page_folders":[],"class_list":["post-2423","page","type-page","status-publish","hentry"],"acf":[],"yoast_head":"<!-- This site is optimized with the Yoast SEO plugin v27.5 - https:\/\/yoast.com\/product\/yoast-seo-wordpress\/ -->\n<title>Banni\u00e8re de la newsletter - Finke Colors GmbH<\/title>\n<meta name=\"robots\" content=\"index, follow, max-snippet:-1, max-image-preview:large, max-video-preview:-1\" \/>\n<link rel=\"canonical\" href=\"https:\/\/finke-colors.eu\/fr\/global\/banniere-de-la-newsletter\/\" \/>\n<meta property=\"og:locale\" content=\"fr_FR\" \/>\n<meta property=\"og:type\" content=\"article\" \/>\n<meta property=\"og:title\" content=\"Banni\u00e8re de la newsletter - Finke Colors GmbH\" \/>\n<meta property=\"og:url\" content=\"https:\/\/finke-colors.eu\/fr\/global\/banniere-de-la-newsletter\/\" \/>\n<meta property=\"og:site_name\" content=\"Finke Colors GmbH\" \/>\n<meta property=\"article:modified_time\" content=\"2022-08-26T09:26:00+00:00\" \/>\n<meta name=\"twitter:card\" content=\"summary_large_image\" \/>\n<meta name=\"twitter:label1\" content=\"Dur\u00e9e de lecture estim\u00e9e\" \/>\n\t<meta name=\"twitter:data1\" content=\"4 minutes\" \/>\n<script type=\"application\/ld+json\" class=\"yoast-schema-graph\">{\"@context\":\"https:\\\/\\\/schema.org\",\"@graph\":[{\"@type\":\"WebPage\",\"@id\":\"https:\\\/\\\/finke-colors.eu\\\/fr\\\/global\\\/banniere-de-la-newsletter\\\/\",\"url\":\"https:\\\/\\\/finke-colors.eu\\\/fr\\\/global\\\/banniere-de-la-newsletter\\\/\",\"name\":\"Banni\u00e8re de la newsletter - Finke Colors GmbH\",\"isPartOf\":{\"@id\":\"https:\\\/\\\/finke-colors.eu\\\/fr\\\/#website\"},\"datePublished\":\"2022-08-25T10:17:08+00:00\",\"dateModified\":\"2022-08-26T09:26:00+00:00\",\"breadcrumb\":{\"@id\":\"https:\\\/\\\/finke-colors.eu\\\/fr\\\/global\\\/banniere-de-la-newsletter\\\/#breadcrumb\"},\"inLanguage\":\"fr-FR\",\"potentialAction\":[{\"@type\":\"ReadAction\",\"target\":[\"https:\\\/\\\/finke-colors.eu\\\/fr\\\/global\\\/banniere-de-la-newsletter\\\/\"]}]},{\"@type\":\"BreadcrumbList\",\"@id\":\"https:\\\/\\\/finke-colors.eu\\\/fr\\\/global\\\/banniere-de-la-newsletter\\\/#breadcrumb\",\"itemListElement\":[{\"@type\":\"ListItem\",\"position\":1,\"name\":\"Startseite\",\"item\":\"https:\\\/\\\/finke-colors.eu\\\/fr\\\/\"},{\"@type\":\"ListItem\",\"position\":2,\"name\":\"Global\",\"item\":\"https:\\\/\\\/finke-colors.eu\\\/fr\\\/global\\\/\"},{\"@type\":\"ListItem\",\"position\":3,\"name\":\"Banni\u00e8re de la newsletter\"}]},{\"@type\":\"WebSite\",\"@id\":\"https:\\\/\\\/finke-colors.eu\\\/fr\\\/#website\",\"url\":\"https:\\\/\\\/finke-colors.eu\\\/fr\\\/\",\"name\":\"Finke Colors GmbH\",\"description\":\"Industrielle Farbe f\u00fcr Kunststoffe\",\"potentialAction\":[{\"@type\":\"SearchAction\",\"target\":{\"@type\":\"EntryPoint\",\"urlTemplate\":\"https:\\\/\\\/finke-colors.eu\\\/fr\\\/?s={search_term_string}\"},\"query-input\":{\"@type\":\"PropertyValueSpecification\",\"valueRequired\":true,\"valueName\":\"search_term_string\"}}],\"inLanguage\":\"fr-FR\"}]}<\/script>\n<!-- \/ Yoast SEO plugin. -->","yoast_head_json":{"title":"Banni\u00e8re de la newsletter - Finke Colors GmbH","robots":{"index":"index","follow":"follow","max-snippet":"max-snippet:-1","max-image-preview":"max-image-preview:large","max-video-preview":"max-video-preview:-1"},"canonical":"https:\/\/finke-colors.eu\/fr\/global\/banniere-de-la-newsletter\/","og_locale":"fr_FR","og_type":"article","og_title":"Banni\u00e8re de la newsletter - Finke Colors GmbH","og_url":"https:\/\/finke-colors.eu\/fr\/global\/banniere-de-la-newsletter\/","og_site_name":"Finke Colors GmbH","article_modified_time":"2022-08-26T09:26:00+00:00","twitter_card":"summary_large_image","twitter_misc":{"Dur\u00e9e de lecture estim\u00e9e":"4 minutes"},"schema":{"@context":"https:\/\/schema.org","@graph":[{"@type":"WebPage","@id":"https:\/\/finke-colors.eu\/fr\/global\/banniere-de-la-newsletter\/","url":"https:\/\/finke-colors.eu\/fr\/global\/banniere-de-la-newsletter\/","name":"Banni\u00e8re de la newsletter - Finke Colors GmbH","isPartOf":{"@id":"https:\/\/finke-colors.eu\/fr\/#website"},"datePublished":"2022-08-25T10:17:08+00:00","dateModified":"2022-08-26T09:26:00+00:00","breadcrumb":{"@id":"https:\/\/finke-colors.eu\/fr\/global\/banniere-de-la-newsletter\/#breadcrumb"},"inLanguage":"fr-FR","potentialAction":[{"@type":"ReadAction","target":["https:\/\/finke-colors.eu\/fr\/global\/banniere-de-la-newsletter\/"]}]},{"@type":"BreadcrumbList","@id":"https:\/\/finke-colors.eu\/fr\/global\/banniere-de-la-newsletter\/#breadcrumb","itemListElement":[{"@type":"ListItem","position":1,"name":"Startseite","item":"https:\/\/finke-colors.eu\/fr\/"},{"@type":"ListItem","position":2,"name":"Global","item":"https:\/\/finke-colors.eu\/fr\/global\/"},{"@type":"ListItem","position":3,"name":"Banni\u00e8re de la newsletter"}]},{"@type":"WebSite","@id":"https:\/\/finke-colors.eu\/fr\/#website","url":"https:\/\/finke-colors.eu\/fr\/","name":"Finke Colors GmbH","description":"Industrielle Farbe f\u00fcr Kunststoffe","potentialAction":[{"@type":"SearchAction","target":{"@type":"EntryPoint","urlTemplate":"https:\/\/finke-colors.eu\/fr\/?s={search_term_string}"},"query-input":{"@type":"PropertyValueSpecification","valueRequired":true,"valueName":"search_term_string"}}],"inLanguage":"fr-FR"}]}},"_links":{"self":[{"href":"https:\/\/finke-colors.eu\/fr\/wp-json\/wp\/v2\/pages\/2423","targetHints":{"allow":["GET"]}}],"collection":[{"href":"https:\/\/finke-colors.eu\/fr\/wp-json\/wp\/v2\/pages"}],"about":[{"href":"https:\/\/finke-colors.eu\/fr\/wp-json\/wp\/v2\/types\/page"}],"author":[{"embeddable":true,"href":"https:\/\/finke-colors.eu\/fr\/wp-json\/wp\/v2\/users\/1"}],"replies":[{"embeddable":true,"href":"https:\/\/finke-colors.eu\/fr\/wp-json\/wp\/v2\/comments?post=2423"}],"version-history":[{"count":10,"href":"https:\/\/finke-colors.eu\/fr\/wp-json\/wp\/v2\/pages\/2423\/revisions"}],"predecessor-version":[{"id":3433,"href":"https:\/\/finke-colors.eu\/fr\/wp-json\/wp\/v2\/pages\/2423\/revisions\/3433"}],"up":[{"embeddable":true,"href":"https:\/\/finke-colors.eu\/fr\/wp-json\/wp\/v2\/pages\/2339"}],"wp:attachment":[{"href":"https:\/\/finke-colors.eu\/fr\/wp-json\/wp\/v2\/media?parent=2423"}],"wp:term":[{"taxonomy":"wf_page_folders","embeddable":true,"href":"https:\/\/finke-colors.eu\/fr\/wp-json\/wp\/v2\/wf_page_folders?post=2423"}],"curies":[{"name":"wp","href":"https:\/\/api.w.org\/{rel}","templated":true}]}}